{"id":12694,"date":"2021-12-14T08:48:15","date_gmt":"2021-12-14T07:48:15","guid":{"rendered":"http:\/\/www.asa-innovation.com\/?page_id=12694"},"modified":"2023-07-20T09:36:28","modified_gmt":"2023-07-20T07:36:28","slug":"refroidisseurs-dhuile-air","status":"publish","type":"page","link":"https:\/\/www.asa-innovation.com\/fr\/systemes-thermiques\/refroidisseurs-dhuile-air\/","title":{"rendered":"Refroidisseurs d&rsquo;huile\/air"},"content":{"rendered":"\n<p><span lang=\"FR\">Nos refroidisseurs innovants \u00e0 plaques et barres refroidis par air sont fiables, \u00e9conomiques et durables. Caract\u00e9ris\u00e9s par des performances de refroidissement \u00e9lev\u00e9es et une faible perte de charge, les refroidisseurs huile-air d&rsquo;asa peuvent fonctionner avec des d\u00e9bits allant jusqu&rsquo;\u00e0 800 lpm. Ils conviennent \u00e0 divers circuits hydrauliques et aux applications les plus exigeantes, notamment les \u00e9quipements de levage, les engins de chantier, les v\u00e9hicules agricoles et les \u00e9quipements miniers, pour n&rsquo;en citer que quelques-uns. <\/span><span lang=\"EN-US\">Cliquez simplement ici pour en savoir plus.<\/span><\/p>\n","protected":false},"excerpt":{"rendered":"<p>Nos refroidisseurs innovants \u00e0 plaques et barres refroidis par air sont fiables, \u00e9conomiques et durables. Caract\u00e9ris\u00e9s par des performances de refroidissement \u00e9lev\u00e9es et une faible perte de charge, les refroidisseurs huile-air d&rsquo;asa peuvent fonctionner avec des d\u00e9bits allant jusqu&rsquo;\u00e0 800 lpm. Ils conviennent \u00e0 divers circuits hydrauliques et aux applications les plus exigeantes, notamment les [&hellip;]<\/p>\n","protected":false},"author":2,"featured_media":0,"parent":2647,"menu_order":1,"comment_status":"closed","ping_status":"closed","template":"","meta":{"_expiration-date-status":"","_expiration-date":1690443372,"_expiration-date-type":"draft","_expiration-date-categories":[],"_expiration-date-options":[]},"acf":[],"_links":{"self":[{"href":"https:\/\/www.asa-innovation.com\/fr\/wp-json\/wp\/v2\/pages\/12694"}],"collection":[{"href":"https:\/\/www.asa-innovation.com\/fr\/wp-json\/wp\/v2\/pages"}],"about":[{"href":"https:\/\/www.asa-innovation.com\/fr\/wp-json\/wp\/v2\/types\/page"}],"author":[{"embeddable":true,"href":"https:\/\/www.asa-innovation.com\/fr\/wp-json\/wp\/v2\/users\/2"}],"replies":[{"embeddable":true,"href":"https:\/\/www.asa-innovation.com\/fr\/wp-json\/wp\/v2\/comments?post=12694"}],"version-history":[{"count":2,"href":"https:\/\/www.asa-innovation.com\/fr\/wp-json\/wp\/v2\/pages\/12694\/revisions"}],"predecessor-version":[{"id":12696,"href":"https:\/\/www.asa-innovation.com\/fr\/wp-json\/wp\/v2\/pages\/12694\/revisions\/12696"}],"up":[{"embeddable":true,"href":"https:\/\/www.asa-innovation.com\/fr\/wp-json\/wp\/v2\/pages\/2647"}],"wp:attachment":[{"href":"https:\/\/www.asa-innovation.com\/fr\/wp-json\/wp\/v2\/media?parent=12694"}],"curies":[{"name":"wp","href":"https:\/\/api.w.org\/{rel}","templated":true}]}}