{"id":12737,"date":"2021-12-14T10:11:49","date_gmt":"2021-12-14T09:11:49","guid":{"rendered":"http:\/\/www.asa-innovation.com\/?page_id=12737"},"modified":"2026-01-15T11:29:00","modified_gmt":"2026-01-15T10:29:00","slug":"refroidisseurs-dhuile-eau","status":"publish","type":"page","link":"https:\/\/www.asa-innovation.com\/fr\/systemes-thermiques\/refroidisseurs-dhuile-eau\/","title":{"rendered":"Refroidisseurs d&rsquo;huile\/eau"},"content":{"rendered":"\n<p style=\"text-align: justify;\">Refroidissement de l&rsquo;huile avec un circuit de refroidissement par eau est un moyen tr\u00e8s efficace pour r\u00e9aliser des applications \u00e0 forte charge thermique ou dans des conditions ambiantes difficiles. Nos produits et solutions offrent diverses options de mat\u00e9riaux adapt\u00e9s \u00e0 toutes les applications. Les constructeurs navals, les exploitants d&rsquo;usines chimiques et bien d&rsquo;autres appr\u00e9cient les conseils techniques et le service ainsi que nos produits durables et r\u00e9sistants.<\/p>\n","protected":false},"excerpt":{"rendered":"<p>Refroidissement de l&rsquo;huile avec un circuit de refroidissement par eau est un moyen tr\u00e8s efficace pour r\u00e9aliser des applications \u00e0 forte charge thermique ou dans des conditions ambiantes difficiles. Nos produits et solutions offrent diverses options de mat\u00e9riaux adapt\u00e9s \u00e0 toutes les applications. Les constructeurs navals, les exploitants d&rsquo;usines chimiques et bien d&rsquo;autres appr\u00e9cient les [&hellip;]<\/p>\n","protected":false},"author":2,"featured_media":0,"parent":2647,"menu_order":2,"comment_status":"closed","ping_status":"closed","template":"","meta":{"_expiration-date-status":"","_expiration-date":0,"_expiration-date-type":"","_expiration-date-categories":[],"_expiration-date-options":[]},"acf":[],"_links":{"self":[{"href":"https:\/\/www.asa-innovation.com\/fr\/wp-json\/wp\/v2\/pages\/12737"}],"collection":[{"href":"https:\/\/www.asa-innovation.com\/fr\/wp-json\/wp\/v2\/pages"}],"about":[{"href":"https:\/\/www.asa-innovation.com\/fr\/wp-json\/wp\/v2\/types\/page"}],"author":[{"embeddable":true,"href":"https:\/\/www.asa-innovation.com\/fr\/wp-json\/wp\/v2\/users\/2"}],"replies":[{"embeddable":true,"href":"https:\/\/www.asa-innovation.com\/fr\/wp-json\/wp\/v2\/comments?post=12737"}],"version-history":[{"count":9,"href":"https:\/\/www.asa-innovation.com\/fr\/wp-json\/wp\/v2\/pages\/12737\/revisions"}],"predecessor-version":[{"id":37022,"href":"https:\/\/www.asa-innovation.com\/fr\/wp-json\/wp\/v2\/pages\/12737\/revisions\/37022"}],"up":[{"embeddable":true,"href":"https:\/\/www.asa-innovation.com\/fr\/wp-json\/wp\/v2\/pages\/2647"}],"wp:attachment":[{"href":"https:\/\/www.asa-innovation.com\/fr\/wp-json\/wp\/v2\/media?parent=12737"}],"curies":[{"name":"wp","href":"https:\/\/api.w.org\/{rel}","templated":true}]}}