{"id":12740,"date":"2021-12-14T10:28:20","date_gmt":"2021-12-14T09:28:20","guid":{"rendered":"http:\/\/www.asa-innovation.com\/?page_id=12740"},"modified":"2022-01-24T13:52:40","modified_gmt":"2022-01-24T12:52:40","slug":"refroidisseurs-hors-ligne","status":"publish","type":"page","link":"https:\/\/www.asa-innovation.com\/fr\/systemes-thermiques\/refroidisseurs-hors-ligne\/","title":{"rendered":"Refroidisseurs hors ligne"},"content":{"rendered":"\n<p>En fonction de l&rsquo;application, nous recommandons nos solutions de refroidissement hors ligne pour une meilleure maintenance de l&rsquo;huile en dehors de l&rsquo;hydraulique de travail. Nous proposons des syst\u00e8mes refroidis par air de mani\u00e8re compacte avec une combinaison moteur\/pompe et refroidisseur, mais \u00e9galement des unit\u00e9s de refroidissement et de moteur\/pompe s\u00e9par\u00e9es. Nos produits refroidis \u00e0 l&rsquo;eau peuvent \u00eatre livr\u00e9s avec des \u00e9changeurs de chaleur \u00e0 plaques \u00e0 haut rendement ou nos \u00e9changeurs de chaleur \u00e0 coques tubulaires polyvalents pour les environnements et fluides difficiles<\/p>\n","protected":false},"excerpt":{"rendered":"<p>En fonction de l&rsquo;application, nous recommandons nos solutions de refroidissement hors ligne pour une meilleure maintenance de l&rsquo;huile en dehors de l&rsquo;hydraulique de travail. Nous proposons des syst\u00e8mes refroidis par air de mani\u00e8re compacte avec une combinaison moteur\/pompe et refroidisseur, mais \u00e9galement des unit\u00e9s de refroidissement et de moteur\/pompe s\u00e9par\u00e9es. Nos produits refroidis \u00e0 l&rsquo;eau [&hellip;]<\/p>\n","protected":false},"author":2,"featured_media":0,"parent":2647,"menu_order":3,"comment_status":"closed","ping_status":"closed","template":"","meta":{"_expiration-date-status":"saved","_expiration-date":0,"_expiration-date-type":"","_expiration-date-categories":[],"_expiration-date-options":[]},"acf":[],"_links":{"self":[{"href":"https:\/\/www.asa-innovation.com\/fr\/wp-json\/wp\/v2\/pages\/12740"}],"collection":[{"href":"https:\/\/www.asa-innovation.com\/fr\/wp-json\/wp\/v2\/pages"}],"about":[{"href":"https:\/\/www.asa-innovation.com\/fr\/wp-json\/wp\/v2\/types\/page"}],"author":[{"embeddable":true,"href":"https:\/\/www.asa-innovation.com\/fr\/wp-json\/wp\/v2\/users\/2"}],"replies":[{"embeddable":true,"href":"https:\/\/www.asa-innovation.com\/fr\/wp-json\/wp\/v2\/comments?post=12740"}],"version-history":[{"count":5,"href":"https:\/\/www.asa-innovation.com\/fr\/wp-json\/wp\/v2\/pages\/12740\/revisions"}],"predecessor-version":[{"id":13082,"href":"https:\/\/www.asa-innovation.com\/fr\/wp-json\/wp\/v2\/pages\/12740\/revisions\/13082"}],"up":[{"embeddable":true,"href":"https:\/\/www.asa-innovation.com\/fr\/wp-json\/wp\/v2\/pages\/2647"}],"wp:attachment":[{"href":"https:\/\/www.asa-innovation.com\/fr\/wp-json\/wp\/v2\/media?parent=12740"}],"curies":[{"name":"wp","href":"https:\/\/api.w.org\/{rel}","templated":true}]}}