{"id":12766,"date":"2021-12-14T11:05:05","date_gmt":"2021-12-14T10:05:05","guid":{"rendered":"http:\/\/www.asa-innovation.com\/?page_id=12766"},"modified":"2024-09-19T11:58:05","modified_gmt":"2024-09-19T09:58:05","slug":"refroidisseurs-dhuile-eau-air","status":"publish","type":"page","link":"https:\/\/www.asa-innovation.com\/fr\/systemes-thermiques\/refroidisseurs-dhuile-eau-air\/","title":{"rendered":"Refroidisseurs d&rsquo;huile\/eau\/air"},"content":{"rendered":"\n<p>Nous proposons des solutions compl\u00e8tes pour maintenir l&rsquo;air de suralimentation, l&rsquo;air comprim\u00e9, l&rsquo;eau du moteur, ainsi que des combinaisons avec huile pour engrenages, d&rsquo;huile de compresseur ou d&rsquo;huile hydraulique. Notre support est effectu\u00e9 \u00e0 100% par le groupe, y compris les simulations de dynamique des fluides, le logiciel de dimensionnement, la v\u00e9rification avec le centre d&rsquo;essais en soufflerie et la conception et la production de ventilateurs. Veuillez nous contacter avec vos exigences sp\u00e9cifiques et utiliser nos avantages de calcul et de v\u00e9rification r\u00e9alistes. Voir asa-innovation.com pour plus d&rsquo;informations.<\/p>\n","protected":false},"excerpt":{"rendered":"<p>Nous proposons des solutions compl\u00e8tes pour maintenir l&rsquo;air de suralimentation, l&rsquo;air comprim\u00e9, l&rsquo;eau du moteur, ainsi que des combinaisons avec huile pour engrenages, d&rsquo;huile de compresseur ou d&rsquo;huile hydraulique. Notre support est effectu\u00e9 \u00e0 100% par le groupe, y compris les simulations de dynamique des fluides, le logiciel de dimensionnement, la v\u00e9rification avec le centre [&hellip;]<\/p>\n","protected":false},"author":2,"featured_media":0,"parent":2647,"menu_order":4,"comment_status":"closed","ping_status":"closed","template":"","meta":{"_expiration-date-status":"","_expiration-date":1727344628,"_expiration-date-type":"draft","_expiration-date-categories":[],"_expiration-date-options":[]},"acf":[],"_links":{"self":[{"href":"https:\/\/www.asa-innovation.com\/fr\/wp-json\/wp\/v2\/pages\/12766"}],"collection":[{"href":"https:\/\/www.asa-innovation.com\/fr\/wp-json\/wp\/v2\/pages"}],"about":[{"href":"https:\/\/www.asa-innovation.com\/fr\/wp-json\/wp\/v2\/types\/page"}],"author":[{"embeddable":true,"href":"https:\/\/www.asa-innovation.com\/fr\/wp-json\/wp\/v2\/users\/2"}],"replies":[{"embeddable":true,"href":"https:\/\/www.asa-innovation.com\/fr\/wp-json\/wp\/v2\/comments?post=12766"}],"version-history":[{"count":6,"href":"https:\/\/www.asa-innovation.com\/fr\/wp-json\/wp\/v2\/pages\/12766\/revisions"}],"predecessor-version":[{"id":18588,"href":"https:\/\/www.asa-innovation.com\/fr\/wp-json\/wp\/v2\/pages\/12766\/revisions\/18588"}],"up":[{"embeddable":true,"href":"https:\/\/www.asa-innovation.com\/fr\/wp-json\/wp\/v2\/pages\/2647"}],"wp:attachment":[{"href":"https:\/\/www.asa-innovation.com\/fr\/wp-json\/wp\/v2\/media?parent=12766"}],"curies":[{"name":"wp","href":"https:\/\/api.w.org\/{rel}","templated":true}]}}