{"id":12776,"date":"2021-12-14T11:22:09","date_gmt":"2021-12-14T10:22:09","guid":{"rendered":"http:\/\/www.asa-innovation.com\/?page_id=12776"},"modified":"2025-10-30T12:52:43","modified_gmt":"2025-10-30T11:52:43","slug":"eco-11-ft","status":"publish","type":"page","link":"https:\/\/www.asa-innovation.com\/fr\/systemes-thermiques\/refroidisseurs-dhuile-air\/gamme-reservoir-filtre-refroidisseur\/eco-11-ft\/","title":{"rendered":"ECO-exchanger FT11"},"content":{"rendered":"\n<p>Les malaxeurs \u00e0 b\u00e9ton sont utilis\u00e9s dans des applications exigeantes qui entra\u00eenent des charges thermiques \u00e9lev\u00e9es et n\u00e9cessitent des refroidisseurs d&rsquo;huile efficaces. L&rsquo;asa ECO 11 FT est une unit\u00e9 d&rsquo;\u00e9change de chaleur refroidie par air int\u00e9gr\u00e9e compos\u00e9e d&rsquo;un radiateur asa avec r\u00e9servoir, d&rsquo;un filtre d&rsquo;aspiration et d&rsquo;un ventilateur de haute qualit\u00e9, ainsi que de composants \u00e9lectroniques suppl\u00e9mentaires sp\u00e9cialement con\u00e7us pour obtenir les meilleures performances de refroidissement \u00e0 tout moment.<\/p>\n","protected":false},"excerpt":{"rendered":"<p>Les malaxeurs \u00e0 b\u00e9ton sont utilis\u00e9s dans des applications exigeantes qui entra\u00eenent des charges thermiques \u00e9lev\u00e9es et n\u00e9cessitent des refroidisseurs d&rsquo;huile efficaces. L&rsquo;asa ECO 11 FT est une unit\u00e9 d&rsquo;\u00e9change de chaleur refroidie par air int\u00e9gr\u00e9e compos\u00e9e d&rsquo;un radiateur asa avec r\u00e9servoir, d&rsquo;un filtre d&rsquo;aspiration et d&rsquo;un ventilateur de haute qualit\u00e9, ainsi que de composants [&hellip;]<\/p>\n","protected":false},"author":2,"featured_media":0,"parent":2701,"menu_order":0,"comment_status":"closed","ping_status":"closed","template":"","meta":{"_expiration-date-status":"","_expiration-date":1762429890,"_expiration-date-type":"draft","_expiration-date-categories":[],"_expiration-date-options":[]},"acf":[],"_links":{"self":[{"href":"https:\/\/www.asa-innovation.com\/fr\/wp-json\/wp\/v2\/pages\/12776"}],"collection":[{"href":"https:\/\/www.asa-innovation.com\/fr\/wp-json\/wp\/v2\/pages"}],"about":[{"href":"https:\/\/www.asa-innovation.com\/fr\/wp-json\/wp\/v2\/types\/page"}],"author":[{"embeddable":true,"href":"https:\/\/www.asa-innovation.com\/fr\/wp-json\/wp\/v2\/users\/2"}],"replies":[{"embeddable":true,"href":"https:\/\/www.asa-innovation.com\/fr\/wp-json\/wp\/v2\/comments?post=12776"}],"version-history":[{"count":6,"href":"https:\/\/www.asa-innovation.com\/fr\/wp-json\/wp\/v2\/pages\/12776\/revisions"}],"predecessor-version":[{"id":36764,"href":"https:\/\/www.asa-innovation.com\/fr\/wp-json\/wp\/v2\/pages\/12776\/revisions\/36764"}],"up":[{"embeddable":true,"href":"https:\/\/www.asa-innovation.com\/fr\/wp-json\/wp\/v2\/pages\/2701"}],"wp:attachment":[{"href":"https:\/\/www.asa-innovation.com\/fr\/wp-json\/wp\/v2\/media?parent=12776"}],"curies":[{"name":"wp","href":"https:\/\/api.w.org\/{rel}","templated":true}]}}