{"id":12805,"date":"2021-12-14T13:08:02","date_gmt":"2021-12-14T12:08:02","guid":{"rendered":"http:\/\/www.asa-innovation.com\/?page_id=12805"},"modified":"2024-11-20T07:25:39","modified_gmt":"2024-11-20T06:25:39","slug":"pompe-a-eau-centrifuge","status":"publish","type":"page","link":"https:\/\/www.asa-innovation.com\/fr\/controle-des-fluides\/pompe-a-eau-centrifuge\/","title":{"rendered":"Pompe \u00e0 eau centrifuge"},"content":{"rendered":"\n<p>Cette unit\u00e9 moteur\/pompe est principalement con\u00e7ue pour cr\u00e9er des circuits de refroidissement compacts et \u00e9conomiques pour les appareils \u00e9lectriques tels que les blocs-batteries, les moteurs \u00e9lectriques et l&rsquo;\u00e9lectronique de puissance comme les convertisseurs.<\/p>\n","protected":false},"excerpt":{"rendered":"<p>Cette unit\u00e9 moteur\/pompe est principalement con\u00e7ue pour cr\u00e9er des circuits de refroidissement compacts et \u00e9conomiques pour les appareils \u00e9lectriques tels que les blocs-batteries, les moteurs \u00e9lectriques et l&rsquo;\u00e9lectronique de puissance comme les convertisseurs.<\/p>\n","protected":false},"author":2,"featured_media":0,"parent":2758,"menu_order":0,"comment_status":"closed","ping_status":"closed","template":"","meta":{"_expiration-date-status":"","_expiration-date":0,"_expiration-date-type":"","_expiration-date-categories":[],"_expiration-date-options":[]},"acf":[],"_links":{"self":[{"href":"https:\/\/www.asa-innovation.com\/fr\/wp-json\/wp\/v2\/pages\/12805"}],"collection":[{"href":"https:\/\/www.asa-innovation.com\/fr\/wp-json\/wp\/v2\/pages"}],"about":[{"href":"https:\/\/www.asa-innovation.com\/fr\/wp-json\/wp\/v2\/types\/page"}],"author":[{"embeddable":true,"href":"https:\/\/www.asa-innovation.com\/fr\/wp-json\/wp\/v2\/users\/2"}],"replies":[{"embeddable":true,"href":"https:\/\/www.asa-innovation.com\/fr\/wp-json\/wp\/v2\/comments?post=12805"}],"version-history":[{"count":11,"href":"https:\/\/www.asa-innovation.com\/fr\/wp-json\/wp\/v2\/pages\/12805\/revisions"}],"predecessor-version":[{"id":19477,"href":"https:\/\/www.asa-innovation.com\/fr\/wp-json\/wp\/v2\/pages\/12805\/revisions\/19477"}],"up":[{"embeddable":true,"href":"https:\/\/www.asa-innovation.com\/fr\/wp-json\/wp\/v2\/pages\/2758"}],"wp:attachment":[{"href":"https:\/\/www.asa-innovation.com\/fr\/wp-json\/wp\/v2\/media?parent=12805"}],"curies":[{"name":"wp","href":"https:\/\/api.w.org\/{rel}","templated":true}]}}