{"id":12816,"date":"2021-12-14T13:47:34","date_gmt":"2021-12-14T12:47:34","guid":{"rendered":"http:\/\/www.asa-innovation.com\/?page_id=12816"},"modified":"2021-12-15T10:11:01","modified_gmt":"2021-12-15T09:11:01","slug":"ligne-daspiration","status":"publish","type":"page","link":"https:\/\/www.asa-innovation.com\/fr\/technologies-de-connexion\/ligne-daspiration\/","title":{"rendered":"Ligne d&rsquo;aspiration"},"content":{"rendered":"\n<p>L&rsquo;unit\u00e9 d&rsquo;aspiration asa a \u00e9t\u00e9 d\u00e9velopp\u00e9e pour fournir une unit\u00e9 compacte dans les syst\u00e8mes hydrauliques. La bride papillon asa avec raccords SAE permet la combinaison avec un \u00e9l\u00e9ment \u00e9lastique (compensateur en caoutchouc) pour r\u00e9aliser un raccord compensatoire court et \u00e9conomique avec l&rsquo;orifice de la pompe. L&rsquo;unit\u00e9 d&rsquo;aspiration asa est viss\u00e9e \u00e0 la bride d&rsquo;adaptation asa, qui est soud\u00e9e au r\u00e9servoir. En raison des faibles co\u00fbts d&rsquo;installation et de la conception compacte, l&rsquo;achat d&rsquo;unit\u00e9s d&rsquo;aspiration asa est rentable. Un interrupteur (m\u00e9canique ou inductif) peut \u00eatre mont\u00e9 sur le bloc standard pour la surveillance des defauts.<\/p>\n","protected":false},"excerpt":{"rendered":"<p>L&rsquo;unit\u00e9 d&rsquo;aspiration asa a \u00e9t\u00e9 d\u00e9velopp\u00e9e pour fournir une unit\u00e9 compacte dans les syst\u00e8mes hydrauliques. La bride papillon asa avec raccords SAE permet la combinaison avec un \u00e9l\u00e9ment \u00e9lastique (compensateur en caoutchouc) pour r\u00e9aliser un raccord compensatoire court et \u00e9conomique avec l&rsquo;orifice de la pompe. L&rsquo;unit\u00e9 d&rsquo;aspiration asa est viss\u00e9e \u00e0 la bride d&rsquo;adaptation asa, [&hellip;]<\/p>\n","protected":false},"author":2,"featured_media":0,"parent":2714,"menu_order":2,"comment_status":"closed","ping_status":"closed","template":"","meta":{"_expiration-date-status":"saved","_expiration-date":0,"_expiration-date-type":"","_expiration-date-categories":[],"_expiration-date-options":[]},"acf":[],"_links":{"self":[{"href":"https:\/\/www.asa-innovation.com\/fr\/wp-json\/wp\/v2\/pages\/12816"}],"collection":[{"href":"https:\/\/www.asa-innovation.com\/fr\/wp-json\/wp\/v2\/pages"}],"about":[{"href":"https:\/\/www.asa-innovation.com\/fr\/wp-json\/wp\/v2\/types\/page"}],"author":[{"embeddable":true,"href":"https:\/\/www.asa-innovation.com\/fr\/wp-json\/wp\/v2\/users\/2"}],"replies":[{"embeddable":true,"href":"https:\/\/www.asa-innovation.com\/fr\/wp-json\/wp\/v2\/comments?post=12816"}],"version-history":[{"count":5,"href":"https:\/\/www.asa-innovation.com\/fr\/wp-json\/wp\/v2\/pages\/12816\/revisions"}],"predecessor-version":[{"id":12871,"href":"https:\/\/www.asa-innovation.com\/fr\/wp-json\/wp\/v2\/pages\/12816\/revisions\/12871"}],"up":[{"embeddable":true,"href":"https:\/\/www.asa-innovation.com\/fr\/wp-json\/wp\/v2\/pages\/2714"}],"wp:attachment":[{"href":"https:\/\/www.asa-innovation.com\/fr\/wp-json\/wp\/v2\/media?parent=12816"}],"curies":[{"name":"wp","href":"https:\/\/api.w.org\/{rel}","templated":true}]}}