{"id":12867,"date":"2021-12-15T10:09:27","date_gmt":"2021-12-15T09:09:27","guid":{"rendered":"http:\/\/www.asa-innovation.com\/?page_id=12867"},"modified":"2024-08-27T11:49:38","modified_gmt":"2024-08-27T09:49:38","slug":"adaptateur-bride","status":"publish","type":"page","link":"https:\/\/www.asa-innovation.com\/fr\/technologies-de-connexion\/ligne-daspiration\/adaptateur-bride\/","title":{"rendered":"Adaptateur Bride"},"content":{"rendered":"\n<p>L&rsquo;unit\u00e9 d&rsquo;aspiration asa est viss\u00e9e \u00e0 la bride d&rsquo;adaptation asa, qui est soud\u00e9e au r\u00e9servoir. En raison des faibles co\u00fbts d&rsquo;installation et de la conception compacte, l&rsquo;achat d&rsquo;unit\u00e9s d&rsquo;aspiration asa est rentable.<\/p>\n<p><img decoding=\"async\" loading=\"lazy\" class=\"alignnone size-thumbnail wp-image-1480\" src=\"http:\/\/www.asa-innovation.com\/wp-content\/uploads\/2017\/11\/SDAET080-1-150x150.jpg\" alt=\"\" width=\"150\" height=\"150\" \/><\/p>\n<p><a href=\"http:\/\/www.asa-innovation.com\/wp-content\/uploads\/2024\/08\/DD-SDAET-en-rev5.pdf\" target=\"_blank\" rel=\"noopener\"><strong><span style=\"color: #00a7e3;\">fiche produit<\/span><\/strong><\/a><a href=\"http:\/\/www.asa-innovation.com\/wp-content\/uploads\/2024\/08\/DD-SDAET-en-rev5.pdf\" target=\"_blank\" rel=\"noopener\"><img decoding=\"async\" loading=\"lazy\" class=\"alignnone wp-image-9425 size-thumbnail\" src=\"http:\/\/www.asa-innovation.com\/wp-content\/uploads\/2020\/02\/Download-150x150.jpg\" alt=\"\" width=\"150\" height=\"150\" \/><\/a><\/p>\n","protected":false},"excerpt":{"rendered":"<p>L&rsquo;unit\u00e9 d&rsquo;aspiration asa est viss\u00e9e \u00e0 la bride d&rsquo;adaptation asa, qui est soud\u00e9e au r\u00e9servoir. En raison des faibles co\u00fbts d&rsquo;installation et de la conception compacte, l&rsquo;achat d&rsquo;unit\u00e9s d&rsquo;aspiration asa est rentable. fiche produit<\/p>\n","protected":false},"author":2,"featured_media":0,"parent":12816,"menu_order":4,"comment_status":"closed","ping_status":"closed","template":"","meta":{"_expiration-date-status":"","_expiration-date":0,"_expiration-date-type":"","_expiration-date-categories":[],"_expiration-date-options":[]},"acf":[],"_links":{"self":[{"href":"https:\/\/www.asa-innovation.com\/fr\/wp-json\/wp\/v2\/pages\/12867"}],"collection":[{"href":"https:\/\/www.asa-innovation.com\/fr\/wp-json\/wp\/v2\/pages"}],"about":[{"href":"https:\/\/www.asa-innovation.com\/fr\/wp-json\/wp\/v2\/types\/page"}],"author":[{"embeddable":true,"href":"https:\/\/www.asa-innovation.com\/fr\/wp-json\/wp\/v2\/users\/2"}],"replies":[{"embeddable":true,"href":"https:\/\/www.asa-innovation.com\/fr\/wp-json\/wp\/v2\/comments?post=12867"}],"version-history":[{"count":4,"href":"https:\/\/www.asa-innovation.com\/fr\/wp-json\/wp\/v2\/pages\/12867\/revisions"}],"predecessor-version":[{"id":18246,"href":"https:\/\/www.asa-innovation.com\/fr\/wp-json\/wp\/v2\/pages\/12867\/revisions\/18246"}],"up":[{"embeddable":true,"href":"https:\/\/www.asa-innovation.com\/fr\/wp-json\/wp\/v2\/pages\/12816"}],"wp:attachment":[{"href":"https:\/\/www.asa-innovation.com\/fr\/wp-json\/wp\/v2\/media?parent=12867"}],"curies":[{"name":"wp","href":"https:\/\/api.w.org\/{rel}","templated":true}]}}