{"id":13077,"date":"2022-01-24T13:39:38","date_gmt":"2022-01-24T12:39:38","guid":{"rendered":"http:\/\/www.asa-innovation.com\/?page_id=13077"},"modified":"2023-06-05T13:59:33","modified_gmt":"2023-06-05T11:59:33","slug":"gamme-refroidie-a-leau","status":"publish","type":"page","link":"https:\/\/www.asa-innovation.com\/fr\/systemes-thermiques\/refroidisseurs-hors-ligne\/gamme-refroidie-a-leau\/","title":{"rendered":"Gamme refroidie \u00e0 l&rsquo;eau"},"content":{"rendered":"\n<p>Nos systemes hors ligne refroidis \u00e0 l&rsquo;eau sont concus de mani\u00e8re modulaire pour configurer les produits selon les exigences de l&rsquo;application en termes de performances, de compatibilit\u00e8 des supports et d&rsquo;adaptation aux conditions ambiantes. Nous utilisons notre s\u00e8rie d&rsquo;\u00e8changeurs de chaleur \u00e0 plaques \u00e0 haut rendement ainis que la s\u00e8rie polyvalente d&rsquo;\u00e8changeurs de chaleur \u00e0 tubes tubulaires ST<\/p>\n","protected":false},"excerpt":{"rendered":"<p>Nos systemes hors ligne refroidis \u00e0 l&rsquo;eau sont concus de mani\u00e8re modulaire pour configurer les produits selon les exigences de l&rsquo;application en termes de performances, de compatibilit\u00e8 des supports et d&rsquo;adaptation aux conditions ambiantes. Nous utilisons notre s\u00e8rie d&rsquo;\u00e8changeurs de chaleur \u00e0 plaques \u00e0 haut rendement ainis que la s\u00e8rie polyvalente d&rsquo;\u00e8changeurs de chaleur \u00e0 [&hellip;]<\/p>\n","protected":false},"author":2,"featured_media":0,"parent":12740,"menu_order":2,"comment_status":"closed","ping_status":"closed","template":"","meta":{"_expiration-date-status":"","_expiration-date":1686571149,"_expiration-date-type":"draft","_expiration-date-categories":[],"_expiration-date-options":[]},"acf":[],"_links":{"self":[{"href":"https:\/\/www.asa-innovation.com\/fr\/wp-json\/wp\/v2\/pages\/13077"}],"collection":[{"href":"https:\/\/www.asa-innovation.com\/fr\/wp-json\/wp\/v2\/pages"}],"about":[{"href":"https:\/\/www.asa-innovation.com\/fr\/wp-json\/wp\/v2\/types\/page"}],"author":[{"embeddable":true,"href":"https:\/\/www.asa-innovation.com\/fr\/wp-json\/wp\/v2\/users\/2"}],"replies":[{"embeddable":true,"href":"https:\/\/www.asa-innovation.com\/fr\/wp-json\/wp\/v2\/comments?post=13077"}],"version-history":[{"count":3,"href":"https:\/\/www.asa-innovation.com\/fr\/wp-json\/wp\/v2\/pages\/13077\/revisions"}],"predecessor-version":[{"id":14818,"href":"https:\/\/www.asa-innovation.com\/fr\/wp-json\/wp\/v2\/pages\/13077\/revisions\/14818"}],"up":[{"embeddable":true,"href":"https:\/\/www.asa-innovation.com\/fr\/wp-json\/wp\/v2\/pages\/12740"}],"wp:attachment":[{"href":"https:\/\/www.asa-innovation.com\/fr\/wp-json\/wp\/v2\/media?parent=13077"}],"curies":[{"name":"wp","href":"https:\/\/api.w.org\/{rel}","templated":true}]}}