{"id":16354,"date":"2024-01-24T13:35:09","date_gmt":"2024-01-24T12:35:09","guid":{"rendered":"https:\/\/www.asa-innovation.com\/?page_id=16354"},"modified":"2024-01-25T13:24:44","modified_gmt":"2024-01-25T12:24:44","slug":"junior-senior-key-account-manager","status":"publish","type":"page","link":"https:\/\/www.asa-innovation.com\/fr\/junior-senior-key-account-manager\/","title":{"rendered":"<strong>Junior\/Senior Key Account Manager<\/strong>"},"content":{"rendered":"\n<p><strong>France \u2013 temps plein (tous sexes confondus)<\/strong><\/p>\n\n\n\n<h3><strong>Vos t\u00e2ches:<\/strong><\/h3>\n<h4>\u00a0<\/h4>\n<ul style=\"list-style-type: square;\">\n<li>Servir d&rsquo;interface fiable entre les clients et les services internes, avec l&rsquo;expertise technique et commerciale necessaire<\/li>\n<li>Soutien \u00e0 la client\u00e8le et d\u00e9veloppement ult\u00e9rieur<\/li>\n<li>Cibler de nouveaux clients<\/li>\n<li>Pr\u00e9parer des offres professionnelles et expliquer avec comp\u00e9tence leurs aspects techniques et commerciaux aux clients<\/li>\n<li>Mener les n\u00e9gociations avec les clients en coordination avec le directeur g\u00e9n\u00e9ral et le directeur technique.<\/li>\n<\/ul>\n<p>\u00a0<\/p>\n<h3>Votre profil:<\/h3>\n<h4>\u00a0<\/h4>\n<ul style=\"list-style-type: square;\">\n<li>Enseignement technique (g\u00e9nie m\u00e9canique, technologies du froid, hydraulique, m\u00e9catronique, etc.)<\/li>\n<li>Affinit\u00e9 technique et enthousiasme pour les syst\u00e8mes de refroidissement\/transfert de chaleur<\/li>\n<li>Travail ind\u00e9pendant et responsable avec un esprit d&rsquo;\u00e9quipe<\/li>\n<li>Solides comp\u00e9tences en mati\u00e8re de communication interculturelle<\/li>\n<li>Bien organis\u00e9, communicatif et fiable<\/li>\n<li>Francais et Anglais courant<\/li>\n<li>Disposition \u00e0 voyager<\/li>\n<li>Forte mentalit\u00e9 pratique avec un mode de travail proactif et orient\u00e9 vers le client.<\/li>\n<li>R\u00e9seau dans l&rsquo;environnement client de l&rsquo;avantage<\/li>\n<\/ul>\n<p>\u00a0<\/p>\n<h3>Notre offre:<\/h3>\n<h4>\u00a0<\/h4>\n<ul style=\"list-style-type: square;\">\n<li>Collaboration \u00e0 long terme avec un leader technologique international r\u00e9put\u00e9<\/li>\n<li>Un travail passionnant dans une entreprise financi\u00e8rement stable et tourn\u00e9e vers l&rsquo;avenir<\/li>\n<li>R\u00e9mun\u00e9ration en fonction du type de collaboration et de l&rsquo;exp\u00e9rience professionnelle<\/li>\n<li>Avantages li\u00e9s \u00e0 la performance<\/li>\n<li>Voiture de fonction \u00e9galement utilis\u00e9e \u00e0 des fins priv\u00e9es<\/li>\n<\/ul>\n<p>\u00a0<\/p>\n<p><a href=\"mailto:personal@asahydraulik.com\"> <span class=\"fontstyle0\">personal@asahydraulik.com<\/span><\/a> <\/p>\n<p>\u00a0<\/p>\n<p>asa technology Produktions- und Vertriebs GmbH<br \/>Prager Stra\u00dfe 280<br \/>1210 Wien<br \/><a href=\"https:\/\/www.asa-innovation.com\/\"><strong>www.asa-innovation.com<\/strong><\/a><strong><br \/><\/strong><a href=\"https:\/\/www.asahydraulik.com\/\"><strong>www.asahydraulik.com<\/strong><\/a><\/p>\n<p>\u00a0<\/p>\n","protected":false},"excerpt":{"rendered":"<p>France \u2013 temps plein (tous sexes confondus) Vos t\u00e2ches: \u00a0 Servir d&rsquo;interface fiable entre les clients et les services internes, avec l&rsquo;expertise technique et commerciale necessaire Soutien \u00e0 la client\u00e8le et d\u00e9veloppement ult\u00e9rieur Cibler de nouveaux clients Pr\u00e9parer des offres professionnelles et expliquer avec comp\u00e9tence leurs aspects techniques et commerciaux aux clients Mener les n\u00e9gociations [&hellip;]<\/p>\n","protected":false},"author":2,"featured_media":0,"parent":0,"menu_order":0,"comment_status":"closed","ping_status":"closed","template":"","meta":{"_expiration-date-status":"","_expiration-date":1706790102,"_expiration-date-type":"draft","_expiration-date-categories":[],"_expiration-date-options":[]},"acf":[],"_links":{"self":[{"href":"https:\/\/www.asa-innovation.com\/fr\/wp-json\/wp\/v2\/pages\/16354"}],"collection":[{"href":"https:\/\/www.asa-innovation.com\/fr\/wp-json\/wp\/v2\/pages"}],"about":[{"href":"https:\/\/www.asa-innovation.com\/fr\/wp-json\/wp\/v2\/types\/page"}],"author":[{"embeddable":true,"href":"https:\/\/www.asa-innovation.com\/fr\/wp-json\/wp\/v2\/users\/2"}],"replies":[{"embeddable":true,"href":"https:\/\/www.asa-innovation.com\/fr\/wp-json\/wp\/v2\/comments?post=16354"}],"version-history":[{"count":3,"href":"https:\/\/www.asa-innovation.com\/fr\/wp-json\/wp\/v2\/pages\/16354\/revisions"}],"predecessor-version":[{"id":16381,"href":"https:\/\/www.asa-innovation.com\/fr\/wp-json\/wp\/v2\/pages\/16354\/revisions\/16381"}],"wp:attachment":[{"href":"https:\/\/www.asa-innovation.com\/fr\/wp-json\/wp\/v2\/media?parent=16354"}],"curies":[{"name":"wp","href":"https:\/\/api.w.org\/{rel}","templated":true}]}}