{"id":2634,"date":"2017-01-27T10:28:30","date_gmt":"2017-01-27T09:28:30","guid":{"rendered":"http:\/\/www.asa-innovation.com\/contact\/"},"modified":"2024-02-26T10:54:37","modified_gmt":"2024-02-26T09:54:37","slug":"contact","status":"publish","type":"page","link":"https:\/\/www.asa-innovation.com\/fr\/contact\/","title":{"rendered":"Contact"},"content":{"rendered":"<p><strong><span style=\"font-family: verdana, geneva, sans-serif;\">Communication interne<\/span><\/strong><\/p>\n<p><span style=\"font-family: verdana, geneva, sans-serif;\">Veuillez nous contacter pour plus d\u2019informations ou si vous ne trouvez pas le produit recherch\u00e9. Notre \u00e9quipe est disponible pour vous assister pour toute requ\u00eate et d\u00e9veloppement d\u2019une solution adapt\u00e9e.<\/span><\/p>\n","protected":false},"excerpt":{"rendered":"<p>Communication interne Veuillez nous contacter pour plus d\u2019informations ou si vous ne trouvez pas le produit recherch\u00e9. Notre \u00e9quipe est disponible pour vous assister pour toute requ\u00eate et d\u00e9veloppement d\u2019une solution adapt\u00e9e.<\/p>\n","protected":false},"author":1,"featured_media":0,"parent":0,"menu_order":0,"comment_status":"closed","ping_status":"closed","template":"","meta":{"_expiration-date-status":"","_expiration-date":0,"_expiration-date-type":"","_expiration-date-categories":[],"_expiration-date-options":[]},"acf":[],"_links":{"self":[{"href":"https:\/\/www.asa-innovation.com\/fr\/wp-json\/wp\/v2\/pages\/2634"}],"collection":[{"href":"https:\/\/www.asa-innovation.com\/fr\/wp-json\/wp\/v2\/pages"}],"about":[{"href":"https:\/\/www.asa-innovation.com\/fr\/wp-json\/wp\/v2\/types\/page"}],"author":[{"embeddable":true,"href":"https:\/\/www.asa-innovation.com\/fr\/wp-json\/wp\/v2\/users\/1"}],"replies":[{"embeddable":true,"href":"https:\/\/www.asa-innovation.com\/fr\/wp-json\/wp\/v2\/comments?post=2634"}],"version-history":[{"count":11,"href":"https:\/\/www.asa-innovation.com\/fr\/wp-json\/wp\/v2\/pages\/2634\/revisions"}],"predecessor-version":[{"id":16679,"href":"https:\/\/www.asa-innovation.com\/fr\/wp-json\/wp\/v2\/pages\/2634\/revisions\/16679"}],"wp:attachment":[{"href":"https:\/\/www.asa-innovation.com\/fr\/wp-json\/wp\/v2\/media?parent=2634"}],"curies":[{"name":"wp","href":"https:\/\/api.w.org\/{rel}","templated":true}]}}