{"id":2640,"date":"2017-03-20T11:22:10","date_gmt":"2017-03-20T10:22:10","guid":{"rendered":"http:\/\/www.asa-innovation.com\/be-different-make-a-difference\/"},"modified":"2021-03-16T09:14:48","modified_gmt":"2021-03-16T08:14:48","slug":"be-different-make-a-difference","status":"publish","type":"page","link":"https:\/\/www.asa-innovation.com\/fr\/","title":{"rendered":"be different. <br\/> make a difference."},"content":{"rendered":"\n<p>asa est synonyme de d\u00e9veloppements, d&rsquo;avanc\u00e9es et d&rsquo;innovations qui fonctionnent pour les diverses applications mobiles et stationnaires de nos clients. Pr\u00e8s de 40 ans d&rsquo;exp\u00e9rience dans les syst\u00e8mes thermiques, la connectique et le contr\u00f4le des fluides ont fait de nous un leader mondial des technologies avanc\u00e9es. Notre exp\u00e9rience est source de progr\u00e8s pour garantir des solutions innovantes, une performance constante des produits et leur fiabilit\u00e9.<\/p>\n","protected":false},"excerpt":{"rendered":"<p>asa est synonyme de d\u00e9veloppements, d&rsquo;avanc\u00e9es et d&rsquo;innovations qui fonctionnent pour les diverses applications mobiles et stationnaires de nos clients. Pr\u00e8s de 40 ans d&rsquo;exp\u00e9rience dans les syst\u00e8mes thermiques, la connectique et le contr\u00f4le des fluides ont fait de nous un leader mondial des technologies avanc\u00e9es. Notre exp\u00e9rience est source de progr\u00e8s pour garantir des [&hellip;]<\/p>\n","protected":false},"author":1,"featured_media":287,"parent":0,"menu_order":0,"comment_status":"closed","ping_status":"closed","template":"index.php","meta":{"_expiration-date-status":"saved","_expiration-date":0,"_expiration-date-type":"","_expiration-date-categories":[],"_expiration-date-options":[]},"acf":[],"_links":{"self":[{"href":"https:\/\/www.asa-innovation.com\/fr\/wp-json\/wp\/v2\/pages\/2640"}],"collection":[{"href":"https:\/\/www.asa-innovation.com\/fr\/wp-json\/wp\/v2\/pages"}],"about":[{"href":"https:\/\/www.asa-innovation.com\/fr\/wp-json\/wp\/v2\/types\/page"}],"author":[{"embeddable":true,"href":"https:\/\/www.asa-innovation.com\/fr\/wp-json\/wp\/v2\/users\/1"}],"replies":[{"embeddable":true,"href":"https:\/\/www.asa-innovation.com\/fr\/wp-json\/wp\/v2\/comments?post=2640"}],"version-history":[{"count":5,"href":"https:\/\/www.asa-innovation.com\/fr\/wp-json\/wp\/v2\/pages\/2640\/revisions"}],"predecessor-version":[{"id":12617,"href":"https:\/\/www.asa-innovation.com\/fr\/wp-json\/wp\/v2\/pages\/2640\/revisions\/12617"}],"wp:featuredmedia":[{"embeddable":true,"href":"https:\/\/www.asa-innovation.com\/fr\/wp-json\/wp\/v2\/media\/287"}],"wp:attachment":[{"href":"https:\/\/www.asa-innovation.com\/fr\/wp-json\/wp\/v2\/media?parent=2640"}],"curies":[{"name":"wp","href":"https:\/\/api.w.org\/{rel}","templated":true}]}}