{"id":2649,"date":"2018-08-31T11:20:15","date_gmt":"2018-08-31T09:20:15","guid":{"rendered":"http:\/\/www.asa-innovation.com\/?page_id=2649"},"modified":"2025-03-26T12:49:23","modified_gmt":"2025-03-26T11:49:23","slug":"gammes-standards","status":"publish","type":"page","link":"https:\/\/www.asa-innovation.com\/fr\/systemes-thermiques\/refroidisseurs-dhuile-air\/gammes-standards\/","title":{"rendered":"Gammes standards"},"content":{"rendered":"<p><span style=\"font-family: verdana, geneva, sans-serif;\">La gamme de refroidisseurs standards ASA impose son niveau d\u2019exigence au march\u00e9. Nous offrons des d\u00e9lais de production courts et le programme de refroidisseurs r\u00e9sistants \u00e0 la pression le plus dense du march\u00e9. Nos bypass internes optionnels et nos ailettes r\u00e9sistantes \u00e0 la pollution sont reconnus et sont des atouts incontournables pour nombre d\u2019applications!<\/span><\/p>\n<p><span style=\"font-family: verdana, geneva, sans-serif;\">Pour un gain de temps au montage et r\u00e9duction les risques de pollution du fluide vous pouvez \u00e9galement b\u00e9n\u00e9ficier du syst\u00e8me de brides brevet\u00e9 ASA.<\/span><\/p>\n","protected":false},"excerpt":{"rendered":"<p>La gamme de refroidisseurs standards ASA impose son niveau d\u2019exigence au march\u00e9. Nous offrons des d\u00e9lais de production courts et le programme de refroidisseurs r\u00e9sistants \u00e0 la pression le plus dense du march\u00e9. Nos bypass internes optionnels et nos ailettes r\u00e9sistantes \u00e0 la pollution sont reconnus et sont des atouts incontournables pour nombre d\u2019applications! Pour [&hellip;]<\/p>\n","protected":false},"author":2,"featured_media":0,"parent":12694,"menu_order":1,"comment_status":"closed","ping_status":"closed","template":"","meta":{"_expiration-date-status":"","_expiration-date":0,"_expiration-date-type":"","_expiration-date-categories":[],"_expiration-date-options":[]},"acf":[],"_links":{"self":[{"href":"https:\/\/www.asa-innovation.com\/fr\/wp-json\/wp\/v2\/pages\/2649"}],"collection":[{"href":"https:\/\/www.asa-innovation.com\/fr\/wp-json\/wp\/v2\/pages"}],"about":[{"href":"https:\/\/www.asa-innovation.com\/fr\/wp-json\/wp\/v2\/types\/page"}],"author":[{"embeddable":true,"href":"https:\/\/www.asa-innovation.com\/fr\/wp-json\/wp\/v2\/users\/2"}],"replies":[{"embeddable":true,"href":"https:\/\/www.asa-innovation.com\/fr\/wp-json\/wp\/v2\/comments?post=2649"}],"version-history":[{"count":11,"href":"https:\/\/www.asa-innovation.com\/fr\/wp-json\/wp\/v2\/pages\/2649\/revisions"}],"predecessor-version":[{"id":24493,"href":"https:\/\/www.asa-innovation.com\/fr\/wp-json\/wp\/v2\/pages\/2649\/revisions\/24493"}],"up":[{"embeddable":true,"href":"https:\/\/www.asa-innovation.com\/fr\/wp-json\/wp\/v2\/pages\/12694"}],"wp:attachment":[{"href":"https:\/\/www.asa-innovation.com\/fr\/wp-json\/wp\/v2\/media?parent=2649"}],"curies":[{"name":"wp","href":"https:\/\/api.w.org\/{rel}","templated":true}]}}