{"id":2652,"date":"2018-08-31T11:30:35","date_gmt":"2018-08-31T09:30:35","guid":{"rendered":"http:\/\/www.asa-innovation.com\/?page_id=2652"},"modified":"2025-11-18T09:25:03","modified_gmt":"2025-11-18T08:25:03","slug":"gammes-speciales","status":"publish","type":"page","link":"https:\/\/www.asa-innovation.com\/fr\/systemes-thermiques\/refroidisseurs-dhuile-air\/gammes-speciales\/","title":{"rendered":"Gammes sp\u00e9ciales"},"content":{"rendered":"<p><span style=\"font-family: verdana, geneva, sans-serif;\">Les gammes sp\u00e9ciales sont destin\u00e9es \u00e0 r\u00e9pondre \u00e0 certains besoins sp\u00e9cifiques, par exemple \u00e0 des environnements de travail particuli\u00e8rement contraignants tel qu\u2019une atmosph\u00e8re saline ou explosive. D\u2019autres gammes sont orient\u00e9es vers des march\u00e9s sp\u00e9cifiques comme la gamme E-loop d\u00e9di\u00e9e \u00e0 l\u2019\u00e9lectrification des motorisations, ou la gamme H-Cube combinant r\u00e9servoir, filtration et refroidissement.<\/span><\/p>\n<p><span style=\"font-size: 14pt; color: #00a7e3;\"><strong><span style=\"font-family: verdana, geneva, sans-serif;\"><a style=\"color: #00a7e3;\" href=\"http:\/\/www.asa-innovation.com\/wp-content\/uploads\/2018\/08\/ASA-Special-Ranges-2019.pdf\" target=\"_blank\" rel=\"noopener noreferrer\">T\u00e9l\u00e9chargez le catalogue complet<\/a><\/span><\/strong><\/span><\/p>\n","protected":false},"excerpt":{"rendered":"<p>Les gammes sp\u00e9ciales sont destin\u00e9es \u00e0 r\u00e9pondre \u00e0 certains besoins sp\u00e9cifiques, par exemple \u00e0 des environnements de travail particuli\u00e8rement contraignants tel qu\u2019une atmosph\u00e8re saline ou explosive. D\u2019autres gammes sont orient\u00e9es vers des march\u00e9s sp\u00e9cifiques comme la gamme E-loop d\u00e9di\u00e9e \u00e0 l\u2019\u00e9lectrification des motorisations, ou la gamme H-Cube combinant r\u00e9servoir, filtration et refroidissement. T\u00e9l\u00e9chargez le catalogue [&hellip;]<\/p>\n","protected":false},"author":2,"featured_media":0,"parent":12694,"menu_order":3,"comment_status":"closed","ping_status":"closed","template":"","meta":{"_expiration-date-status":"","_expiration-date":0,"_expiration-date-type":"","_expiration-date-categories":[],"_expiration-date-options":[]},"acf":[],"_links":{"self":[{"href":"https:\/\/www.asa-innovation.com\/fr\/wp-json\/wp\/v2\/pages\/2652"}],"collection":[{"href":"https:\/\/www.asa-innovation.com\/fr\/wp-json\/wp\/v2\/pages"}],"about":[{"href":"https:\/\/www.asa-innovation.com\/fr\/wp-json\/wp\/v2\/types\/page"}],"author":[{"embeddable":true,"href":"https:\/\/www.asa-innovation.com\/fr\/wp-json\/wp\/v2\/users\/2"}],"replies":[{"embeddable":true,"href":"https:\/\/www.asa-innovation.com\/fr\/wp-json\/wp\/v2\/comments?post=2652"}],"version-history":[{"count":11,"href":"https:\/\/www.asa-innovation.com\/fr\/wp-json\/wp\/v2\/pages\/2652\/revisions"}],"predecessor-version":[{"id":36894,"href":"https:\/\/www.asa-innovation.com\/fr\/wp-json\/wp\/v2\/pages\/2652\/revisions\/36894"}],"up":[{"embeddable":true,"href":"https:\/\/www.asa-innovation.com\/fr\/wp-json\/wp\/v2\/pages\/12694"}],"wp:attachment":[{"href":"https:\/\/www.asa-innovation.com\/fr\/wp-json\/wp\/v2\/media?parent=2652"}],"curies":[{"name":"wp","href":"https:\/\/api.w.org\/{rel}","templated":true}]}}