{"id":2657,"date":"2018-09-06T13:07:22","date_gmt":"2018-09-06T11:07:22","guid":{"rendered":"http:\/\/www.asa-innovation.com\/?page_id=2657"},"modified":"2023-07-25T13:16:56","modified_gmt":"2023-07-25T11:16:56","slug":"series-cc-refroidissement-hors-circuit","status":"publish","type":"page","link":"https:\/\/www.asa-innovation.com\/fr\/systemes-thermiques\/refroidisseurs-hors-ligne\/series-cc-refroidissement-hors-circuit\/","title":{"rendered":"Gamme refroidie par air"},"content":{"rendered":"<p>B\u00e9n\u00e9ficiez de notre large gamme de refroidissement hors ligne avec air ambiant. Nous proposons des solutions compactes avec une conception \u00e0 double arbre pour alimenter la pompe et le ventilateur de refroidissement. Cela permet d&rsquo;\u00e9conomiser de l&rsquo;espace, de la main-d&rsquo;\u0153uvre et des co\u00fbts. Pour les applications hautes performances, nous proposons un syst\u00e8me intelligent pour combiner notre gamme de refroidisseurs standard avec nos unit\u00e9s moteur\/pompe GERO 2 gerotor.<\/p>\n","protected":false},"excerpt":{"rendered":"<p>B\u00e9n\u00e9ficiez de notre large gamme de refroidissement hors ligne avec air ambiant. Nous proposons des solutions compactes avec une conception \u00e0 double arbre pour alimenter la pompe et le ventilateur de refroidissement. Cela permet d&rsquo;\u00e9conomiser de l&rsquo;espace, de la main-d&rsquo;\u0153uvre et des co\u00fbts. Pour les applications hautes performances, nous proposons un syst\u00e8me intelligent pour combiner [&hellip;]<\/p>\n","protected":false},"author":2,"featured_media":0,"parent":12740,"menu_order":1,"comment_status":"closed","ping_status":"closed","template":"","meta":{"_expiration-date-status":"","_expiration-date":1690888602,"_expiration-date-type":"draft","_expiration-date-categories":[],"_expiration-date-options":[]},"acf":[],"_links":{"self":[{"href":"https:\/\/www.asa-innovation.com\/fr\/wp-json\/wp\/v2\/pages\/2657"}],"collection":[{"href":"https:\/\/www.asa-innovation.com\/fr\/wp-json\/wp\/v2\/pages"}],"about":[{"href":"https:\/\/www.asa-innovation.com\/fr\/wp-json\/wp\/v2\/types\/page"}],"author":[{"embeddable":true,"href":"https:\/\/www.asa-innovation.com\/fr\/wp-json\/wp\/v2\/users\/2"}],"replies":[{"embeddable":true,"href":"https:\/\/www.asa-innovation.com\/fr\/wp-json\/wp\/v2\/comments?post=2657"}],"version-history":[{"count":13,"href":"https:\/\/www.asa-innovation.com\/fr\/wp-json\/wp\/v2\/pages\/2657\/revisions"}],"predecessor-version":[{"id":15233,"href":"https:\/\/www.asa-innovation.com\/fr\/wp-json\/wp\/v2\/pages\/2657\/revisions\/15233"}],"up":[{"embeddable":true,"href":"https:\/\/www.asa-innovation.com\/fr\/wp-json\/wp\/v2\/pages\/12740"}],"wp:attachment":[{"href":"https:\/\/www.asa-innovation.com\/fr\/wp-json\/wp\/v2\/media?parent=2657"}],"curies":[{"name":"wp","href":"https:\/\/api.w.org\/{rel}","templated":true}]}}