{"id":2660,"date":"2018-09-06T14:04:57","date_gmt":"2018-09-06T12:04:57","guid":{"rendered":"http:\/\/www.asa-innovation.com\/?page_id=2660"},"modified":"2023-07-31T11:59:10","modified_gmt":"2023-07-31T09:59:10","slug":"serie-w-line-anticorrosion","status":"publish","type":"page","link":"https:\/\/www.asa-innovation.com\/fr\/systemes-thermiques\/refroidisseurs-dhuile-air\/gammes-speciales\/serie-w-line-anticorrosion\/","title":{"rendered":"S\u00e9rie W-Line, anticorrosion"},"content":{"rendered":"<p><span style=\"font-family: verdana, geneva, sans-serif;\">Les refroidisseurs de notre s\u00e9rie W-Line sont con\u00e7us pour r\u00e9sister aux environnements agressifs offshores, marins et c\u00f4tiers. La r\u00e9sistance \u00e0 la corrosion de ces refroidisseurs est v\u00e9rifi\u00e9e en chambre d\u2019essai par des tests au brouillard salin conduits suivant la norme DIN EN ISO 9227. Cette norme est comparable au niveau C5-M short de la norme ISO 12944. Nous autorisons un degr\u00e9 de rouille Ri3 (1%) d\u2019apr\u00e8s la norme ISO 4628-3.<\/span><\/p>\n","protected":false},"excerpt":{"rendered":"<p>Les refroidisseurs de notre s\u00e9rie W-Line sont con\u00e7us pour r\u00e9sister aux environnements agressifs offshores, marins et c\u00f4tiers. La r\u00e9sistance \u00e0 la corrosion de ces refroidisseurs est v\u00e9rifi\u00e9e en chambre d\u2019essai par des tests au brouillard salin conduits suivant la norme DIN EN ISO 9227. Cette norme est comparable au niveau C5-M short de la norme [&hellip;]<\/p>\n","protected":false},"author":2,"featured_media":0,"parent":2652,"menu_order":2,"comment_status":"closed","ping_status":"closed","template":"","meta":{"_expiration-date-status":"","_expiration-date":1691402338,"_expiration-date-type":"draft","_expiration-date-categories":[],"_expiration-date-options":[]},"acf":[],"_links":{"self":[{"href":"https:\/\/www.asa-innovation.com\/fr\/wp-json\/wp\/v2\/pages\/2660"}],"collection":[{"href":"https:\/\/www.asa-innovation.com\/fr\/wp-json\/wp\/v2\/pages"}],"about":[{"href":"https:\/\/www.asa-innovation.com\/fr\/wp-json\/wp\/v2\/types\/page"}],"author":[{"embeddable":true,"href":"https:\/\/www.asa-innovation.com\/fr\/wp-json\/wp\/v2\/users\/2"}],"replies":[{"embeddable":true,"href":"https:\/\/www.asa-innovation.com\/fr\/wp-json\/wp\/v2\/comments?post=2660"}],"version-history":[{"count":9,"href":"https:\/\/www.asa-innovation.com\/fr\/wp-json\/wp\/v2\/pages\/2660\/revisions"}],"predecessor-version":[{"id":15311,"href":"https:\/\/www.asa-innovation.com\/fr\/wp-json\/wp\/v2\/pages\/2660\/revisions\/15311"}],"up":[{"embeddable":true,"href":"https:\/\/www.asa-innovation.com\/fr\/wp-json\/wp\/v2\/pages\/2652"}],"wp:attachment":[{"href":"https:\/\/www.asa-innovation.com\/fr\/wp-json\/wp\/v2\/media?parent=2660"}],"curies":[{"name":"wp","href":"https:\/\/api.w.org\/{rel}","templated":true}]}}