{"id":2682,"date":"2018-09-27T08:01:03","date_gmt":"2018-09-27T06:01:03","guid":{"rendered":"http:\/\/www.asa-innovation.com\/?page_id=2682"},"modified":"2018-10-03T11:03:41","modified_gmt":"2018-10-03T09:03:41","slug":"serie-atex-pour-atmosphere-explosive","status":"publish","type":"page","link":"https:\/\/www.asa-innovation.com\/fr\/systemes-thermiques\/refroidisseurs-dhuile-air\/gammes-speciales\/serie-atex-pour-atmosphere-explosive\/","title":{"rendered":"S\u00e9rie ATEX, pour atmosph\u00e8re explosive"},"content":{"rendered":"<p><span style=\"font-family: verdana, geneva, sans-serif;\">ASA propose des refroidisseurs r\u00e9pondant aux cat\u00e9gories 2G et 3 de la directive ATEX. Ils peuvent \u00eatre donc utilis\u00e9s dans des zones ATEX 1, 2 et 22.<\/span><\/p>\n<p><span style=\"font-family: verdana, geneva, sans-serif;\">Ces refroidisseurs sont disponibles avec motorisation AC et hydraulique. Nos refroidisseurs ATEX sont soit \u00e9quip\u00e9s de nos brides AUC, soit de nos brides rails pour la connexion au syst\u00e8me hydraulique.<\/span><\/p>\n","protected":false},"excerpt":{"rendered":"<p>ASA propose des refroidisseurs r\u00e9pondant aux cat\u00e9gories 2G et 3 de la directive ATEX. Ils peuvent \u00eatre donc utilis\u00e9s dans des zones ATEX 1, 2 et 22. Ces refroidisseurs sont disponibles avec motorisation AC et hydraulique. Nos refroidisseurs ATEX sont soit \u00e9quip\u00e9s de nos brides AUC, soit de nos brides rails pour la connexion au [&hellip;]<\/p>\n","protected":false},"author":2,"featured_media":0,"parent":2652,"menu_order":1,"comment_status":"closed","ping_status":"closed","template":"","meta":{"_expiration-date-status":"saved","_expiration-date":0,"_expiration-date-type":"","_expiration-date-categories":[],"_expiration-date-options":[]},"acf":[],"_links":{"self":[{"href":"https:\/\/www.asa-innovation.com\/fr\/wp-json\/wp\/v2\/pages\/2682"}],"collection":[{"href":"https:\/\/www.asa-innovation.com\/fr\/wp-json\/wp\/v2\/pages"}],"about":[{"href":"https:\/\/www.asa-innovation.com\/fr\/wp-json\/wp\/v2\/types\/page"}],"author":[{"embeddable":true,"href":"https:\/\/www.asa-innovation.com\/fr\/wp-json\/wp\/v2\/users\/2"}],"replies":[{"embeddable":true,"href":"https:\/\/www.asa-innovation.com\/fr\/wp-json\/wp\/v2\/comments?post=2682"}],"version-history":[{"count":3,"href":"https:\/\/www.asa-innovation.com\/fr\/wp-json\/wp\/v2\/pages\/2682\/revisions"}],"predecessor-version":[{"id":2838,"href":"https:\/\/www.asa-innovation.com\/fr\/wp-json\/wp\/v2\/pages\/2682\/revisions\/2838"}],"up":[{"embeddable":true,"href":"https:\/\/www.asa-innovation.com\/fr\/wp-json\/wp\/v2\/pages\/2652"}],"wp:attachment":[{"href":"https:\/\/www.asa-innovation.com\/fr\/wp-json\/wp\/v2\/media?parent=2682"}],"curies":[{"name":"wp","href":"https:\/\/api.w.org\/{rel}","templated":true}]}}