{"id":2684,"date":"2018-09-27T08:09:38","date_gmt":"2018-09-27T06:09:38","guid":{"rendered":"http:\/\/www.asa-innovation.com\/?page_id=2684"},"modified":"2021-12-14T12:50:49","modified_gmt":"2021-12-14T11:50:49","slug":"serie-mc-refroidissement-moteur","status":"publish","type":"page","link":"https:\/\/www.asa-innovation.com\/fr\/systemes-thermiques\/refroidisseurs-dhuile-eau-air\/serie-mc-refroidissement-moteur\/","title":{"rendered":"Modules de syst\u00e8mes de refroidissement"},"content":{"rendered":"<p><span style=\"font-family: verdana, geneva, sans-serif;\">Solutions customis\u00e9s pour le refroidissement de diff\u00e9rents fluides. Veuillez nous contacter avec les param\u00e8tres sp\u00e9cifiques \u00e0&nbsp; votre application.<\/span><\/p>\n","protected":false},"excerpt":{"rendered":"<p>Solutions customis\u00e9s pour le refroidissement de diff\u00e9rents fluides. Veuillez nous contacter avec les param\u00e8tres sp\u00e9cifiques \u00e0&nbsp; votre application.<\/p>\n","protected":false},"author":2,"featured_media":0,"parent":12766,"menu_order":4,"comment_status":"closed","ping_status":"closed","template":"","meta":{"_expiration-date-status":"saved","_expiration-date":0,"_expiration-date-type":"","_expiration-date-categories":[],"_expiration-date-options":[]},"acf":[],"_links":{"self":[{"href":"https:\/\/www.asa-innovation.com\/fr\/wp-json\/wp\/v2\/pages\/2684"}],"collection":[{"href":"https:\/\/www.asa-innovation.com\/fr\/wp-json\/wp\/v2\/pages"}],"about":[{"href":"https:\/\/www.asa-innovation.com\/fr\/wp-json\/wp\/v2\/types\/page"}],"author":[{"embeddable":true,"href":"https:\/\/www.asa-innovation.com\/fr\/wp-json\/wp\/v2\/users\/2"}],"replies":[{"embeddable":true,"href":"https:\/\/www.asa-innovation.com\/fr\/wp-json\/wp\/v2\/comments?post=2684"}],"version-history":[{"count":5,"href":"https:\/\/www.asa-innovation.com\/fr\/wp-json\/wp\/v2\/pages\/2684\/revisions"}],"predecessor-version":[{"id":12799,"href":"https:\/\/www.asa-innovation.com\/fr\/wp-json\/wp\/v2\/pages\/2684\/revisions\/12799"}],"up":[{"embeddable":true,"href":"https:\/\/www.asa-innovation.com\/fr\/wp-json\/wp\/v2\/pages\/12766"}],"wp:attachment":[{"href":"https:\/\/www.asa-innovation.com\/fr\/wp-json\/wp\/v2\/media?parent=2684"}],"curies":[{"name":"wp","href":"https:\/\/api.w.org\/{rel}","templated":true}]}}