{"id":2686,"date":"2018-09-27T08:14:31","date_gmt":"2018-09-27T06:14:31","guid":{"rendered":"http:\/\/www.asa-innovation.com\/?page_id=2686"},"modified":"2018-10-03T11:04:44","modified_gmt":"2018-10-03T09:04:44","slug":"serie-as-boitier-de-refroidissement-ac","status":"publish","type":"page","link":"https:\/\/www.asa-innovation.com\/fr\/systemes-thermiques\/refroidisseurs-dhuile-air\/gammes-speciales\/serie-as-boitier-de-refroidissement-ac\/","title":{"rendered":"S\u00e9rie AS, bo\u00eetier de refroidissement AC"},"content":{"rendered":"<p><span style=\"font-family: verdana, geneva, sans-serif;\">La s\u00e9rie AS est une station de refroidissement multi-usages. Le thermostat r\u00e9glable, le flux d\u2019air haute-performance et son design en forme de cube en permettent l\u2019int\u00e9gration facile sur des applications industrielles vari\u00e9es. Le fan drive AC compact a \u00e9t\u00e9 con\u00e7u pour optimiser le flux d\u2019air au mieux et obtenir une performance de refroidissement fiable et v\u00e9rifi\u00e9e.<\/span><\/p>\n","protected":false},"excerpt":{"rendered":"<p>La s\u00e9rie AS est une station de refroidissement multi-usages. Le thermostat r\u00e9glable, le flux d\u2019air haute-performance et son design en forme de cube en permettent l\u2019int\u00e9gration facile sur des applications industrielles vari\u00e9es. Le fan drive AC compact a \u00e9t\u00e9 con\u00e7u pour optimiser le flux d\u2019air au mieux et obtenir une performance de refroidissement fiable et [&hellip;]<\/p>\n","protected":false},"author":2,"featured_media":0,"parent":2652,"menu_order":5,"comment_status":"closed","ping_status":"closed","template":"","meta":{"_expiration-date-status":"saved","_expiration-date":0,"_expiration-date-type":"","_expiration-date-categories":[],"_expiration-date-options":[]},"acf":[],"_links":{"self":[{"href":"https:\/\/www.asa-innovation.com\/fr\/wp-json\/wp\/v2\/pages\/2686"}],"collection":[{"href":"https:\/\/www.asa-innovation.com\/fr\/wp-json\/wp\/v2\/pages"}],"about":[{"href":"https:\/\/www.asa-innovation.com\/fr\/wp-json\/wp\/v2\/types\/page"}],"author":[{"embeddable":true,"href":"https:\/\/www.asa-innovation.com\/fr\/wp-json\/wp\/v2\/users\/2"}],"replies":[{"embeddable":true,"href":"https:\/\/www.asa-innovation.com\/fr\/wp-json\/wp\/v2\/comments?post=2686"}],"version-history":[{"count":3,"href":"https:\/\/www.asa-innovation.com\/fr\/wp-json\/wp\/v2\/pages\/2686\/revisions"}],"predecessor-version":[{"id":2839,"href":"https:\/\/www.asa-innovation.com\/fr\/wp-json\/wp\/v2\/pages\/2686\/revisions\/2839"}],"up":[{"embeddable":true,"href":"https:\/\/www.asa-innovation.com\/fr\/wp-json\/wp\/v2\/pages\/2652"}],"wp:attachment":[{"href":"https:\/\/www.asa-innovation.com\/fr\/wp-json\/wp\/v2\/media?parent=2686"}],"curies":[{"name":"wp","href":"https:\/\/api.w.org\/{rel}","templated":true}]}}