{"id":2688,"date":"2018-09-27T08:18:43","date_gmt":"2018-09-27T06:18:43","guid":{"rendered":"http:\/\/www.asa-innovation.com\/?page_id=2688"},"modified":"2026-01-15T11:32:38","modified_gmt":"2026-01-15T10:32:38","slug":"serie-e-echangeurs-a-plaques","status":"publish","type":"page","link":"https:\/\/www.asa-innovation.com\/fr\/systemes-thermiques\/refroidisseurs-dhuile-eau\/serie-e-echangeurs-a-plaques\/","title":{"rendered":"PHE (PWT) Ligne B"},"content":{"rendered":"<p><span style=\"font-family: verdana, geneva, sans-serif;\">Les \u00e9changeurs \u00e0 plaques Ligne B sont con\u00e7us pour un \u00e9change de chaleur maximal en utilisant des plaques en acier inoxydable profil\u00e9es r\u00e9sistant \u00e0 l\u2019acide. Les plaques forment des canaux par lesquelles l\u2019eau et l\u2019huile passent (en alternance \u00e0 chaque plaque). Sur l\u2019avant et l\u2019arri\u00e8re de l\u2019\u00e9changeur des plaques de protection sont fix\u00e9es et les plaques sont bras\u00e9es ensembles \u00e0 tous les points de contact int\u00e9rieurs et ext\u00e9rieurs. Les \u00e9changeurs \u00e0 plaques peuvent \u00eatre install\u00e9s sur les circuits de pompe de charge tout comme sur les lignes de retour avec d\u2019importantes variations de pression.<\/span><\/p>\n","protected":false},"excerpt":{"rendered":"<p>Les \u00e9changeurs \u00e0 plaques Ligne B sont con\u00e7us pour un \u00e9change de chaleur maximal en utilisant des plaques en acier inoxydable profil\u00e9es r\u00e9sistant \u00e0 l\u2019acide. Les plaques forment des canaux par lesquelles l\u2019eau et l\u2019huile passent (en alternance \u00e0 chaque plaque). Sur l\u2019avant et l\u2019arri\u00e8re de l\u2019\u00e9changeur des plaques de protection sont fix\u00e9es et les [&hellip;]<\/p>\n","protected":false},"author":2,"featured_media":0,"parent":12737,"menu_order":2,"comment_status":"closed","ping_status":"closed","template":"","meta":{"_expiration-date-status":"","_expiration-date":0,"_expiration-date-type":"","_expiration-date-categories":[],"_expiration-date-options":[]},"acf":[],"_links":{"self":[{"href":"https:\/\/www.asa-innovation.com\/fr\/wp-json\/wp\/v2\/pages\/2688"}],"collection":[{"href":"https:\/\/www.asa-innovation.com\/fr\/wp-json\/wp\/v2\/pages"}],"about":[{"href":"https:\/\/www.asa-innovation.com\/fr\/wp-json\/wp\/v2\/types\/page"}],"author":[{"embeddable":true,"href":"https:\/\/www.asa-innovation.com\/fr\/wp-json\/wp\/v2\/users\/2"}],"replies":[{"embeddable":true,"href":"https:\/\/www.asa-innovation.com\/fr\/wp-json\/wp\/v2\/comments?post=2688"}],"version-history":[{"count":10,"href":"https:\/\/www.asa-innovation.com\/fr\/wp-json\/wp\/v2\/pages\/2688\/revisions"}],"predecessor-version":[{"id":37026,"href":"https:\/\/www.asa-innovation.com\/fr\/wp-json\/wp\/v2\/pages\/2688\/revisions\/37026"}],"up":[{"embeddable":true,"href":"https:\/\/www.asa-innovation.com\/fr\/wp-json\/wp\/v2\/pages\/12737"}],"wp:attachment":[{"href":"https:\/\/www.asa-innovation.com\/fr\/wp-json\/wp\/v2\/media?parent=2688"}],"curies":[{"name":"wp","href":"https:\/\/api.w.org\/{rel}","templated":true}]}}