{"id":2701,"date":"2018-09-27T08:41:40","date_gmt":"2018-09-27T06:41:40","guid":{"rendered":"http:\/\/www.asa-innovation.com\/?page_id=2701"},"modified":"2025-10-30T12:51:14","modified_gmt":"2025-10-30T11:51:14","slug":"gamme-reservoir-filtre-refroidisseur","status":"publish","type":"page","link":"https:\/\/www.asa-innovation.com\/fr\/systemes-thermiques\/refroidisseurs-dhuile-air\/gamme-reservoir-filtre-refroidisseur\/","title":{"rendered":"Gamme R\u00e9servoir-Filtre-refroidisseur"},"content":{"rendered":"<p style=\"text-align: justify;\"><span style=\"font-family: verdana, geneva, sans-serif;\">Les s\u00e9ries H sont bas\u00e9es sur notre philosophie PWC (Plug in, Work, Control = brancher, utiliser, contr\u00f4ler) dont l\u2019id\u00e9e est d\u2019associer flexibilit\u00e9 des produits, multifonctionnalit\u00e9,\u00a0 compacit\u00e9 et r\u00e9duction des co\u00fbts. Ces objectifs sont atteints via la simplification des composants et l\u2019int\u00e9gration de diff\u00e9rentes fonctions pour servir diff\u00e9rentes applications. La philosophie PWC est une plate forme d\u2019int\u00e9gration permettant de d\u00e9finir les diff\u00e9rentes fonctions r\u00e9unies sur une base enrichie de diff\u00e9rents sets d\u2019options, pour un usage mobile ou stationnaire.<\/span><\/p>\n<p style=\"text-align: justify;\"><span style=\"font-size: 14pt;\"><strong><span style=\"font-family: verdana, geneva, sans-serif; color: #00a7e3;\"><a style=\"color: #00a7e3;\" href=\"http:\/\/www.asa-innovation.com\/wp-content\/uploads\/2018\/09\/ASA-H-Ranges.pdf\" target=\"_blank\" rel=\"noopener noreferrer\">T\u00e9l\u00e9chargez le catalogue complet<\/a><\/span><\/strong><\/span><\/p>\n","protected":false},"excerpt":{"rendered":"<p>Les s\u00e9ries H sont bas\u00e9es sur notre philosophie PWC (Plug in, Work, Control = brancher, utiliser, contr\u00f4ler) dont l\u2019id\u00e9e est d\u2019associer flexibilit\u00e9 des produits, multifonctionnalit\u00e9,\u00a0 compacit\u00e9 et r\u00e9duction des co\u00fbts. Ces objectifs sont atteints via la simplification des composants et l\u2019int\u00e9gration de diff\u00e9rentes fonctions pour servir diff\u00e9rentes applications. La philosophie PWC est une plate forme [&hellip;]<\/p>\n","protected":false},"author":2,"featured_media":0,"parent":12694,"menu_order":2,"comment_status":"closed","ping_status":"closed","template":"","meta":{"_expiration-date-status":"","_expiration-date":0,"_expiration-date-type":"","_expiration-date-categories":[],"_expiration-date-options":[]},"acf":[],"_links":{"self":[{"href":"https:\/\/www.asa-innovation.com\/fr\/wp-json\/wp\/v2\/pages\/2701"}],"collection":[{"href":"https:\/\/www.asa-innovation.com\/fr\/wp-json\/wp\/v2\/pages"}],"about":[{"href":"https:\/\/www.asa-innovation.com\/fr\/wp-json\/wp\/v2\/types\/page"}],"author":[{"embeddable":true,"href":"https:\/\/www.asa-innovation.com\/fr\/wp-json\/wp\/v2\/users\/2"}],"replies":[{"embeddable":true,"href":"https:\/\/www.asa-innovation.com\/fr\/wp-json\/wp\/v2\/comments?post=2701"}],"version-history":[{"count":16,"href":"https:\/\/www.asa-innovation.com\/fr\/wp-json\/wp\/v2\/pages\/2701\/revisions"}],"predecessor-version":[{"id":36761,"href":"https:\/\/www.asa-innovation.com\/fr\/wp-json\/wp\/v2\/pages\/2701\/revisions\/36761"}],"up":[{"embeddable":true,"href":"https:\/\/www.asa-innovation.com\/fr\/wp-json\/wp\/v2\/pages\/12694"}],"wp:attachment":[{"href":"https:\/\/www.asa-innovation.com\/fr\/wp-json\/wp\/v2\/media?parent=2701"}],"curies":[{"name":"wp","href":"https:\/\/api.w.org\/{rel}","templated":true}]}}