{"id":2708,"date":"2018-09-27T09:04:20","date_gmt":"2018-09-27T07:04:20","guid":{"rendered":"http:\/\/www.asa-innovation.com\/?page_id=2708"},"modified":"2018-10-11T11:53:09","modified_gmt":"2018-10-11T09:53:09","slug":"h-protect-boitier-de-protection","status":"publish","type":"page","link":"https:\/\/www.asa-innovation.com\/fr\/systemes-thermiques\/refroidisseurs-dhuile-air\/gammes-speciales\/h-protect-boitier-de-protection\/","title":{"rendered":"H-Protect, boitier de protection"},"content":{"rendered":"<p><span style=\"font-family: verdana, geneva, sans-serif;\">La s\u00e9rie H-Protect consiste en des packages pr\u00e9-mont\u00e9s incluant le refroidisseur, un boitier de protection, les brides de connexion et l\u2019\u00e9lectronique (contr\u00f4leur de vitesse et sonde temp\u00e9rature). Cette s\u00e9rie est disponible dans les tailles standards TT07, TT11 et TT16.<\/span><\/p>\n","protected":false},"excerpt":{"rendered":"<p>La s\u00e9rie H-Protect consiste en des packages pr\u00e9-mont\u00e9s incluant le refroidisseur, un boitier de protection, les brides de connexion et l\u2019\u00e9lectronique (contr\u00f4leur de vitesse et sonde temp\u00e9rature). Cette s\u00e9rie est disponible dans les tailles standards TT07, TT11 et TT16.<\/p>\n","protected":false},"author":2,"featured_media":0,"parent":2652,"menu_order":4,"comment_status":"closed","ping_status":"closed","template":"","meta":{"_expiration-date-status":"saved","_expiration-date":0,"_expiration-date-type":"","_expiration-date-categories":[],"_expiration-date-options":[]},"acf":[],"_links":{"self":[{"href":"https:\/\/www.asa-innovation.com\/fr\/wp-json\/wp\/v2\/pages\/2708"}],"collection":[{"href":"https:\/\/www.asa-innovation.com\/fr\/wp-json\/wp\/v2\/pages"}],"about":[{"href":"https:\/\/www.asa-innovation.com\/fr\/wp-json\/wp\/v2\/types\/page"}],"author":[{"embeddable":true,"href":"https:\/\/www.asa-innovation.com\/fr\/wp-json\/wp\/v2\/users\/2"}],"replies":[{"embeddable":true,"href":"https:\/\/www.asa-innovation.com\/fr\/wp-json\/wp\/v2\/comments?post=2708"}],"version-history":[{"count":3,"href":"https:\/\/www.asa-innovation.com\/fr\/wp-json\/wp\/v2\/pages\/2708\/revisions"}],"predecessor-version":[{"id":3023,"href":"https:\/\/www.asa-innovation.com\/fr\/wp-json\/wp\/v2\/pages\/2708\/revisions\/3023"}],"up":[{"embeddable":true,"href":"https:\/\/www.asa-innovation.com\/fr\/wp-json\/wp\/v2\/pages\/2652"}],"wp:attachment":[{"href":"https:\/\/www.asa-innovation.com\/fr\/wp-json\/wp\/v2\/media?parent=2708"}],"curies":[{"name":"wp","href":"https:\/\/api.w.org\/{rel}","templated":true}]}}