{"id":2710,"date":"2018-09-27T09:09:00","date_gmt":"2018-09-27T07:09:00","guid":{"rendered":"http:\/\/www.asa-innovation.com\/?page_id=2710"},"modified":"2023-05-02T12:53:15","modified_gmt":"2023-05-02T10:53:15","slug":"h-set-integration-du-filtre","status":"publish","type":"page","link":"https:\/\/www.asa-innovation.com\/fr\/systemes-thermiques\/refroidisseurs-dhuile-air\/gamme-reservoir-filtre-refroidisseur\/h-set-integration-du-filtre\/","title":{"rendered":"H-Set, int\u00e9gration du filtre"},"content":{"rendered":"<p><span style=\"font-family: verdana, geneva, sans-serif;\">Le H-Set est un accessoire permettant de monter un filtre spin-on \u00e0 un refroidisseur de la gamme ASA rail. Deux kits de diff\u00e9rentes tailles sont disponibles. C\u2019est une solution compacte et comp\u00e9titive qui peut \u00eatre \u00e9galement utilis\u00e9e avec d\u2019autres filtres que ceux livr\u00e9s d\u2019origine.<\/span><\/p>\n<p><span style=\"font-family: verdana, geneva, sans-serif;\">Contactez-nous pour plus d\u2019informations et s\u00e9lectionner le produit optimal.<\/span><\/p>\n","protected":false},"excerpt":{"rendered":"<p>Le H-Set est un accessoire permettant de monter un filtre spin-on \u00e0 un refroidisseur de la gamme ASA rail. Deux kits de diff\u00e9rentes tailles sont disponibles. C\u2019est une solution compacte et comp\u00e9titive qui peut \u00eatre \u00e9galement utilis\u00e9e avec d\u2019autres filtres que ceux livr\u00e9s d\u2019origine. Contactez-nous pour plus d\u2019informations et s\u00e9lectionner le produit optimal.<\/p>\n","protected":false},"author":2,"featured_media":0,"parent":2701,"menu_order":4,"comment_status":"closed","ping_status":"closed","template":"","meta":{"_expiration-date-status":"","_expiration-date":1683629574,"_expiration-date-type":"draft","_expiration-date-categories":[],"_expiration-date-options":[]},"acf":[],"_links":{"self":[{"href":"https:\/\/www.asa-innovation.com\/fr\/wp-json\/wp\/v2\/pages\/2710"}],"collection":[{"href":"https:\/\/www.asa-innovation.com\/fr\/wp-json\/wp\/v2\/pages"}],"about":[{"href":"https:\/\/www.asa-innovation.com\/fr\/wp-json\/wp\/v2\/types\/page"}],"author":[{"embeddable":true,"href":"https:\/\/www.asa-innovation.com\/fr\/wp-json\/wp\/v2\/users\/2"}],"replies":[{"embeddable":true,"href":"https:\/\/www.asa-innovation.com\/fr\/wp-json\/wp\/v2\/comments?post=2710"}],"version-history":[{"count":5,"href":"https:\/\/www.asa-innovation.com\/fr\/wp-json\/wp\/v2\/pages\/2710\/revisions"}],"predecessor-version":[{"id":14630,"href":"https:\/\/www.asa-innovation.com\/fr\/wp-json\/wp\/v2\/pages\/2710\/revisions\/14630"}],"up":[{"embeddable":true,"href":"https:\/\/www.asa-innovation.com\/fr\/wp-json\/wp\/v2\/pages\/2701"}],"wp:attachment":[{"href":"https:\/\/www.asa-innovation.com\/fr\/wp-json\/wp\/v2\/media?parent=2710"}],"curies":[{"name":"wp","href":"https:\/\/api.w.org\/{rel}","templated":true}]}}