{"id":2712,"date":"2018-09-27T09:13:55","date_gmt":"2018-09-27T07:13:55","guid":{"rendered":"http:\/\/www.asa-innovation.com\/?page_id=2712"},"modified":"2024-11-20T07:46:06","modified_gmt":"2024-11-20T06:46:06","slug":"gamme-e-loop","status":"publish","type":"page","link":"https:\/\/www.asa-innovation.com\/fr\/systemes-thermiques\/gamme-e-loop\/","title":{"rendered":"\u00c9changeurs de chaleur Eco-Plus"},"content":{"rendered":"<p><span style=\"font-family: verdana, geneva, sans-serif;\">La gamme E-loop est d\u00e9di\u00e9e au march\u00e9 grandissant de l\u2019\u00e9lectrification. Nous offrons des solutions de refroidissement compl\u00e8tes pour v\u00e9hicules \u00e9lectriques, l\u2019automatisation industrielle et les technologies de process. Nos produits sont optimis\u00e9s pour les circuits pompe et refroidissement pour les packs de batteries, les moteurs \u00e9lectriques, les onduleurs et transformateurs dans le but de maintenir ces composants \u00e0 leur temp\u00e9rature de fonctionnement optimale. Nos solutions sont optimis\u00e9es pour l\u2019eau glycol\u00e9e et l\u2019huile pour transformateur.<\/span><\/p>\n<p><a href=\"http:\/\/www.asa-innovation.com\/wp-content\/uploads\/2022\/07\/DP-asa-products-for-electric-vehicles-e-loop-range-en-rev6.pdf\" target=\"_blank\" rel=\"noopener noreferrer\"><img decoding=\"async\" loading=\"lazy\" class=\"alignnone wp-image-9425\" src=\"http:\/\/www.asa-innovation.com\/wp-content\/uploads\/2020\/02\/Download-263x300.jpg\" alt=\"\" width=\"47\" height=\"54\" srcset=\"https:\/\/www.asa-innovation.com\/wp-content\/uploads\/2020\/02\/Download-263x300.jpg 263w, https:\/\/www.asa-innovation.com\/wp-content\/uploads\/2020\/02\/Download-768x877.jpg 768w, https:\/\/www.asa-innovation.com\/wp-content\/uploads\/2020\/02\/Download.jpg 856w\" sizes=\"(max-width: 47px) 100vw, 47px\" \/><\/a><a href=\"http:\/\/www.asa-innovation.com\/wp-content\/uploads\/2022\/07\/DP-asa-products-for-electric-vehicles-e-loop-range-en-rev6.pdf\" target=\"_blank\" rel=\"noopener noreferrer\">Pr\u00e9sentation g\u00e9n\u00e9rale de nos produits et applications<\/a><\/p>\n\n","protected":false},"excerpt":{"rendered":"<p>La gamme E-loop est d\u00e9di\u00e9e au march\u00e9 grandissant de l\u2019\u00e9lectrification. Nous offrons des solutions de refroidissement compl\u00e8tes pour v\u00e9hicules \u00e9lectriques, l\u2019automatisation industrielle et les technologies de process. Nos produits sont optimis\u00e9s pour les circuits pompe et refroidissement pour les packs de batteries, les moteurs \u00e9lectriques, les onduleurs et transformateurs dans le but de maintenir ces [&hellip;]<\/p>\n","protected":false},"author":2,"featured_media":0,"parent":2647,"menu_order":5,"comment_status":"closed","ping_status":"closed","template":"","meta":{"_expiration-date-status":"","_expiration-date":0,"_expiration-date-type":"","_expiration-date-categories":[],"_expiration-date-options":[]},"acf":[],"_links":{"self":[{"href":"https:\/\/www.asa-innovation.com\/fr\/wp-json\/wp\/v2\/pages\/2712"}],"collection":[{"href":"https:\/\/www.asa-innovation.com\/fr\/wp-json\/wp\/v2\/pages"}],"about":[{"href":"https:\/\/www.asa-innovation.com\/fr\/wp-json\/wp\/v2\/types\/page"}],"author":[{"embeddable":true,"href":"https:\/\/www.asa-innovation.com\/fr\/wp-json\/wp\/v2\/users\/2"}],"replies":[{"embeddable":true,"href":"https:\/\/www.asa-innovation.com\/fr\/wp-json\/wp\/v2\/comments?post=2712"}],"version-history":[{"count":22,"href":"https:\/\/www.asa-innovation.com\/fr\/wp-json\/wp\/v2\/pages\/2712\/revisions"}],"predecessor-version":[{"id":19483,"href":"https:\/\/www.asa-innovation.com\/fr\/wp-json\/wp\/v2\/pages\/2712\/revisions\/19483"}],"up":[{"embeddable":true,"href":"https:\/\/www.asa-innovation.com\/fr\/wp-json\/wp\/v2\/pages\/2647"}],"wp:attachment":[{"href":"https:\/\/www.asa-innovation.com\/fr\/wp-json\/wp\/v2\/media?parent=2712"}],"curies":[{"name":"wp","href":"https:\/\/api.w.org\/{rel}","templated":true}]}}