{"id":2714,"date":"2018-09-27T09:18:18","date_gmt":"2018-09-27T07:18:18","guid":{"rendered":"http:\/\/www.asa-innovation.com\/?page_id=2714"},"modified":"2021-12-14T14:18:18","modified_gmt":"2021-12-14T13:18:18","slug":"technologies-de-connexion","status":"publish","type":"page","link":"https:\/\/www.asa-innovation.com\/fr\/technologies-de-connexion\/","title":{"rendered":"Technologies de connexion"},"content":{"rendered":"<p><span style=\"font-family: verdana, geneva, sans-serif;\">En tant que soci\u00e9t\u00e9 orient\u00e9e vers l\u2019innovation et travaillant avec diff\u00e9rents domaines techniques nous sommes r\u00e9guli\u00e8rement confront\u00e9s \u00e0 des probl\u00e8mes pour lesquelles les solutions existantes sur le march\u00e9 ne sont pas satisfaisantes. Quand nous constatons que nous utilisons une solution moyenne ou ne trouvons pas le produit ad\u00e9quat, nous le d\u00e9veloppons nous-m\u00eame! La famille de produits \u00ab\u00a0technologies de connexion\u00a0\u00bb refl\u00e8te cette philosophie, il s\u2019agit d\u2019une gamme d\u00e9velopp\u00e9e au fil des besoins insatisfaits rencontr\u00e9s que nous avons r\u00e9solu par nos propres moyens. De la sont n\u00e9s diff\u00e9rents produits comblant des probl\u00e9matiques irr\u00e9solues de certains march\u00e9s et applications.<\/span><\/p>\n<p><span style=\"font-family: verdana, geneva, sans-serif; color: #00a7e3;\"><a style=\"color: #00a7e3;\" href=\"http:\/\/www.asa-innovation.com\/wp-content\/uploads\/2017\/12\/ASA-Connection-Technology.pdf\" target=\"_blank\" rel=\"noopener noreferrer\">T\u00e9l\u00e9chargez le catalogue complet<\/a><\/span><\/p>\n","protected":false},"excerpt":{"rendered":"<p>En tant que soci\u00e9t\u00e9 orient\u00e9e vers l\u2019innovation et travaillant avec diff\u00e9rents domaines techniques nous sommes r\u00e9guli\u00e8rement confront\u00e9s \u00e0 des probl\u00e8mes pour lesquelles les solutions existantes sur le march\u00e9 ne sont pas satisfaisantes. Quand nous constatons que nous utilisons une solution moyenne ou ne trouvons pas le produit ad\u00e9quat, nous le d\u00e9veloppons nous-m\u00eame! La famille de [&hellip;]<\/p>\n","protected":false},"author":2,"featured_media":560,"parent":0,"menu_order":0,"comment_status":"closed","ping_status":"closed","template":"","meta":{"_expiration-date-status":"saved","_expiration-date":0,"_expiration-date-type":"","_expiration-date-categories":[],"_expiration-date-options":[]},"acf":[],"_links":{"self":[{"href":"https:\/\/www.asa-innovation.com\/fr\/wp-json\/wp\/v2\/pages\/2714"}],"collection":[{"href":"https:\/\/www.asa-innovation.com\/fr\/wp-json\/wp\/v2\/pages"}],"about":[{"href":"https:\/\/www.asa-innovation.com\/fr\/wp-json\/wp\/v2\/types\/page"}],"author":[{"embeddable":true,"href":"https:\/\/www.asa-innovation.com\/fr\/wp-json\/wp\/v2\/users\/2"}],"replies":[{"embeddable":true,"href":"https:\/\/www.asa-innovation.com\/fr\/wp-json\/wp\/v2\/comments?post=2714"}],"version-history":[{"count":21,"href":"https:\/\/www.asa-innovation.com\/fr\/wp-json\/wp\/v2\/pages\/2714\/revisions"}],"predecessor-version":[{"id":12828,"href":"https:\/\/www.asa-innovation.com\/fr\/wp-json\/wp\/v2\/pages\/2714\/revisions\/12828"}],"wp:featuredmedia":[{"embeddable":true,"href":"https:\/\/www.asa-innovation.com\/fr\/wp-json\/wp\/v2\/media\/560"}],"wp:attachment":[{"href":"https:\/\/www.asa-innovation.com\/fr\/wp-json\/wp\/v2\/media?parent=2714"}],"curies":[{"name":"wp","href":"https:\/\/api.w.org\/{rel}","templated":true}]}}