{"id":2717,"date":"2018-09-27T09:26:54","date_gmt":"2018-09-27T07:26:54","guid":{"rendered":"http:\/\/www.asa-innovation.com\/?page_id=2717"},"modified":"2024-06-07T07:50:05","modified_gmt":"2024-06-07T05:50:05","slug":"amortisseurs-de-vibrations","status":"publish","type":"page","link":"https:\/\/www.asa-innovation.com\/fr\/technologies-de-connexion\/amortisseurs-de-vibrations\/","title":{"rendered":"Technologie de vibration"},"content":{"rendered":"<p>Les amortisseurs de vibrations en caoutchouc asa sont des pi\u00e8ces reli\u00e9es par un m\u00e9tal en caoutchouc pour absorber les charges d&rsquo;impact sur les composants \u00e0 titre de protection et pour prolonger la dur\u00e9e de vie. La solution brevet\u00e9e est sp\u00e9cialement \u00e9quip\u00e9e pour les charges de cisaillement les plus \u00e9lev\u00e9es. Un syst\u00e8me d&rsquo;assemblage marqu\u00e9 de fl\u00e8ches sur les pi\u00e8ces m\u00e9talliques permet d&rsquo;optimiser et d&rsquo;augmenter la capacit\u00e9 de charge de l&rsquo;amortisseur de vibrations. Voir asa-innovation.com pour plus d&rsquo;informations.<\/p>\n","protected":false},"excerpt":{"rendered":"<p>Les amortisseurs de vibrations en caoutchouc asa sont des pi\u00e8ces reli\u00e9es par un m\u00e9tal en caoutchouc pour absorber les charges d&rsquo;impact sur les composants \u00e0 titre de protection et pour prolonger la dur\u00e9e de vie. La solution brevet\u00e9e est sp\u00e9cialement \u00e9quip\u00e9e pour les charges de cisaillement les plus \u00e9lev\u00e9es. Un syst\u00e8me d&rsquo;assemblage marqu\u00e9 de fl\u00e8ches [&hellip;]<\/p>\n","protected":false},"author":2,"featured_media":6305,"parent":2714,"menu_order":3,"comment_status":"closed","ping_status":"closed","template":"","meta":{"_expiration-date-status":"","_expiration-date":0,"_expiration-date-type":"","_expiration-date-categories":[],"_expiration-date-options":[]},"acf":[],"_links":{"self":[{"href":"https:\/\/www.asa-innovation.com\/fr\/wp-json\/wp\/v2\/pages\/2717"}],"collection":[{"href":"https:\/\/www.asa-innovation.com\/fr\/wp-json\/wp\/v2\/pages"}],"about":[{"href":"https:\/\/www.asa-innovation.com\/fr\/wp-json\/wp\/v2\/types\/page"}],"author":[{"embeddable":true,"href":"https:\/\/www.asa-innovation.com\/fr\/wp-json\/wp\/v2\/users\/2"}],"replies":[{"embeddable":true,"href":"https:\/\/www.asa-innovation.com\/fr\/wp-json\/wp\/v2\/comments?post=2717"}],"version-history":[{"count":12,"href":"https:\/\/www.asa-innovation.com\/fr\/wp-json\/wp\/v2\/pages\/2717\/revisions"}],"predecessor-version":[{"id":17382,"href":"https:\/\/www.asa-innovation.com\/fr\/wp-json\/wp\/v2\/pages\/2717\/revisions\/17382"}],"up":[{"embeddable":true,"href":"https:\/\/www.asa-innovation.com\/fr\/wp-json\/wp\/v2\/pages\/2714"}],"wp:featuredmedia":[{"embeddable":true,"href":"https:\/\/www.asa-innovation.com\/fr\/wp-json\/wp\/v2\/media\/6305"}],"wp:attachment":[{"href":"https:\/\/www.asa-innovation.com\/fr\/wp-json\/wp\/v2\/media?parent=2717"}],"curies":[{"name":"wp","href":"https:\/\/api.w.org\/{rel}","templated":true}]}}