{"id":2719,"date":"2018-09-27T09:31:20","date_gmt":"2018-09-27T07:31:20","guid":{"rendered":"http:\/\/www.asa-innovation.com\/?page_id=2719"},"modified":"2024-08-27T11:54:17","modified_gmt":"2024-08-27T09:54:17","slug":"compensateurs-de-dilatation","status":"publish","type":"page","link":"https:\/\/www.asa-innovation.com\/fr\/technologies-de-connexion\/amortisseurs-de-vibrations\/compensateurs-de-dilatation\/","title":{"rendered":"Ligne de compensateurs haute pression"},"content":{"rendered":"<p><span style=\"font-family: verdana, geneva, sans-serif;\">Les compensateurs de dilatation haute-pression sont con\u00e7us pour offrir une haute performance avec une grande flexibilit\u00e9 et une longue dur\u00e9e de vie. Leur design a pour objectif d\u2019atteindre une dimension de bride \u00e0 bride minimale, une r\u00e9duction du niveau sonore maximale, une excellente absorption des vibrations ainsi qu\u2019une grande tol\u00e9rance de mouvement dans toutes les directions.<\/span><\/p>\n","protected":false},"excerpt":{"rendered":"<p>Les compensateurs de dilatation haute-pression sont con\u00e7us pour offrir une haute performance avec une grande flexibilit\u00e9 et une longue dur\u00e9e de vie. Leur design a pour objectif d\u2019atteindre une dimension de bride \u00e0 bride minimale, une r\u00e9duction du niveau sonore maximale, une excellente absorption des vibrations ainsi qu\u2019une grande tol\u00e9rance de mouvement dans toutes les [&hellip;]<\/p>\n","protected":false},"author":2,"featured_media":0,"parent":2717,"menu_order":4,"comment_status":"closed","ping_status":"closed","template":"","meta":{"_expiration-date-status":"","_expiration-date":1725357233,"_expiration-date-type":"draft","_expiration-date-categories":[],"_expiration-date-options":[]},"acf":[],"_links":{"self":[{"href":"https:\/\/www.asa-innovation.com\/fr\/wp-json\/wp\/v2\/pages\/2719"}],"collection":[{"href":"https:\/\/www.asa-innovation.com\/fr\/wp-json\/wp\/v2\/pages"}],"about":[{"href":"https:\/\/www.asa-innovation.com\/fr\/wp-json\/wp\/v2\/types\/page"}],"author":[{"embeddable":true,"href":"https:\/\/www.asa-innovation.com\/fr\/wp-json\/wp\/v2\/users\/2"}],"replies":[{"embeddable":true,"href":"https:\/\/www.asa-innovation.com\/fr\/wp-json\/wp\/v2\/comments?post=2719"}],"version-history":[{"count":10,"href":"https:\/\/www.asa-innovation.com\/fr\/wp-json\/wp\/v2\/pages\/2719\/revisions"}],"predecessor-version":[{"id":18252,"href":"https:\/\/www.asa-innovation.com\/fr\/wp-json\/wp\/v2\/pages\/2719\/revisions\/18252"}],"up":[{"embeddable":true,"href":"https:\/\/www.asa-innovation.com\/fr\/wp-json\/wp\/v2\/pages\/2717"}],"wp:attachment":[{"href":"https:\/\/www.asa-innovation.com\/fr\/wp-json\/wp\/v2\/media?parent=2719"}],"curies":[{"name":"wp","href":"https:\/\/api.w.org\/{rel}","templated":true}]}}