{"id":2721,"date":"2018-09-27T09:43:53","date_gmt":"2018-09-27T07:43:53","guid":{"rendered":"http:\/\/www.asa-innovation.com\/?page_id=2721"},"modified":"2024-03-12T13:51:54","modified_gmt":"2024-03-12T12:51:54","slug":"vannes-papillon","status":"publish","type":"page","link":"https:\/\/www.asa-innovation.com\/fr\/technologies-de-connexion\/vannes-papillon\/","title":{"rendered":"Vannes"},"content":{"rendered":"<p><span style=\"font-family: verdana, geneva, sans-serif;\">La vanne papillon asa avec branchements SAE et DIN est l&rsquo;\u00e9l\u00e9ment central de notre unit\u00e9 d&rsquo;aspiration. Elle peut \u00e9galement \u00eatre utilis\u00e9e ind\u00e9pendamment ou connect\u00e9e \u00e0 un compensateur en caoutchouc permettant un raccordement court et \u00e9conomique au branchement de la pompe. L&rsquo;installation sur le r\u00e9servoir peut \u00e9galement se faire \u00e0 l\u2019aide de nos brides \u00e0 souder.<\/span><\/p>\n","protected":false},"excerpt":{"rendered":"<p>La vanne papillon asa avec branchements SAE et DIN est l&rsquo;\u00e9l\u00e9ment central de notre unit\u00e9 d&rsquo;aspiration. Elle peut \u00e9galement \u00eatre utilis\u00e9e ind\u00e9pendamment ou connect\u00e9e \u00e0 un compensateur en caoutchouc permettant un raccordement court et \u00e9conomique au branchement de la pompe. L&rsquo;installation sur le r\u00e9servoir peut \u00e9galement se faire \u00e0 l\u2019aide de nos brides \u00e0 souder.<\/p>\n","protected":false},"author":2,"featured_media":0,"parent":2714,"menu_order":1,"comment_status":"closed","ping_status":"closed","template":"","meta":{"_expiration-date-status":"","_expiration-date":1710852691,"_expiration-date-type":"draft","_expiration-date-categories":[],"_expiration-date-options":[]},"acf":[],"_links":{"self":[{"href":"https:\/\/www.asa-innovation.com\/fr\/wp-json\/wp\/v2\/pages\/2721"}],"collection":[{"href":"https:\/\/www.asa-innovation.com\/fr\/wp-json\/wp\/v2\/pages"}],"about":[{"href":"https:\/\/www.asa-innovation.com\/fr\/wp-json\/wp\/v2\/types\/page"}],"author":[{"embeddable":true,"href":"https:\/\/www.asa-innovation.com\/fr\/wp-json\/wp\/v2\/users\/2"}],"replies":[{"embeddable":true,"href":"https:\/\/www.asa-innovation.com\/fr\/wp-json\/wp\/v2\/comments?post=2721"}],"version-history":[{"count":20,"href":"https:\/\/www.asa-innovation.com\/fr\/wp-json\/wp\/v2\/pages\/2721\/revisions"}],"predecessor-version":[{"id":16830,"href":"https:\/\/www.asa-innovation.com\/fr\/wp-json\/wp\/v2\/pages\/2721\/revisions\/16830"}],"up":[{"embeddable":true,"href":"https:\/\/www.asa-innovation.com\/fr\/wp-json\/wp\/v2\/pages\/2714"}],"wp:attachment":[{"href":"https:\/\/www.asa-innovation.com\/fr\/wp-json\/wp\/v2\/media?parent=2721"}],"curies":[{"name":"wp","href":"https:\/\/api.w.org\/{rel}","templated":true}]}}