{"id":2726,"date":"2018-09-27T09:59:41","date_gmt":"2018-09-27T07:59:41","guid":{"rendered":"http:\/\/www.asa-innovation.com\/?page_id=2726"},"modified":"2018-10-03T11:32:38","modified_gmt":"2018-10-03T09:32:38","slug":"vannes-papillon-en-fonte","status":"publish","type":"page","link":"https:\/\/www.asa-innovation.com\/fr\/technologies-de-connexion\/vannes-papillon\/vannes-papillon-en-fonte\/","title":{"rendered":"Vannes papillon en fonte"},"content":{"rendered":"<p><span style=\"font-size: 12pt;\"><span style=\"font-family: verdana, geneva, sans-serif;\">De SAE 1 \u00bd\u201d \u00e0 SAE 5\u201d<\/span><\/span><\/p>\n<p><span style=\"font-family: verdana, geneva, sans-serif;\">La vanne papillon ASA permet un raccordement compact en ligne d\u2019aspiration tout en apportant s\u00e9curit\u00e9 et fiabilit\u00e9 lors des op\u00e9rations de maintenance.<\/span><\/p>\n<p><img decoding=\"async\" loading=\"lazy\" class=\"alignnone size-medium wp-image-376\" src=\"http:\/\/www.asa-innovation.com\/wp-content\/uploads\/2017\/11\/SDA0080_neu-300x226.jpg\" alt=\"\" width=\"300\" height=\"226\" srcset=\"https:\/\/www.asa-innovation.com\/wp-content\/uploads\/2017\/11\/SDA0080_neu-300x226.jpg 300w, https:\/\/www.asa-innovation.com\/wp-content\/uploads\/2017\/11\/SDA0080_neu-768x580.jpg 768w, https:\/\/www.asa-innovation.com\/wp-content\/uploads\/2017\/11\/SDA0080_neu-1024x773.jpg 1024w\" sizes=\"(max-width: 300px) 100vw, 300px\" \/><\/p>\n<p><span style=\"font-family: verdana, geneva, sans-serif;\"><span style=\"text-decoration: underline; color: #00a7e3;\"><span><a style=\"color: #00a7e3; text-decoration: underline;\" href=\"http:\/\/www.asa-innovation.com\/wp-content\/uploads\/2018\/01\/DD-butterfly-flange-en-rev1.pdf\" target=\"_blank\" rel=\"noopener noreferrer\">Fiche p<\/a>roduit<\/span><\/span><a href=\"http:\/\/www.asa-innovation.com\/wp-content\/uploads\/2018\/01\/DD-butterfly-flange-en-rev1.pdf\" target=\"_blank\" rel=\"noopener noreferrer\"><img decoding=\"async\" loading=\"lazy\" class=\"alignnone wp-image-1545\" src=\"http:\/\/www.asa-innovation.com\/wp-content\/uploads\/2017\/03\/Download-Icon-263x300.jpg\" alt=\"\" width=\"142\" height=\"162\" srcset=\"https:\/\/www.asa-innovation.com\/wp-content\/uploads\/2017\/03\/Download-Icon-263x300.jpg 263w, https:\/\/www.asa-innovation.com\/wp-content\/uploads\/2017\/03\/Download-Icon-768x877.jpg 768w, https:\/\/www.asa-innovation.com\/wp-content\/uploads\/2017\/03\/Download-Icon.jpg 856w\" sizes=\"(max-width: 142px) 100vw, 142px\" \/><\/a>\u00a0 <span style=\"color: #00a7e3;\">\u00a0<a style=\"color: #00a7e3;\" href=\"http:\/\/www.asa-innovation.com\/wp-content\/uploads\/2018\/01\/DM-butterfly-valves-manual-rev6.pdf\" target=\"_blank\" rel=\"noopener noreferrer\">manuel<\/a><a href=\"http:\/\/www.asa-innovation.com\/wp-content\/uploads\/2018\/01\/DM-butterfly-valves-manual-rev6.pdf\" target=\"_blank\" rel=\"noopener noreferrer\"><img decoding=\"async\" loading=\"lazy\" class=\"alignnone wp-image-1545\" src=\"http:\/\/www.asa-innovation.com\/wp-content\/uploads\/2017\/03\/Download-Icon-263x300.jpg\" alt=\"\" width=\"145\" height=\"165\" srcset=\"https:\/\/www.asa-innovation.com\/wp-content\/uploads\/2017\/03\/Download-Icon-263x300.jpg 263w, https:\/\/www.asa-innovation.com\/wp-content\/uploads\/2017\/03\/Download-Icon-768x877.jpg 768w, https:\/\/www.asa-innovation.com\/wp-content\/uploads\/2017\/03\/Download-Icon.jpg 856w\" sizes=\"(max-width: 145px) 100vw, 145px\" \/><\/a><\/span><\/span><\/p>\n","protected":false},"excerpt":{"rendered":"<p>De SAE 1 \u00bd\u201d \u00e0 SAE 5\u201d La vanne papillon ASA permet un raccordement compact en ligne d\u2019aspiration tout en apportant s\u00e9curit\u00e9 et fiabilit\u00e9 lors des op\u00e9rations de maintenance. Fiche produit\u00a0 \u00a0manuel<\/p>\n","protected":false},"author":2,"featured_media":0,"parent":2721,"menu_order":1,"comment_status":"closed","ping_status":"closed","template":"","meta":{"_expiration-date-status":"saved","_expiration-date":0,"_expiration-date-type":"","_expiration-date-categories":[],"_expiration-date-options":[]},"acf":[],"_links":{"self":[{"href":"https:\/\/www.asa-innovation.com\/fr\/wp-json\/wp\/v2\/pages\/2726"}],"collection":[{"href":"https:\/\/www.asa-innovation.com\/fr\/wp-json\/wp\/v2\/pages"}],"about":[{"href":"https:\/\/www.asa-innovation.com\/fr\/wp-json\/wp\/v2\/types\/page"}],"author":[{"embeddable":true,"href":"https:\/\/www.asa-innovation.com\/fr\/wp-json\/wp\/v2\/users\/2"}],"replies":[{"embeddable":true,"href":"https:\/\/www.asa-innovation.com\/fr\/wp-json\/wp\/v2\/comments?post=2726"}],"version-history":[{"count":4,"href":"https:\/\/www.asa-innovation.com\/fr\/wp-json\/wp\/v2\/pages\/2726\/revisions"}],"predecessor-version":[{"id":2849,"href":"https:\/\/www.asa-innovation.com\/fr\/wp-json\/wp\/v2\/pages\/2726\/revisions\/2849"}],"up":[{"embeddable":true,"href":"https:\/\/www.asa-innovation.com\/fr\/wp-json\/wp\/v2\/pages\/2721"}],"wp:attachment":[{"href":"https:\/\/www.asa-innovation.com\/fr\/wp-json\/wp\/v2\/media?parent=2726"}],"curies":[{"name":"wp","href":"https:\/\/api.w.org\/{rel}","templated":true}]}}