{"id":2728,"date":"2018-09-27T10:09:01","date_gmt":"2018-09-27T08:09:01","guid":{"rendered":"http:\/\/www.asa-innovation.com\/?page_id=2728"},"modified":"2023-07-21T11:17:20","modified_gmt":"2023-07-21T09:17:20","slug":"vannes-papillon-en-aluminium","status":"publish","type":"page","link":"https:\/\/www.asa-innovation.com\/fr\/technologies-de-connexion\/vannes-papillon\/vannes-papillon-en-aluminium\/","title":{"rendered":"Vannes papillon en aluminium"},"content":{"rendered":"<p><span style=\"font-family: verdana, geneva, sans-serif;\">De SAE 1 \u00bd\u201d \u00e0 SAE 3\u201d<\/span><\/p>\n<p><span style=\"font-family: verdana, geneva, sans-serif;\">La vanne papillon ASA permet un raccordement compact en ligne d\u2019aspiration tout en apportant s\u00e9curit\u00e9 et fiabilit\u00e9 lors des op\u00e9rations de maintenance. La version aluminium ultra l\u00e9g\u00e8re permet de r\u00e9pondre efficacement aux contraintes de poids rencontr\u00e9es notamment sur les applications camion.<\/span><\/p>\n<p><img decoding=\"async\" loading=\"lazy\" class=\"alignnone size-medium wp-image-1478\" src=\"http:\/\/www.asa-innovation.com\/wp-content\/uploads\/2017\/11\/SDA0080A-ALU-282x300.jpg\" alt=\"\" width=\"282\" height=\"300\" srcset=\"https:\/\/www.asa-innovation.com\/wp-content\/uploads\/2017\/11\/SDA0080A-ALU-282x300.jpg 282w, https:\/\/www.asa-innovation.com\/wp-content\/uploads\/2017\/11\/SDA0080A-ALU-768x818.jpg 768w, https:\/\/www.asa-innovation.com\/wp-content\/uploads\/2017\/11\/SDA0080A-ALU.jpg 835w\" sizes=\"(max-width: 282px) 100vw, 282px\" \/><\/p>\n<p><span style=\"font-family: verdana, geneva, sans-serif;\"><a href=\"http:\/\/www.asa-innovation.com\/wp-content\/uploads\/2023\/04\/DD-butterfly-valves-alu-en-rev4.pdf\" target=\"_blank\" rel=\"noopener noreferrer\"><span style=\"color: #00a7e3;\">Fiche produit<\/span><\/a><a href=\"http:\/\/www.asa-innovation.com\/wp-content\/uploads\/2023\/04\/DD-butterfly-valves-alu-en-rev4.pdf\" target=\"_blank\" rel=\"noopener noreferrer\"><img decoding=\"async\" loading=\"lazy\" class=\"alignnone wp-image-1545 size-thumbnail\" src=\"http:\/\/www.asa-innovation.com\/wp-content\/uploads\/2017\/03\/Download-Icon-150x150.jpg\" alt=\"\" width=\"150\" height=\"150\" \/><\/a>\u00a0<span style=\"color: #00a7e3;\"><a style=\"color: #00a7e3;\" href=\"http:\/\/www.asa-innovation.com\/wp-content\/uploads\/2018\/01\/DD-butterfly-valves-alu-en-rev1.pdf\" target=\"_blank\" rel=\"noopener noreferrer\">Manuel<\/a><a href=\"http:\/\/www.asa-innovation.com\/wp-content\/uploads\/2018\/01\/DD-butterfly-valves-alu-en-rev1.pdf\" target=\"_blank\" rel=\"noopener\"><img decoding=\"async\" loading=\"lazy\" class=\"alignnone wp-image-1545\" src=\"http:\/\/www.asa-innovation.com\/wp-content\/uploads\/2017\/03\/Download-Icon-263x300.jpg\" alt=\"\" width=\"141\" height=\"160\" srcset=\"https:\/\/www.asa-innovation.com\/wp-content\/uploads\/2017\/03\/Download-Icon-263x300.jpg 263w, https:\/\/www.asa-innovation.com\/wp-content\/uploads\/2017\/03\/Download-Icon-768x877.jpg 768w, https:\/\/www.asa-innovation.com\/wp-content\/uploads\/2017\/03\/Download-Icon.jpg 856w\" sizes=\"(max-width: 141px) 100vw, 141px\" \/><\/a><\/span><\/span><\/p>\n","protected":false},"excerpt":{"rendered":"<p>De SAE 1 \u00bd\u201d \u00e0 SAE 3\u201d La vanne papillon ASA permet un raccordement compact en ligne d\u2019aspiration tout en apportant s\u00e9curit\u00e9 et fiabilit\u00e9 lors des op\u00e9rations de maintenance. La version aluminium ultra l\u00e9g\u00e8re permet de r\u00e9pondre efficacement aux contraintes de poids rencontr\u00e9es notamment sur les applications camion. Fiche produit\u00a0Manuel<\/p>\n","protected":false},"author":2,"featured_media":0,"parent":2721,"menu_order":2,"comment_status":"closed","ping_status":"closed","template":"","meta":{"_expiration-date-status":"","_expiration-date":0,"_expiration-date-type":"","_expiration-date-categories":[],"_expiration-date-options":[]},"acf":[],"_links":{"self":[{"href":"https:\/\/www.asa-innovation.com\/fr\/wp-json\/wp\/v2\/pages\/2728"}],"collection":[{"href":"https:\/\/www.asa-innovation.com\/fr\/wp-json\/wp\/v2\/pages"}],"about":[{"href":"https:\/\/www.asa-innovation.com\/fr\/wp-json\/wp\/v2\/types\/page"}],"author":[{"embeddable":true,"href":"https:\/\/www.asa-innovation.com\/fr\/wp-json\/wp\/v2\/users\/2"}],"replies":[{"embeddable":true,"href":"https:\/\/www.asa-innovation.com\/fr\/wp-json\/wp\/v2\/comments?post=2728"}],"version-history":[{"count":6,"href":"https:\/\/www.asa-innovation.com\/fr\/wp-json\/wp\/v2\/pages\/2728\/revisions"}],"predecessor-version":[{"id":14548,"href":"https:\/\/www.asa-innovation.com\/fr\/wp-json\/wp\/v2\/pages\/2728\/revisions\/14548"}],"up":[{"embeddable":true,"href":"https:\/\/www.asa-innovation.com\/fr\/wp-json\/wp\/v2\/pages\/2721"}],"wp:attachment":[{"href":"https:\/\/www.asa-innovation.com\/fr\/wp-json\/wp\/v2\/media?parent=2728"}],"curies":[{"name":"wp","href":"https:\/\/api.w.org\/{rel}","templated":true}]}}