{"id":2758,"date":"2018-09-27T11:44:56","date_gmt":"2018-09-27T09:44:56","guid":{"rendered":"http:\/\/www.asa-innovation.com\/?page_id=2758"},"modified":"2021-12-14T13:11:59","modified_gmt":"2021-12-14T12:11:59","slug":"controle-des-fluides","status":"publish","type":"page","link":"https:\/\/www.asa-innovation.com\/fr\/controle-des-fluides\/","title":{"rendered":"Contr\u00f4le des fluides"},"content":{"rendered":"<p><span style=\"font-family: verdana, geneva, sans-serif;\">Notre volont\u00e9 d\u2019innover nous pousse \u00e0 nous lancer sur des march\u00e9s exigeants pour prouver notre flexibilit\u00e9, notre esprit et notre capacit\u00e9 d\u2019innovation. La production et le stockage de l\u2019\u00e9lectricit\u00e9, l\u2019efficacit\u00e9 \u00e9nerg\u00e9tique sont des sujets majeurs pour l\u2019ensemble des march\u00e9s industriels et applications sur lesquels ASA est pr\u00e9sent. Nos produits sont con\u00e7us pour servir ces march\u00e9s avec des solutions de refroidissement intelligentes, efficaces, fiables, avec un niveau d\u2019exigence maximal quant \u00e0 la qualit\u00e9 de nos produits et services.<\/span><\/p>\n","protected":false},"excerpt":{"rendered":"<p>Notre volont\u00e9 d\u2019innover nous pousse \u00e0 nous lancer sur des march\u00e9s exigeants pour prouver notre flexibilit\u00e9, notre esprit et notre capacit\u00e9 d\u2019innovation. La production et le stockage de l\u2019\u00e9lectricit\u00e9, l\u2019efficacit\u00e9 \u00e9nerg\u00e9tique sont des sujets majeurs pour l\u2019ensemble des march\u00e9s industriels et applications sur lesquels ASA est pr\u00e9sent. Nos produits sont con\u00e7us pour servir ces march\u00e9s [&hellip;]<\/p>\n","protected":false},"author":2,"featured_media":399,"parent":0,"menu_order":0,"comment_status":"closed","ping_status":"closed","template":"","meta":{"_expiration-date-status":"saved","_expiration-date":0,"_expiration-date-type":"","_expiration-date-categories":[],"_expiration-date-options":[]},"acf":[],"_links":{"self":[{"href":"https:\/\/www.asa-innovation.com\/fr\/wp-json\/wp\/v2\/pages\/2758"}],"collection":[{"href":"https:\/\/www.asa-innovation.com\/fr\/wp-json\/wp\/v2\/pages"}],"about":[{"href":"https:\/\/www.asa-innovation.com\/fr\/wp-json\/wp\/v2\/types\/page"}],"author":[{"embeddable":true,"href":"https:\/\/www.asa-innovation.com\/fr\/wp-json\/wp\/v2\/users\/2"}],"replies":[{"embeddable":true,"href":"https:\/\/www.asa-innovation.com\/fr\/wp-json\/wp\/v2\/comments?post=2758"}],"version-history":[{"count":6,"href":"https:\/\/www.asa-innovation.com\/fr\/wp-json\/wp\/v2\/pages\/2758\/revisions"}],"predecessor-version":[{"id":12810,"href":"https:\/\/www.asa-innovation.com\/fr\/wp-json\/wp\/v2\/pages\/2758\/revisions\/12810"}],"wp:featuredmedia":[{"embeddable":true,"href":"https:\/\/www.asa-innovation.com\/fr\/wp-json\/wp\/v2\/media\/399"}],"wp:attachment":[{"href":"https:\/\/www.asa-innovation.com\/fr\/wp-json\/wp\/v2\/media?parent=2758"}],"curies":[{"name":"wp","href":"https:\/\/api.w.org\/{rel}","templated":true}]}}