{"id":2761,"date":"2018-09-27T11:56:33","date_gmt":"2018-09-27T09:56:33","guid":{"rendered":"http:\/\/www.asa-innovation.com\/?page_id=2761"},"modified":"2026-04-07T13:23:59","modified_gmt":"2026-04-07T11:23:59","slug":"pompes","status":"publish","type":"page","link":"https:\/\/www.asa-innovation.com\/fr\/controle-des-fluides\/pompes\/","title":{"rendered":"Pompe \u00e0 huile Gerotor"},"content":{"rendered":"<p>Nos pompes offrent des avantages et des innovations dans diverses applications mobiles et stationnaires. Avec plus de 40 ans d&rsquo;exp\u00e9rience dans les syst\u00e8mes thermiques, les technologies de connexion et les pompes ont fait de nous un leader mondial des technologies de pointe. Notre exp\u00e9rience cr\u00e9e des progr\u00e8s pour vous garantir des prix comp\u00e9titifs, des performances et une fiabilit\u00e9 constante des produits. La conception modulaire et les solutions brevet\u00e9es de nos produits offrent de nombreux avantages pour personnaliser le produit en fonction de votre application.<\/p>\n","protected":false},"excerpt":{"rendered":"<p>Nos pompes offrent des avantages et des innovations dans diverses applications mobiles et stationnaires. Avec plus de 40 ans d&rsquo;exp\u00e9rience dans les syst\u00e8mes thermiques, les technologies de connexion et les pompes ont fait de nous un leader mondial des technologies de pointe. Notre exp\u00e9rience cr\u00e9e des progr\u00e8s pour vous garantir des prix comp\u00e9titifs, des performances [&hellip;]<\/p>\n","protected":false},"author":2,"featured_media":0,"parent":2758,"menu_order":1,"comment_status":"closed","ping_status":"closed","template":"","meta":{"_expiration-date-status":"","_expiration-date":0,"_expiration-date-type":"","_expiration-date-categories":[],"_expiration-date-options":[]},"acf":[],"_links":{"self":[{"href":"https:\/\/www.asa-innovation.com\/fr\/wp-json\/wp\/v2\/pages\/2761"}],"collection":[{"href":"https:\/\/www.asa-innovation.com\/fr\/wp-json\/wp\/v2\/pages"}],"about":[{"href":"https:\/\/www.asa-innovation.com\/fr\/wp-json\/wp\/v2\/types\/page"}],"author":[{"embeddable":true,"href":"https:\/\/www.asa-innovation.com\/fr\/wp-json\/wp\/v2\/users\/2"}],"replies":[{"embeddable":true,"href":"https:\/\/www.asa-innovation.com\/fr\/wp-json\/wp\/v2\/comments?post=2761"}],"version-history":[{"count":20,"href":"https:\/\/www.asa-innovation.com\/fr\/wp-json\/wp\/v2\/pages\/2761\/revisions"}],"predecessor-version":[{"id":37290,"href":"https:\/\/www.asa-innovation.com\/fr\/wp-json\/wp\/v2\/pages\/2761\/revisions\/37290"}],"up":[{"embeddable":true,"href":"https:\/\/www.asa-innovation.com\/fr\/wp-json\/wp\/v2\/pages\/2758"}],"wp:attachment":[{"href":"https:\/\/www.asa-innovation.com\/fr\/wp-json\/wp\/v2\/media?parent=2761"}],"curies":[{"name":"wp","href":"https:\/\/api.w.org\/{rel}","templated":true}]}}