{"id":2767,"date":"2025-09-27T12:49:46","date_gmt":"2025-09-27T10:49:46","guid":{"rendered":"http:\/\/www.asa-innovation.com\/?page_id=2767"},"modified":"2020-12-21T10:12:56","modified_gmt":"2020-12-21T09:12:56","slug":"filtres-daspiration","status":"publish","type":"page","link":"https:\/\/www.asa-innovation.com\/fr\/controle-des-fluides\/2764-2\/filtres-daspiration\/","title":{"rendered":"Filtres d\u2019aspiration"},"content":{"rendered":"<p><span style=\"font-family: verdana, geneva, sans-serif;\">L\u2019installation d\u2019un filtre d\u2019aspiration est un investissement utile pour obtenir un syst\u00e8me fiable et durable r\u00e9pondant aux attentes de performance et de qualit\u00e9.<\/span><\/p>\n","protected":false},"excerpt":{"rendered":"<p>L\u2019installation d\u2019un filtre d\u2019aspiration est un investissement utile pour obtenir un syst\u00e8me fiable et durable r\u00e9pondant aux attentes de performance et de qualit\u00e9.<\/p>\n","protected":false},"author":2,"featured_media":0,"parent":2764,"menu_order":1,"comment_status":"closed","ping_status":"closed","template":"","meta":{"_expiration-date-status":"saved","_expiration-date":0,"_expiration-date-type":"","_expiration-date-categories":[],"_expiration-date-options":[]},"acf":[],"_links":{"self":[{"href":"https:\/\/www.asa-innovation.com\/fr\/wp-json\/wp\/v2\/pages\/2767"}],"collection":[{"href":"https:\/\/www.asa-innovation.com\/fr\/wp-json\/wp\/v2\/pages"}],"about":[{"href":"https:\/\/www.asa-innovation.com\/fr\/wp-json\/wp\/v2\/types\/page"}],"author":[{"embeddable":true,"href":"https:\/\/www.asa-innovation.com\/fr\/wp-json\/wp\/v2\/users\/2"}],"replies":[{"embeddable":true,"href":"https:\/\/www.asa-innovation.com\/fr\/wp-json\/wp\/v2\/comments?post=2767"}],"version-history":[{"count":2,"href":"https:\/\/www.asa-innovation.com\/fr\/wp-json\/wp\/v2\/pages\/2767\/revisions"}],"predecessor-version":[{"id":10629,"href":"https:\/\/www.asa-innovation.com\/fr\/wp-json\/wp\/v2\/pages\/2767\/revisions\/10629"}],"up":[{"embeddable":true,"href":"https:\/\/www.asa-innovation.com\/fr\/wp-json\/wp\/v2\/pages\/2764"}],"wp:attachment":[{"href":"https:\/\/www.asa-innovation.com\/fr\/wp-json\/wp\/v2\/media?parent=2767"}],"curies":[{"name":"wp","href":"https:\/\/api.w.org\/{rel}","templated":true}]}}