{"id":2774,"date":"2018-09-27T13:37:00","date_gmt":"2018-09-27T11:37:00","guid":{"rendered":"http:\/\/www.asa-innovation.com\/?page_id=2774"},"modified":"2025-01-08T10:52:39","modified_gmt":"2025-01-08T09:52:39","slug":"a-propos-dasa","status":"publish","type":"page","link":"https:\/\/www.asa-innovation.com\/fr\/a-propos-dasa\/","title":{"rendered":"A propos d\u2019ASA"},"content":{"rendered":"<p><span style=\"font-family: verdana, geneva, sans-serif;\">Plus de 40 ans d&rsquo;exp\u00e9rience dans les composants hydrauliques et les\u00a0\u00e9changeurs thermiques ont fait d&rsquo;ASA Hydraulik un leader mondial dans le domaine du refroidissement hydraulique et des technologies de connexion hydraulique.\u00a0D\u00e9couvrez comment notre esprit d\u2019innovation nous accompagne au quotidien pour cr\u00e9er une diff\u00e9rence sur le march\u00e9.<\/span><\/p>\n","protected":false},"excerpt":{"rendered":"<p>Plus de 40 ans d&rsquo;exp\u00e9rience dans les composants hydrauliques et les\u00a0\u00e9changeurs thermiques ont fait d&rsquo;ASA Hydraulik un leader mondial dans le domaine du refroidissement hydraulique et des technologies de connexion hydraulique.\u00a0D\u00e9couvrez comment notre esprit d\u2019innovation nous accompagne au quotidien pour cr\u00e9er une diff\u00e9rence sur le march\u00e9.<\/p>\n","protected":false},"author":2,"featured_media":0,"parent":0,"menu_order":0,"comment_status":"closed","ping_status":"closed","template":"","meta":{"_expiration-date-status":"","_expiration-date":1736934745,"_expiration-date-type":"draft","_expiration-date-categories":[],"_expiration-date-options":[]},"acf":[],"_links":{"self":[{"href":"https:\/\/www.asa-innovation.com\/fr\/wp-json\/wp\/v2\/pages\/2774"}],"collection":[{"href":"https:\/\/www.asa-innovation.com\/fr\/wp-json\/wp\/v2\/pages"}],"about":[{"href":"https:\/\/www.asa-innovation.com\/fr\/wp-json\/wp\/v2\/types\/page"}],"author":[{"embeddable":true,"href":"https:\/\/www.asa-innovation.com\/fr\/wp-json\/wp\/v2\/users\/2"}],"replies":[{"embeddable":true,"href":"https:\/\/www.asa-innovation.com\/fr\/wp-json\/wp\/v2\/comments?post=2774"}],"version-history":[{"count":8,"href":"https:\/\/www.asa-innovation.com\/fr\/wp-json\/wp\/v2\/pages\/2774\/revisions"}],"predecessor-version":[{"id":21474,"href":"https:\/\/www.asa-innovation.com\/fr\/wp-json\/wp\/v2\/pages\/2774\/revisions\/21474"}],"wp:attachment":[{"href":"https:\/\/www.asa-innovation.com\/fr\/wp-json\/wp\/v2\/media?parent=2774"}],"curies":[{"name":"wp","href":"https:\/\/api.w.org\/{rel}","templated":true}]}}