{"id":2778,"date":"2018-09-27T13:59:16","date_gmt":"2018-09-27T11:59:16","guid":{"rendered":"http:\/\/www.asa-innovation.com\/?page_id=2778"},"modified":"2020-10-05T13:11:50","modified_gmt":"2020-10-05T11:11:50","slug":"technologies","status":"publish","type":"page","link":"https:\/\/www.asa-innovation.com\/fr\/a-propos-dasa\/technologies\/","title":{"rendered":"Technologies"},"content":{"rendered":"<p><span style=\"font-family: verdana, geneva, sans-serif;\">ASA est un fournisseur de technologies. Nos clients participent \u00e0 nos d\u00e9veloppements via les diff\u00e9rents inputs et challenges venant de leurs diff\u00e9rents march\u00e9s et applications.\u00a0 Nous disposons d\u2019un large spectre d\u2019outils et de m\u00e9thodologies de recherche et de test. Un d\u00e9veloppement r\u00e9ussi, transformer une inspiration en un produit fini commence toujours avec la volont\u00e9 de notre ing\u00e9nierie de trouver une solution \u00e0 un challenge irr\u00e9solu.\u00a0<\/span><span style=\"font-family: verdana, geneva, sans-serif;\">D\u00e9couvrez notre approche<\/span><\/p>\n","protected":false},"excerpt":{"rendered":"<p>ASA est un fournisseur de technologies. Nos clients participent \u00e0 nos d\u00e9veloppements via les diff\u00e9rents inputs et challenges venant de leurs diff\u00e9rents march\u00e9s et applications.\u00a0 Nous disposons d\u2019un large spectre d\u2019outils et de m\u00e9thodologies de recherche et de test. Un d\u00e9veloppement r\u00e9ussi, transformer une inspiration en un produit fini commence toujours avec la volont\u00e9 de [&hellip;]<\/p>\n","protected":false},"author":2,"featured_media":0,"parent":2774,"menu_order":0,"comment_status":"closed","ping_status":"closed","template":"","meta":{"_expiration-date-status":"saved","_expiration-date":0,"_expiration-date-type":"","_expiration-date-categories":[],"_expiration-date-options":[]},"acf":[],"_links":{"self":[{"href":"https:\/\/www.asa-innovation.com\/fr\/wp-json\/wp\/v2\/pages\/2778"}],"collection":[{"href":"https:\/\/www.asa-innovation.com\/fr\/wp-json\/wp\/v2\/pages"}],"about":[{"href":"https:\/\/www.asa-innovation.com\/fr\/wp-json\/wp\/v2\/types\/page"}],"author":[{"embeddable":true,"href":"https:\/\/www.asa-innovation.com\/fr\/wp-json\/wp\/v2\/users\/2"}],"replies":[{"embeddable":true,"href":"https:\/\/www.asa-innovation.com\/fr\/wp-json\/wp\/v2\/comments?post=2778"}],"version-history":[{"count":4,"href":"https:\/\/www.asa-innovation.com\/fr\/wp-json\/wp\/v2\/pages\/2778\/revisions"}],"predecessor-version":[{"id":9811,"href":"https:\/\/www.asa-innovation.com\/fr\/wp-json\/wp\/v2\/pages\/2778\/revisions\/9811"}],"up":[{"embeddable":true,"href":"https:\/\/www.asa-innovation.com\/fr\/wp-json\/wp\/v2\/pages\/2774"}],"wp:attachment":[{"href":"https:\/\/www.asa-innovation.com\/fr\/wp-json\/wp\/v2\/media?parent=2778"}],"curies":[{"name":"wp","href":"https:\/\/api.w.org\/{rel}","templated":true}]}}