{"id":2782,"date":"2018-09-27T14:11:04","date_gmt":"2018-09-27T12:11:04","guid":{"rendered":"http:\/\/www.asa-innovation.com\/?page_id=2782"},"modified":"2024-05-15T14:20:07","modified_gmt":"2024-05-15T12:20:07","slug":"developpement-durable","status":"publish","type":"page","link":"https:\/\/www.asa-innovation.com\/fr\/a-propos-dasa\/developpement-durable\/","title":{"rendered":"D\u00e9veloppement durable"},"content":{"rendered":"<p><span style=\"font-family: verdana, geneva, sans-serif;\">Le d\u00e9veloppement durable est une priorit\u00e9 incontournable dans laquelle nous englobons \u00e0 la fois le respect de l\u2019environnement, la s\u00e9curit\u00e9 au travail, le d\u00e9veloppement de nos employ\u00e9s et l\u2019int\u00e9grit\u00e9 financi\u00e8re. En temps que partenaire de long-terme responsable, il est indispensable de travailler selon des standards certifi\u00e9s renforc\u00e9s par les exigences d\u2019ASA. Le groupe et les diff\u00e9rents centres ASA travaillent selon notre manuel de management avec pour objectif d\u2019assurer une qualit\u00e9 maximale pour l\u2019ensemble des aspects de notre activit\u00e9.<\/span><\/p>\n","protected":false},"excerpt":{"rendered":"<p>Le d\u00e9veloppement durable est une priorit\u00e9 incontournable dans laquelle nous englobons \u00e0 la fois le respect de l\u2019environnement, la s\u00e9curit\u00e9 au travail, le d\u00e9veloppement de nos employ\u00e9s et l\u2019int\u00e9grit\u00e9 financi\u00e8re. En temps que partenaire de long-terme responsable, il est indispensable de travailler selon des standards certifi\u00e9s renforc\u00e9s par les exigences d\u2019ASA. Le groupe et les [&hellip;]<\/p>\n","protected":false},"author":2,"featured_media":0,"parent":2774,"menu_order":1,"comment_status":"closed","ping_status":"closed","template":"","meta":{"_expiration-date-status":"","_expiration-date":1716380381,"_expiration-date-type":"draft","_expiration-date-categories":[],"_expiration-date-options":[]},"acf":[],"_links":{"self":[{"href":"https:\/\/www.asa-innovation.com\/fr\/wp-json\/wp\/v2\/pages\/2782"}],"collection":[{"href":"https:\/\/www.asa-innovation.com\/fr\/wp-json\/wp\/v2\/pages"}],"about":[{"href":"https:\/\/www.asa-innovation.com\/fr\/wp-json\/wp\/v2\/types\/page"}],"author":[{"embeddable":true,"href":"https:\/\/www.asa-innovation.com\/fr\/wp-json\/wp\/v2\/users\/2"}],"replies":[{"embeddable":true,"href":"https:\/\/www.asa-innovation.com\/fr\/wp-json\/wp\/v2\/comments?post=2782"}],"version-history":[{"count":12,"href":"https:\/\/www.asa-innovation.com\/fr\/wp-json\/wp\/v2\/pages\/2782\/revisions"}],"predecessor-version":[{"id":17236,"href":"https:\/\/www.asa-innovation.com\/fr\/wp-json\/wp\/v2\/pages\/2782\/revisions\/17236"}],"up":[{"embeddable":true,"href":"https:\/\/www.asa-innovation.com\/fr\/wp-json\/wp\/v2\/pages\/2774"}],"wp:attachment":[{"href":"https:\/\/www.asa-innovation.com\/fr\/wp-json\/wp\/v2\/media?parent=2782"}],"curies":[{"name":"wp","href":"https:\/\/api.w.org\/{rel}","templated":true}]}}