{"id":2785,"date":"2018-09-27T14:29:00","date_gmt":"2018-09-27T12:29:00","guid":{"rendered":"http:\/\/www.asa-innovation.com\/?page_id=2785"},"modified":"2026-04-14T11:02:15","modified_gmt":"2026-04-14T09:02:15","slug":"location","status":"publish","type":"page","link":"https:\/\/www.asa-innovation.com\/fr\/location\/","title":{"rendered":"Implantations"},"content":{"rendered":"<p><span style=\"font-family: verdana, geneva, sans-serif;\">Le nom de l\u2019entreprise ASA est une abr\u00e9viation des mots allemands \u00ab\u00a0Antriebselemente\u00a0\u00bb (composants de transmission), \u00ab\u00a0Steuerungselemente\u00a0\u00bb (composants de contr\u00f4le) et \u00ab\u00a0Anlagen\u00a0\u00bb (Syst\u00e8mes ou agr\u00e9gats).\u00a0 Depuis sa fondation en 1980 nos sites ont \u00e9t\u00e9 transform\u00e9s en centre de comp\u00e9tences \u00e0 l\u2019\u00e9chelle mondiale. Contactez-nous pour trouver un distributeur ou le centre de comp\u00e9tence le plus judicieux pour votre requ\u00eate.<\/span><\/p>\n","protected":false},"excerpt":{"rendered":"<p>Le nom de l\u2019entreprise ASA est une abr\u00e9viation des mots allemands \u00ab\u00a0Antriebselemente\u00a0\u00bb (composants de transmission), \u00ab\u00a0Steuerungselemente\u00a0\u00bb (composants de contr\u00f4le) et \u00ab\u00a0Anlagen\u00a0\u00bb (Syst\u00e8mes ou agr\u00e9gats).\u00a0 Depuis sa fondation en 1980 nos sites ont \u00e9t\u00e9 transform\u00e9s en centre de comp\u00e9tences \u00e0 l\u2019\u00e9chelle mondiale. Contactez-nous pour trouver un distributeur ou le centre de comp\u00e9tence le plus judicieux pour [&hellip;]<\/p>\n","protected":false},"author":2,"featured_media":0,"parent":0,"menu_order":0,"comment_status":"closed","ping_status":"closed","template":"","meta":{"_expiration-date-status":"","_expiration-date":1776762108,"_expiration-date-type":"draft","_expiration-date-categories":[],"_expiration-date-options":[]},"acf":[],"_links":{"self":[{"href":"https:\/\/www.asa-innovation.com\/fr\/wp-json\/wp\/v2\/pages\/2785"}],"collection":[{"href":"https:\/\/www.asa-innovation.com\/fr\/wp-json\/wp\/v2\/pages"}],"about":[{"href":"https:\/\/www.asa-innovation.com\/fr\/wp-json\/wp\/v2\/types\/page"}],"author":[{"embeddable":true,"href":"https:\/\/www.asa-innovation.com\/fr\/wp-json\/wp\/v2\/users\/2"}],"replies":[{"embeddable":true,"href":"https:\/\/www.asa-innovation.com\/fr\/wp-json\/wp\/v2\/comments?post=2785"}],"version-history":[{"count":25,"href":"https:\/\/www.asa-innovation.com\/fr\/wp-json\/wp\/v2\/pages\/2785\/revisions"}],"predecessor-version":[{"id":37373,"href":"https:\/\/www.asa-innovation.com\/fr\/wp-json\/wp\/v2\/pages\/2785\/revisions\/37373"}],"wp:attachment":[{"href":"https:\/\/www.asa-innovation.com\/fr\/wp-json\/wp\/v2\/media?parent=2785"}],"curies":[{"name":"wp","href":"https:\/\/api.w.org\/{rel}","templated":true}]}}