{"id":2814,"date":"2018-09-28T09:59:33","date_gmt":"2018-09-28T07:59:33","guid":{"rendered":"http:\/\/www.asa-innovation.com\/?page_id=2814"},"modified":"2023-07-20T10:45:39","modified_gmt":"2023-07-20T08:45:39","slug":"politique-de-confidentialite","status":"publish","type":"page","link":"https:\/\/www.asa-innovation.com\/fr\/politique-de-confidentialite\/","title":{"rendered":"Confidentialit\u00e9"},"content":{"rendered":"<p><strong>D\u00e9claration de politique de confidentialit\u00e9<\/strong><\/p>\n<p style=\"text-align: justify;\"><span class=\"fontstyle0\">La protection de vos donn\u00e9es personnelles est de la plus haute importance. En cons\u00e9quence, nous exer\u00e7ons nos activit\u00e9s en respectant les lois applicables en mati\u00e8re de protection des donn\u00e9es personnelles et de s\u00e9curit\u00e9 des donn\u00e9es. Dans les paragraphes suivants, vous en apprendrez plus sur (i) le type d&rsquo;informations que nous pouvons collecter, (ii) la mani\u00e8re dont nous traitons ces donn\u00e9es (iii) pour qui nous pouvons rendre ces donn\u00e9es accessibles.<br \/>\n<\/span><\/p>\n<p style=\"text-align: justify;\"><span class=\"fontstyle2\"><strong>1. Protection des donn\u00e9es<\/strong><br \/>\n<\/span><span class=\"fontstyle0\">Nous confirmons par la pr\u00e9sente le respect des exigences l\u00e9gales en mati\u00e8re de protection des donn\u00e9es. En particulier, nous d\u00e9clarons que les donn\u00e9es sont collect\u00e9es exclusivement pour le traitement des commandes ou des mesures visant \u00e0 assurer la s\u00e9curit\u00e9 des donn\u00e9es. Nous nous assurons ainsi que les donn\u00e9es personnelles sont utilis\u00e9es de mani\u00e8re l\u00e9gitime et qu&rsquo;elles ne sont pas mises \u00e0 la disposition d&rsquo;entit\u00e9s non autoris\u00e9es. Les sous-traitants, prestataires de services et employ\u00e9s ont une obligation de discr\u00e9tion et de confidentialit\u00e9 sur les donn\u00e9es fournies par les clients, partenaires, fournisseurs ou acquises via le site Web (\u00ab\u00a0personnes concern\u00e9es\u00a0\u00bb), tant qu&rsquo;aucun motif juridiquement fond\u00e9 ne justifie le transfert ou la publication des donn\u00e9es confi\u00e9es ou mises \u00e0 disposition se produisent.<br \/>\nEn cas d&rsquo;obligations l\u00e9gales, nous nous r\u00e9servons le droit de publier vos donn\u00e9es personnelles, si une telle publication est demand\u00e9e par les autorit\u00e9s l\u00e9galement habilit\u00e9es ou les forces de l&rsquo;ordre.<br \/>\n<\/span><\/p>\n<p style=\"text-align: justify;\"><span class=\"fontstyle2\"><strong>2. Droits des personnes concern\u00e9es<\/strong><br \/>\n<\/span><span class=\"fontstyle0\">Les personnes concern\u00e9es ont le droit \u00e0 l&rsquo;information, \u00e0 la rectification et \u00e0 la suppression de leurs donn\u00e9es personnelles ainsi que le droit \u00e0 la limitation du traitement des donn\u00e9es, le droit au transfert des donn\u00e9es et le droit de d\u00e9poser une plainte aupr\u00e8s de l&rsquo;autorit\u00e9 de protection des donn\u00e9es.<br \/>\nL&rsquo;autorit\u00e9 autrichienne de protection des donn\u00e9es est situ\u00e9e \u00e0 Barichgasse 40-42,1030 Vienne, et joignable par t\u00e9l\u00e9phone +43 1 52 152-0 ainsi que par e-mail (dsb@dsb.gv.at). Plus d&rsquo;informations peuvent \u00eatre trouv\u00e9es sur https:\/\/www.dsb.gv.at\/home.<\/span><\/p>\n<p style=\"text-align: justify;\"><span class=\"fontstyle0\">Si le traitement des donn\u00e9es n\u00e9cessite votre consentement (art. 6 al. 1 let. a RGPD), vous disposez d&rsquo;un droit suppl\u00e9mentaire de retirer ce consentement et si le traitement des donn\u00e9es rel\u00e8ve de notre int\u00e9r\u00eat l\u00e9gitime (art. 6 al. 1 let. f RGPD), vous avez le droit de soulever une objection. Un retrait de consentement n&rsquo;influence pas la l\u00e9gitimit\u00e9 de l&rsquo;utilisation des donn\u00e9es jusqu&rsquo;au moment o\u00f9 le retrait de consentement a eu lieu. Si vous souhaitez exercer l&rsquo;un des droits mentionn\u00e9s ci-dessus, veuillez contacter asa<br \/>\ntechnology Produktions- und Vertriebs GmbH par e-mail (<\/span><span class=\"fontstyle0\">support@asa-innovation.com<\/span><span class=\"fontstyle0\">).<br \/>\n<\/span><\/p>\n<p style=\"text-align: justify;\"><span class=\"fontstyle2\"><strong>3. Traitement des donn\u00e9es personnelles<\/strong><br \/>\n<\/span><span class=\"fontstyle0\">Les donn\u00e9es personnelles doivent \u00eatre comprises comme toute information se r\u00e9f\u00e9rant \u00e0 une personne physique identifi\u00e9e ou identifiable, par exemple le nom, le pr\u00e9nom, l&rsquo;adresse e-mail, etc. (Art. 4 Par. 1 Z 1 RGPD). Par le biais de nos sites Web, nous collectons votre adresse IP, qui, dans certaines circonstances, peut constituer une instance de donn\u00e9es personnelles. Nous ne collectons pas directement d&rsquo;autres donn\u00e9es personnelles (par exemple, noms, adresses postales, num\u00e9ros de t\u00e9l\u00e9phone ou adresses e-mail), \u00e0 moins que vous ne nous les fournissiez volontairement (par exemple via une inscription, une enqu\u00eate, une demande de contact ou une inscription \u00e0 la newsletter), ou consentir \u00e0 leur collecte, ou dans le cas o\u00f9 les lois pertinentes sur la protection de vos donn\u00e9es personnelles nous permettent de le faire.<br \/>\nLe traitement des donn\u00e9es s&rsquo;ensuit sur la base du \u00a7 6 Par. 1 let. b GDPR (\u00ab\u00a0n\u00e9cessaire \u00e0 l&rsquo;ex\u00e9cution d&rsquo;un contrat\u00a0\u00bb) ou sur la base du \u00a7 6 Par. 1 let. a GDPR (\u00ab\u00a0Consentement\u00a0\u00bb), tant que vous nous avez accord\u00e9 un \u00ab\u00a0consentement \u00e0 des fins de marketing\u00a0\u00bb.<br \/>\nSeulement dans de rares cas, le traitement des donn\u00e9es peut avoir lieu conform\u00e9ment au \u00a7 6 Par. 1 let. f RGPD (\u00ab\u00a0int\u00e9r\u00eats l\u00e9gitimes\u00a0\u00bb). Par exemple, pour lutter contre les tentatives de fraude ou en cas de vid\u00e9osurveillance (restreinte) \u00e0 des fins de s\u00e9curit\u00e9.<br \/>\n<\/span><\/p>\n<p><span class=\"fontstyle2\"><strong>4. Responsable du traitement et d\u00e9l\u00e9gu\u00e9 \u00e0 la protection des donn\u00e9es<\/strong><br \/>\n<\/span><span class=\"fontstyle0\">Le responsable du traitement des donn\u00e9es au sens de Art. 4 (7) GDPR est :<br \/>\n<\/span><\/p>\n<p><span class=\"fontstyle0\">asa technology Produktions- und Vertriebs GmbH<br \/>\nPragerstrasse 280<br \/>\nA-1210 Vienne<br \/>\nE-Mail : support@asa-innovation.com (pour plus d&rsquo;informations, consultez nos mentions l\u00e9gales).<\/span><\/p>\n<p style=\"text-align: justify;\"><span class=\"fontstyle0\"><strong>5. D\u00e9finition des finalit\u00e9s<\/strong><br \/>\n<\/span><span class=\"fontstyle2\">Nous utilisons g\u00e9n\u00e9ralement les donn\u00e9es personnelles que vous nous fournissez pour r\u00e9pondre \u00e0 vos demandes ou pour vous donner certaines informations, afin que nous puissions vous proposer nos services.<br \/>\nD\u00e8s r\u00e9ception de votre consentement, nous traitons vos donn\u00e9es,<br \/>\n\u2022 pour mieux r\u00e9pondre \u00e0 vos souhaits<br \/>\n\u2022 pour am\u00e9liorer notre service client<br \/>\n\u2022 pour vous informer de nos offres et les rendre possibles<br \/>\n\u2022 pour mieux r\u00e9pondre aux exigences de nos clients et aux missions qu&rsquo;ils nous confient<br \/>\nBien entendu, nous respectons votre d\u00e9cision, si vous n&rsquo;avez pas l&rsquo;intention de partager vos donn\u00e9es personnelles avec nous afin de maintenir notre relation commerciale. Toute forme de retrait de consentement pour le traitement des donn\u00e9es peut \u00eatre soumise \u00e0 support@asahydraulik.com. Aucun inconv\u00e9nient ne d\u00e9coulerait de votre d\u00e9cision de r\u00e9voquer votre consentement. Cependant, vous devez tenir compte du fait qu&rsquo;en raison de votre d\u00e9cision, certains services (optionnels) peuvent ne plus vous \u00eatre propos\u00e9s.<br \/>\n<\/span><\/p>\n<p style=\"text-align: justify;\"><span class=\"fontstyle0\"><strong>6. \u00c9change de donn\u00e9es personnelles<\/strong><br \/>\n<\/span><span class=\"fontstyle2\">Aucun \u00e9change de donn\u00e9es personnelles n&rsquo;a lieu sans une base juridique appropri\u00e9e. Parfois, des intermediaires sont impliqu\u00e9s, qui suivent exclusivement les instructions fournies par asa technology Produktions- und Vertriebs GmbH. Il s&rsquo;agit par exemple de conseillers fiscaux, d&rsquo;auditeurs, de prestataires de services informatiques ou, le cas \u00e9ch\u00e9ant, de compagnies d&rsquo;assurance.<br \/>\n<\/span><\/p>\n<p style=\"text-align: justify;\"><span class=\"fontstyle0\"><strong>7. Dur\u00e9e de conservation des donn\u00e9es<\/strong><br \/>\n<\/span><span class=\"fontstyle2\">Vos donn\u00e9es personnelles ne sont conserv\u00e9es que pendant la dur\u00e9e n\u00e9cessaire qui nous permet d&rsquo;atteindre les finalit\u00e9s mentionn\u00e9es ci-dessus (par exemple, l&rsquo;ex\u00e9cution d&rsquo;un contrat). Nous stockons vos informations personnelles (i) jusqu&rsquo;\u00e0 ce que vous retiriez votre consentement au traitement des donn\u00e9es (ii) tant que des obligations de conservation de ces donn\u00e9es existent, ou (iii) si d&rsquo;autres exigences l\u00e9gales n&rsquo;ont pas encore expir\u00e9, pour l&rsquo;application ou l&rsquo;opposition de la personne des donn\u00e9es sont requises.<\/span><\/p>\n<p style=\"text-align: justify;\"><span class=\"fontstyle0\"><strong>8. Informations relatives \u00e0 la communication et \u00e0 l&rsquo;utilisation<\/strong><br \/>\n<\/span><span class=\"fontstyle2\">Si vous acc\u00e9dez \u00e0 nos sites Web via des services de t\u00e9l\u00e9communication, des informations relatives \u00e0 la communication (par exemple, l&rsquo;adresse du protocole Internet) ou des informations relatives \u00e0 l&rsquo;utilisation (par exemple, des informations concernant le d\u00e9but et la dur\u00e9e de la session, ainsi que les services de t\u00e9l\u00e9communication utilis\u00e9s) sont automatiquement collect\u00e9es par des moyens techniques. Dans certains cas, ceux-ci peuvent permettre de tirer des conclusions sur les donn\u00e9es personnelles. La mesure dans laquelle la collecte, l&rsquo;\u00e9laboration et l&rsquo;utilisation de vos informations relatives \u00e0 la communication ou \u00e0 l&rsquo;utilisation sont absolument n\u00e9cessaires d\u00e9pend des r\u00e9glementations l\u00e9gales en mati\u00e8re de protection<br \/>\ndes donn\u00e9es et de la pr\u00e9sente d\u00e9claration de confidentialit\u00e9.<br \/>\n<\/span><\/p>\n<p style=\"text-align: justify;\"><span class=\"fontstyle0\"><strong>9. Donn\u00e9es non personnelles collect\u00e9es automatiquement<\/strong><br \/>\n<\/span><span class=\"fontstyle2\">Si vous acc\u00e9dez \u00e0 nos sites Web, il se peut que des informations soient collect\u00e9es automatiquement (c&rsquo;est-\u00e0-dire sans aucun enregistrement), qui ne peuvent \u00eatre associ\u00e9es \u00e0 aucune personne sp\u00e9cifique (par exemple, navigateur Internet et syst\u00e8me d&rsquo;exploitation utilis\u00e9s ; nom de domaine du site Web d&rsquo;o\u00f9 vous venez ; nombre de visites ; dur\u00e9e moyenne des sessions ; pages Web visit\u00e9es). Nous utilisons ces informations pour rendre nos sites Web plus attrayants, ainsi que pour am\u00e9liorer leurs performances et leur contenu.<\/span><\/p>\n<p style=\"text-align: justify;\"><span class=\"fontstyle2\"><br \/>\n<\/span><span class=\"fontstyle0\"><strong>10. \u00ab\u00a0Cookies\u00a0\u00bb &#8211; Informations qui sont automatiquement stock\u00e9es sur votre appareil<\/strong><br \/>\n<\/span><span class=\"fontstyle2\">Si vous visitez notre site Web, il se peut que nous stockions des informations localement sur votre appareil sous la forme d&rsquo;un \u00ab cookie \u00bb, qui vous reconna\u00eet lorsque vous visitez \u00e0 nouveau le site Web. Les cookies sont de petites donn\u00e9es textuelles, qui sont enregistr\u00e9es depuis votre navigateur dans votre appareil pour stocker des informations sp\u00e9cifiques. Pour cette raison, si vous visitez \u00e0 nouveau notre site Web avec le m\u00eame appareil, les informations stock\u00e9es seront envoy\u00e9es \u00e0 notre site Web (\u00ab\u00a0First Party Cookie\u00a0\u00bb).<br \/>\nGr\u00e2ce \u00e0 ce processus, le site Web concern\u00e9 reconna\u00eet que vous l&rsquo;avez d\u00e9j\u00e0 visit\u00e9 avec votre appareil. Ces informations sont utilis\u00e9es dans un souci de convivialit\u00e9, afin de vous les restituer et de vous les montrer selon vos pr\u00e9f\u00e9rences. D&rsquo;autres utilisations de cookies ou le stockage de donn\u00e9es personnelles n&rsquo;ont lieu qu&rsquo;avec votre consentement.<\/span><\/p>\n<p style=\"text-align: justify;\"><span class=\"fontstyle0\">Si vous souhaitez que nous ne reconnaissions pas votre appareil, veuillez configurer votre navigateur Internet de mani\u00e8re \u00e0 ce qu&rsquo;il supprime les cookies de votre disque dur, que tous les cookies soient bloqu\u00e9s ou que vous soyez averti avant que des cookies ne soient stock\u00e9s sur votre appareil.<br \/>\n<\/span><\/p>\n<p style=\"text-align: justify;\"><span class=\"fontstyle2\"><strong>10.1 Cookies techniquement n\u00e9cessaires<\/strong><br \/>\n<\/span><span class=\"fontstyle0\">Les cookies techniquement n\u00e9cessaires permettent des fonctions sans lesquelles notre site Web ne fonctionnerait pas. Nous utilisons ces cookies uniquement \u00e0 cette fin. Par cons\u00e9quent, les cookies que nous utilisons sont des cookies propri\u00e9taires, c&rsquo;est-\u00e0-dire que toutes les informations stock\u00e9es dans les cookies sont transf\u00e9r\u00e9es sur notre site Web. Les cookies techniquement n\u00e9cessaires sont l\u00e0, par exemple, pour permettre \u00e0 un utilisateur connect\u00e9 d&rsquo;acc\u00e9der aux sous-pages de notre site Web ou pour \u00eatre connect\u00e9 en permanence sans avoir \u00e0 saisir les informations de connexion \u00e0 chaque visite. Nous n&rsquo;avons besoin d&rsquo;aucune autorisation pour utiliser des cookies techniquement n\u00e9cessaires, c&rsquo;est pourquoi ceux-ci ne peuvent pas \u00eatre activ\u00e9s ou d\u00e9sactiv\u00e9s. Cependant, vous avez toujours la possibilit\u00e9 de d\u00e9sactiver les cookies dans votre navigateur. La base juridique des cookies est l&rsquo;art. 6 Par. 1 let. b RGPD. Si ce type de cookie est d\u00e9sactiv\u00e9 manuellement de votre part, nous ne pouvons pas garantir que vous aurez un acc\u00e8s complet au contenu de notre site Web.<br \/>\n<\/span><\/p>\n<p style=\"text-align: justify;\"><span class=\"fontstyle2\"><strong>11. S\u00e9curit\u00e9<\/strong><br \/>\n<\/span><span class=\"fontstyle0\">Des mesures techniques et organisationnelles sont utilis\u00e9es pour prot\u00e9ger vos donn\u00e9es personnelles contre la suppression, la modification involontaire ou ill\u00e9gale, ou contre la perte de donn\u00e9es et la transmission ill\u00e9gale ou l&rsquo;acc\u00e8s ill\u00e9gal.<br \/>\n<\/span><\/p>\n<p style=\"text-align: justify;\"><span class=\"fontstyle2\"><strong>12. Prestataires de services en dehors de l&rsquo;UE<\/strong><br \/>\n<\/span><span class=\"fontstyle0\">Si un fournisseur de services ou l&rsquo;un de nos partenaires commerciaux a son si\u00e8ge social hors de l&rsquo;Union europ\u00e9enne (UE) ou de l&rsquo;Espace \u00e9conomique europ\u00e9en (EEE), un transfert de donn\u00e9es vers un pays tiers peut avoir lieu. Vous serez inform\u00e9 si tel est le cas et toutes les mesures n\u00e9cessaires seront adopt\u00e9es afin de continuer \u00e0 offrir un niveau \u00e9lev\u00e9 de protection\u00a0des donn\u00e9es (notamment dans le cadre de l&rsquo;adoption de Clauses Contractuelles Types)<\/span><\/p>\n<p><span class=\"fontstyle0\"><strong>13. Liens vers d&rsquo;autres sites Web<\/strong><br \/>\n<\/span><span class=\"fontstyle2\">Ce site contient des liens vers d&rsquo;autres sites. Asa technology Produktions- und Vertriebs GmbH<br \/>\nne peut \u00eatre tenu responsable de la d\u00e9claration de confidentialit\u00e9 ou du contenu de ces sites Web.<br \/>\n<\/span><\/p>\n<p style=\"text-align: justify;\"><span class=\"fontstyle0\"><strong>14. Questions et commentaires<\/strong><br \/>\n<\/span><span class=\"fontstyle2\">La soci\u00e9t\u00e9 asa technology Produktions- und Vertriebs GmbH r\u00e9pondra \u00e0 toutes les demandes appropri\u00e9es concernant l&rsquo;autorisation, l&rsquo;ach\u00e8vement ou la suppression de donn\u00e9es personnelles. Si vous avez des questions ou des commentaires sur cette d\u00e9claration de confidentialit\u00e9, veuillez nous contacter en utilisant les coordonn\u00e9es fournies. Au cours du d\u00e9veloppement ult\u00e9rieur d&rsquo;Internet, notre d\u00e9claration de confidentialit\u00e9 sera adapt\u00e9e en cons\u00e9quence. Les changements seront communiqu\u00e9s sur cette page en temps voulu.<\/span><\/p>\n<p>Peut 2023<\/p>\n","protected":false},"excerpt":{"rendered":"<p>D\u00e9claration de politique de confidentialit\u00e9 La protection de vos donn\u00e9es personnelles est de la plus haute importance. En cons\u00e9quence, nous exer\u00e7ons nos activit\u00e9s en respectant les lois applicables en mati\u00e8re de protection des donn\u00e9es personnelles et de s\u00e9curit\u00e9 des donn\u00e9es. Dans les paragraphes suivants, vous en apprendrez plus sur (i) le type d&rsquo;informations que nous [&hellip;]<\/p>\n","protected":false},"author":2,"featured_media":0,"parent":0,"menu_order":0,"comment_status":"closed","ping_status":"closed","template":"","meta":{"_expiration-date-status":"","_expiration-date":1690447528,"_expiration-date-type":"draft","_expiration-date-categories":[],"_expiration-date-options":[]},"acf":[],"_links":{"self":[{"href":"https:\/\/www.asa-innovation.com\/fr\/wp-json\/wp\/v2\/pages\/2814"}],"collection":[{"href":"https:\/\/www.asa-innovation.com\/fr\/wp-json\/wp\/v2\/pages"}],"about":[{"href":"https:\/\/www.asa-innovation.com\/fr\/wp-json\/wp\/v2\/types\/page"}],"author":[{"embeddable":true,"href":"https:\/\/www.asa-innovation.com\/fr\/wp-json\/wp\/v2\/users\/2"}],"replies":[{"embeddable":true,"href":"https:\/\/www.asa-innovation.com\/fr\/wp-json\/wp\/v2\/comments?post=2814"}],"version-history":[{"count":15,"href":"https:\/\/www.asa-innovation.com\/fr\/wp-json\/wp\/v2\/pages\/2814\/revisions"}],"predecessor-version":[{"id":14773,"href":"https:\/\/www.asa-innovation.com\/fr\/wp-json\/wp\/v2\/pages\/2814\/revisions\/14773"}],"wp:attachment":[{"href":"https:\/\/www.asa-innovation.com\/fr\/wp-json\/wp\/v2\/media?parent=2814"}],"curies":[{"name":"wp","href":"https:\/\/api.w.org\/{rel}","templated":true}]}}