{"id":5157,"date":"2020-05-05T09:39:07","date_gmt":"2020-05-05T07:39:07","guid":{"rendered":"http:\/\/www.asa-innovation.com\/?page_id=5157"},"modified":"2024-09-26T07:53:01","modified_gmt":"2024-09-26T05:53:01","slug":"carriere","status":"publish","type":"page","link":"https:\/\/www.asa-innovation.com\/fr\/carriere\/","title":{"rendered":"Carri\u00e8re"},"content":{"rendered":"<p><span style=\"font-family: verdana, geneva, sans-serif;\">Si vous \u00eates int\u00e9ress\u00e9s par ce poste et d\u00e9sireux de vous engager \u00e0 long-terme, nous nous r\u00e9jouissons de recevoir votre candidature par courriel avec en sujet \u2018\u2019employ\u00e9(e) de production\u2019\u2019 \u00e0 <span style=\"color: #00a7e3;\"><a style=\"color: #00a7e3;\" href=\"mailto:personal@asahydraulik.com\">personal@asahydraulik.com<\/a>.<\/span><\/span><\/p>\n","protected":false},"excerpt":{"rendered":"<p>Si vous \u00eates int\u00e9ress\u00e9s par ce poste et d\u00e9sireux de vous engager \u00e0 long-terme, nous nous r\u00e9jouissons de recevoir votre candidature par courriel avec en sujet \u2018\u2019employ\u00e9(e) de production\u2019\u2019 \u00e0 personal@asahydraulik.com.<\/p>\n","protected":false},"author":2,"featured_media":0,"parent":0,"menu_order":0,"comment_status":"closed","ping_status":"closed","template":"","meta":{"_expiration-date-status":"","_expiration-date":0,"_expiration-date-type":"","_expiration-date-categories":[],"_expiration-date-options":[]},"acf":[],"_links":{"self":[{"href":"https:\/\/www.asa-innovation.com\/fr\/wp-json\/wp\/v2\/pages\/5157"}],"collection":[{"href":"https:\/\/www.asa-innovation.com\/fr\/wp-json\/wp\/v2\/pages"}],"about":[{"href":"https:\/\/www.asa-innovation.com\/fr\/wp-json\/wp\/v2\/types\/page"}],"author":[{"embeddable":true,"href":"https:\/\/www.asa-innovation.com\/fr\/wp-json\/wp\/v2\/users\/2"}],"replies":[{"embeddable":true,"href":"https:\/\/www.asa-innovation.com\/fr\/wp-json\/wp\/v2\/comments?post=5157"}],"version-history":[{"count":17,"href":"https:\/\/www.asa-innovation.com\/fr\/wp-json\/wp\/v2\/pages\/5157\/revisions"}],"predecessor-version":[{"id":18641,"href":"https:\/\/www.asa-innovation.com\/fr\/wp-json\/wp\/v2\/pages\/5157\/revisions\/18641"}],"wp:attachment":[{"href":"https:\/\/www.asa-innovation.com\/fr\/wp-json\/wp\/v2\/media?parent=5157"}],"curies":[{"name":"wp","href":"https:\/\/api.w.org\/{rel}","templated":true}]}}