{"id":13223,"date":"2022-02-14T09:52:02","date_gmt":"2022-02-14T08:52:02","guid":{"rendered":"http:\/\/www.asa-innovation.com\/?page_id=13223"},"modified":"2022-02-15T09:05:13","modified_gmt":"2022-02-15T08:05:13","slug":"tecnologia-delle-vibrazioni","status":"publish","type":"page","link":"https:\/\/www.asa-innovation.com\/it\/tecnologia-di-connessione\/tecnologia-di-assorbimento-delle-vibrazioni\/tecnologia-delle-vibrazioni\/","title":{"rendered":"Tecnologia delle vibrazioni"},"content":{"rendered":"\n<p>I silent- blocks ASA sono realizzati in gomma e metallo per assorbire urti e carichi su altri componenti, garantendo cos\u00ec la loro protezione e il prolungamento della loro vita utile. Il nostro design brevettato \u00e8 particolarmente adatto per carichi pi\u00f9 elevati. Un sistema di montaggio indicato da frecce sulle parti metalliche aiuta ad ottimizzare ed aumentare la resistenza e la capacit\u00e0 di assorbimento delle vibrazioni.<\/p>\n<ul>\n<li><strong>fino a 30 kN<\/strong><\/li>\n<li><strong>capacit\u00e0 di carico effettivo<\/strong><\/li>\n<li><strong>assorbimento ottimale delle vibrazioni<\/strong><\/li>\n<\/ul>\n","protected":false},"excerpt":{"rendered":"<p>I silent- blocks ASA sono realizzati in gomma e metallo per assorbire urti e carichi su altri componenti, garantendo cos\u00ec la loro protezione e il prolungamento della loro vita utile. Il nostro design brevettato \u00e8 particolarmente adatto per carichi pi\u00f9 elevati. Un sistema di montaggio indicato da frecce sulle parti metalliche aiuta ad ottimizzare ed [&hellip;]<\/p>\n","protected":false},"author":2,"featured_media":0,"parent":3842,"menu_order":1,"comment_status":"closed","ping_status":"closed","template":"","meta":{"_expiration-date-status":"saved","_expiration-date":0,"_expiration-date-type":"","_expiration-date-categories":[],"_expiration-date-options":[]},"acf":[],"_links":{"self":[{"href":"https:\/\/www.asa-innovation.com\/it\/wp-json\/wp\/v2\/pages\/13223"}],"collection":[{"href":"https:\/\/www.asa-innovation.com\/it\/wp-json\/wp\/v2\/pages"}],"about":[{"href":"https:\/\/www.asa-innovation.com\/it\/wp-json\/wp\/v2\/types\/page"}],"author":[{"embeddable":true,"href":"https:\/\/www.asa-innovation.com\/it\/wp-json\/wp\/v2\/users\/2"}],"replies":[{"embeddable":true,"href":"https:\/\/www.asa-innovation.com\/it\/wp-json\/wp\/v2\/comments?post=13223"}],"version-history":[{"count":5,"href":"https:\/\/www.asa-innovation.com\/it\/wp-json\/wp\/v2\/pages\/13223\/revisions"}],"predecessor-version":[{"id":13341,"href":"https:\/\/www.asa-innovation.com\/it\/wp-json\/wp\/v2\/pages\/13223\/revisions\/13341"}],"up":[{"embeddable":true,"href":"https:\/\/www.asa-innovation.com\/it\/wp-json\/wp\/v2\/pages\/3842"}],"wp:attachment":[{"href":"https:\/\/www.asa-innovation.com\/it\/wp-json\/wp\/v2\/media?parent=13223"}],"curies":[{"name":"wp","href":"https:\/\/api.w.org\/{rel}","templated":true}]}}