{"id":13270,"date":"2022-02-14T11:20:19","date_gmt":"2022-02-14T10:20:19","guid":{"rendered":"http:\/\/www.asa-innovation.com\/?page_id=13270"},"modified":"2026-03-25T09:56:47","modified_gmt":"2026-03-25T08:56:47","slug":"shell-tube-st-series","status":"publish","type":"page","link":"https:\/\/www.asa-innovation.com\/it\/sistemi-termici\/scambiatori-olio-aria\/shell-tube-st-series\/","title":{"rendered":"Shell-Tube ST-Series"},"content":{"rendered":"\n<p>La nostra serie ST \u00e8 una gamma di scambiatori di calore modulari dal design a fascio tubiero e mantello. I principali benefici apportati da questo sistema consistono nella versatilit\u00e0 rispetto alle varie applicazioni, in quanto questi scambiatori sono meno vincolati alla qualit\u00e0 del fluido utilizzato e offrono buone possibilit\u00e0 per effettuare la manutenzione, a differenza di altri scambiatori di calore.<\/p>\n","protected":false},"excerpt":{"rendered":"<p>La nostra serie ST \u00e8 una gamma di scambiatori di calore modulari dal design a fascio tubiero e mantello. I principali benefici apportati da questo sistema consistono nella versatilit\u00e0 rispetto alle varie applicazioni, in quanto questi scambiatori sono meno vincolati alla qualit\u00e0 del fluido utilizzato e offrono buone possibilit\u00e0 per effettuare la manutenzione, a differenza [&hellip;]<\/p>\n","protected":false},"author":2,"featured_media":0,"parent":13227,"menu_order":1,"comment_status":"closed","ping_status":"closed","template":"","meta":{"_expiration-date-status":"","_expiration-date":0,"_expiration-date-type":"","_expiration-date-categories":[],"_expiration-date-options":[]},"acf":[],"_links":{"self":[{"href":"https:\/\/www.asa-innovation.com\/it\/wp-json\/wp\/v2\/pages\/13270"}],"collection":[{"href":"https:\/\/www.asa-innovation.com\/it\/wp-json\/wp\/v2\/pages"}],"about":[{"href":"https:\/\/www.asa-innovation.com\/it\/wp-json\/wp\/v2\/types\/page"}],"author":[{"embeddable":true,"href":"https:\/\/www.asa-innovation.com\/it\/wp-json\/wp\/v2\/users\/2"}],"replies":[{"embeddable":true,"href":"https:\/\/www.asa-innovation.com\/it\/wp-json\/wp\/v2\/comments?post=13270"}],"version-history":[{"count":13,"href":"https:\/\/www.asa-innovation.com\/it\/wp-json\/wp\/v2\/pages\/13270\/revisions"}],"predecessor-version":[{"id":37242,"href":"https:\/\/www.asa-innovation.com\/it\/wp-json\/wp\/v2\/pages\/13270\/revisions\/37242"}],"up":[{"embeddable":true,"href":"https:\/\/www.asa-innovation.com\/it\/wp-json\/wp\/v2\/pages\/13227"}],"wp:attachment":[{"href":"https:\/\/www.asa-innovation.com\/it\/wp-json\/wp\/v2\/media?parent=13270"}],"curies":[{"name":"wp","href":"https:\/\/api.w.org\/{rel}","templated":true}]}}