{"id":13318,"date":"2022-02-15T08:32:02","date_gmt":"2022-02-15T07:32:02","guid":{"rendered":"https:\/\/www.asa-innovation.com\/?page_id=13318"},"modified":"2022-02-15T09:57:50","modified_gmt":"2022-02-15T08:57:50","slug":"suction-line","status":"publish","type":"page","link":"https:\/\/www.asa-innovation.com\/it\/tecnologia-di-connessione\/suction-line\/","title":{"rendered":"Suction Line"},"content":{"rendered":"\n<p>L\u2019unit\u00e0 di aspirazione asa \u00e8 un\u2019unit\u00e0 compatta e potente per la gestione dei fluidi nei circuiti oleodinamici. La valvola a farfalla asa dotata di connessioni SAE e DIN consente la combinazione con un elemento elastico, ovvero un compensatore di gomma, per realizzare una breve connessione di compensazione con l\u2019attacco della pompa. L\u2019unit\u00e0 di aspirazione viene avvitata sulla flangia di raccordo che \u00e8 saldata al serbatoio. Inoltre, un interruttore di finecorsa (meccanico o induttivo) pu\u00f2 essere aggiunto alla configurazione standard per finalit\u00e0 di monitoraggio. Grazie ai ridotti costi di installazione e al design compatto che riduce i punti di giunzione, acquistare le unit\u00e0 di aspirazione asa ha un rapporto qualit\u00e0-prezzo particolarmente conveniente.<\/p>\n","protected":false},"excerpt":{"rendered":"<p>L\u2019unit\u00e0 di aspirazione asa \u00e8 un\u2019unit\u00e0 compatta e potente per la gestione dei fluidi nei circuiti oleodinamici. La valvola a farfalla asa dotata di connessioni SAE e DIN consente la combinazione con un elemento elastico, ovvero un compensatore di gomma, per realizzare una breve connessione di compensazione con l\u2019attacco della pompa. L\u2019unit\u00e0 di aspirazione viene [&hellip;]<\/p>\n","protected":false},"author":2,"featured_media":0,"parent":3831,"menu_order":2,"comment_status":"closed","ping_status":"closed","template":"","meta":{"_expiration-date-status":"saved","_expiration-date":0,"_expiration-date-type":"","_expiration-date-categories":[],"_expiration-date-options":[]},"acf":[],"_links":{"self":[{"href":"https:\/\/www.asa-innovation.com\/it\/wp-json\/wp\/v2\/pages\/13318"}],"collection":[{"href":"https:\/\/www.asa-innovation.com\/it\/wp-json\/wp\/v2\/pages"}],"about":[{"href":"https:\/\/www.asa-innovation.com\/it\/wp-json\/wp\/v2\/types\/page"}],"author":[{"embeddable":true,"href":"https:\/\/www.asa-innovation.com\/it\/wp-json\/wp\/v2\/users\/2"}],"replies":[{"embeddable":true,"href":"https:\/\/www.asa-innovation.com\/it\/wp-json\/wp\/v2\/comments?post=13318"}],"version-history":[{"count":4,"href":"https:\/\/www.asa-innovation.com\/it\/wp-json\/wp\/v2\/pages\/13318\/revisions"}],"predecessor-version":[{"id":13359,"href":"https:\/\/www.asa-innovation.com\/it\/wp-json\/wp\/v2\/pages\/13318\/revisions\/13359"}],"up":[{"embeddable":true,"href":"https:\/\/www.asa-innovation.com\/it\/wp-json\/wp\/v2\/pages\/3831"}],"wp:attachment":[{"href":"https:\/\/www.asa-innovation.com\/it\/wp-json\/wp\/v2\/media?parent=13318"}],"curies":[{"name":"wp","href":"https:\/\/api.w.org\/{rel}","templated":true}]}}