{"id":13342,"date":"2022-02-15T09:14:27","date_gmt":"2022-02-15T08:14:27","guid":{"rendered":"https:\/\/www.asa-innovation.com\/?page_id=13342"},"modified":"2024-08-27T11:24:16","modified_gmt":"2024-08-27T09:24:16","slug":"linea-di-compensatori-a-bassa-pressione","status":"publish","type":"page","link":"https:\/\/www.asa-innovation.com\/it\/tecnologia-di-connessione\/tecnologia-di-assorbimento-delle-vibrazioni\/linea-di-compensatori-a-bassa-pressione\/","title":{"rendered":"Linea di compensatori a bassa pressione"},"content":{"rendered":"\n<p><strong>SAE da 1\u2033 a 5\u2033<\/strong><\/p>\n<p>I compensatori in gomma sono connettori elastici con flange SAE girevoli. I compensatori sono utilizzati per smorzare oscillazioni, vibrazioni, rumori e movimenti in direzione assiale e trasversale.<\/p>\n<p><strong>Design<\/strong><\/p>\n<p>I compensatori in gomma hanno una superficie liscia vulcanizzata su un corpo in tessuto (interno ed esterno) della parte in gomma. La parte esterna \u00e8 resistente agli agenti atmosferici e protegge il tessuto dall&#8217;invecchiamento, dall&#8217;usura e dalla corrosione. L&#8217;interno della parte in gomma \u00e8 costituito da nitril-butadiene-caucci\u00f9 (NBR). Lo strato esterno \u00e8 una miscela di cloroprene\/gomma naturale (CR\/NR). Poich\u00e9 i compensatori sono dotati di labbri di serraggio su entrambi i lati, non sono necessarie ulteriori guarnizioni.<\/p>\n<p>\u00a0<\/p>\n","protected":false},"excerpt":{"rendered":"<p>SAE da 1\u2033 a 5\u2033 I compensatori in gomma sono connettori elastici con flange SAE girevoli. I compensatori sono utilizzati per smorzare oscillazioni, vibrazioni, rumori e movimenti in direzione assiale e trasversale. Design I compensatori in gomma hanno una superficie liscia vulcanizzata su un corpo in tessuto (interno ed esterno) della parte in gomma. La [&hellip;]<\/p>\n","protected":false},"author":2,"featured_media":0,"parent":3842,"menu_order":3,"comment_status":"closed","ping_status":"closed","template":"","meta":{"_expiration-date-status":"","_expiration-date":0,"_expiration-date-type":"","_expiration-date-categories":[],"_expiration-date-options":[]},"acf":[],"_links":{"self":[{"href":"https:\/\/www.asa-innovation.com\/it\/wp-json\/wp\/v2\/pages\/13342"}],"collection":[{"href":"https:\/\/www.asa-innovation.com\/it\/wp-json\/wp\/v2\/pages"}],"about":[{"href":"https:\/\/www.asa-innovation.com\/it\/wp-json\/wp\/v2\/types\/page"}],"author":[{"embeddable":true,"href":"https:\/\/www.asa-innovation.com\/it\/wp-json\/wp\/v2\/users\/2"}],"replies":[{"embeddable":true,"href":"https:\/\/www.asa-innovation.com\/it\/wp-json\/wp\/v2\/comments?post=13342"}],"version-history":[{"count":7,"href":"https:\/\/www.asa-innovation.com\/it\/wp-json\/wp\/v2\/pages\/13342\/revisions"}],"predecessor-version":[{"id":18225,"href":"https:\/\/www.asa-innovation.com\/it\/wp-json\/wp\/v2\/pages\/13342\/revisions\/18225"}],"up":[{"embeddable":true,"href":"https:\/\/www.asa-innovation.com\/it\/wp-json\/wp\/v2\/pages\/3842"}],"wp:attachment":[{"href":"https:\/\/www.asa-innovation.com\/it\/wp-json\/wp\/v2\/media?parent=13342"}],"curies":[{"name":"wp","href":"https:\/\/api.w.org\/{rel}","templated":true}]}}