{"id":3754,"date":"2019-08-01T08:54:38","date_gmt":"2019-08-01T06:54:38","guid":{"rendered":"http:\/\/www.asa-innovation.com\/?page_id=3754"},"modified":"2025-03-26T12:49:47","modified_gmt":"2025-03-26T11:49:47","slug":"gamma-standard","status":"publish","type":"page","link":"https:\/\/www.asa-innovation.com\/it\/sistemi-termici\/scambiatori-olio-aria-2\/gamma-standard\/","title":{"rendered":"Gamma Standard"},"content":{"rendered":"<p>Grazie al nostro ampio ventaglio di scambiatori di calore olio\/aria, alla loro elevata resistenza alla pressione e ai rapidi tempi di consegna, i nostri sistemi termici continuano a dettare le tendenze del mercato.<\/p>\n<p>I grandi vantaggi offerti dal nostro bypass interno, dai sistemi di controllo delle ventole, nonch\u00e9 dall\u2019elevata tolleranza anche all\u2019aria di ambienti particolarmente contaminati, sono noti in tutto il mondo e sfruttati in vari campi applicativi.<\/p>\n<p style=\"font-style: inherit; font-weight: inherit;\">Le nostre non sono semplici masse radianti, ma sistemi termici intelligenti e arricchiti dalla versatilit\u00e0 e flessibilit\u00e0 offerte dalle nostre connessioni idrauliche brevettate. Questo \u00e8 un ulteriore valore aggiunto che va a completare i nostri prodotti, pensati per garantire le migliori prestazioni anche nelle condizioni di spazio pi\u00f9 ridotte.<\/p>\n","protected":false},"excerpt":{"rendered":"<p>Grazie al nostro ampio ventaglio di scambiatori di calore olio\/aria, alla loro elevata resistenza alla pressione e ai rapidi tempi di consegna, i nostri sistemi termici continuano a dettare le tendenze del mercato. I grandi vantaggi offerti dal nostro bypass interno, dai sistemi di controllo delle ventole, nonch\u00e9 dall\u2019elevata tolleranza anche all\u2019aria di ambienti particolarmente [&hellip;]<\/p>\n","protected":false},"author":2,"featured_media":0,"parent":13230,"menu_order":1,"comment_status":"closed","ping_status":"closed","template":"","meta":{"_expiration-date-status":"","_expiration-date":0,"_expiration-date-type":"","_expiration-date-categories":[],"_expiration-date-options":[]},"acf":[],"_links":{"self":[{"href":"https:\/\/www.asa-innovation.com\/it\/wp-json\/wp\/v2\/pages\/3754"}],"collection":[{"href":"https:\/\/www.asa-innovation.com\/it\/wp-json\/wp\/v2\/pages"}],"about":[{"href":"https:\/\/www.asa-innovation.com\/it\/wp-json\/wp\/v2\/types\/page"}],"author":[{"embeddable":true,"href":"https:\/\/www.asa-innovation.com\/it\/wp-json\/wp\/v2\/users\/2"}],"replies":[{"embeddable":true,"href":"https:\/\/www.asa-innovation.com\/it\/wp-json\/wp\/v2\/comments?post=3754"}],"version-history":[{"count":7,"href":"https:\/\/www.asa-innovation.com\/it\/wp-json\/wp\/v2\/pages\/3754\/revisions"}],"predecessor-version":[{"id":24494,"href":"https:\/\/www.asa-innovation.com\/it\/wp-json\/wp\/v2\/pages\/3754\/revisions\/24494"}],"up":[{"embeddable":true,"href":"https:\/\/www.asa-innovation.com\/it\/wp-json\/wp\/v2\/pages\/13230"}],"wp:attachment":[{"href":"https:\/\/www.asa-innovation.com\/it\/wp-json\/wp\/v2\/media?parent=3754"}],"curies":[{"name":"wp","href":"https:\/\/api.w.org\/{rel}","templated":true}]}}