{"id":3762,"date":"2019-08-01T10:22:13","date_gmt":"2019-08-01T08:22:13","guid":{"rendered":"http:\/\/www.asa-innovation.com\/?page_id=3762"},"modified":"2025-11-18T09:08:32","modified_gmt":"2025-11-18T08:08:32","slug":"gamma-speciale","status":"publish","type":"page","link":"https:\/\/www.asa-innovation.com\/it\/sistemi-termici\/scambiatori-olio-aria-2\/gamma-speciale\/","title":{"rendered":"Gamma Speciale"},"content":{"rendered":"<p><span style=\"font-family: verdana, geneva, sans-serif;\">La nostra visione aziendale globale richiede che i nostri impianti di produzione soddisfino gli standard pi\u00f9 elevati. I nostri macchinari e i processi produttivi sono i pi\u00f9 avanzati. Inoltre, aumentiamo costantemente il livello di automazione e di qualit\u00e0. Ci\u00f2 garantisce un sostegno adeguato alla ricerca e allo sviluppo, nonch\u00e9 ai progetti personalizzati.<\/span><\/p>\n<p><span style=\"font-family: verdana, geneva, sans-serif;\">In ASA, calcoliamo, testiamo e offriamo soluzioni complete di raffreddamento termico per qualsiasi applicazione. Si potranno trovare maggiori informazioni riguardo ai nostri sviluppi ingegneristici e le nostre soluzioni tecniche ai temi trattati in questa sezione.<\/span><\/p>\n<p><span style=\"font-size: 14pt; color: #00a7e3;\"><strong><span style=\"color: #00a7e3; font-family: verdana, geneva, sans-serif;\"><span style=\"text-decoration: underline;\"><a style=\"color: #00a7e3; text-decoration: underline;\" href=\"http:\/\/www.asa-innovation.com\/wp-content\/uploads\/2017\/12\/ASA-Special-Ranges-2019.pdf\" target=\"_blank\" rel=\"noopener noreferrer\">catalogo completamento\u00a0s<\/a>caricato<\/span><\/span><\/strong><\/span><\/p>\n","protected":false},"excerpt":{"rendered":"<p>La nostra visione aziendale globale richiede che i nostri impianti di produzione soddisfino gli standard pi\u00f9 elevati. I nostri macchinari e i processi produttivi sono i pi\u00f9 avanzati. Inoltre, aumentiamo costantemente il livello di automazione e di qualit\u00e0. Ci\u00f2 garantisce un sostegno adeguato alla ricerca e allo sviluppo, nonch\u00e9 ai progetti personalizzati. In ASA, calcoliamo, [&hellip;]<\/p>\n","protected":false},"author":2,"featured_media":0,"parent":13230,"menu_order":3,"comment_status":"closed","ping_status":"closed","template":"","meta":{"_expiration-date-status":"","_expiration-date":1764058102,"_expiration-date-type":"draft","_expiration-date-categories":[],"_expiration-date-options":[]},"acf":[],"_links":{"self":[{"href":"https:\/\/www.asa-innovation.com\/it\/wp-json\/wp\/v2\/pages\/3762"}],"collection":[{"href":"https:\/\/www.asa-innovation.com\/it\/wp-json\/wp\/v2\/pages"}],"about":[{"href":"https:\/\/www.asa-innovation.com\/it\/wp-json\/wp\/v2\/types\/page"}],"author":[{"embeddable":true,"href":"https:\/\/www.asa-innovation.com\/it\/wp-json\/wp\/v2\/users\/2"}],"replies":[{"embeddable":true,"href":"https:\/\/www.asa-innovation.com\/it\/wp-json\/wp\/v2\/comments?post=3762"}],"version-history":[{"count":13,"href":"https:\/\/www.asa-innovation.com\/it\/wp-json\/wp\/v2\/pages\/3762\/revisions"}],"predecessor-version":[{"id":36892,"href":"https:\/\/www.asa-innovation.com\/it\/wp-json\/wp\/v2\/pages\/3762\/revisions\/36892"}],"up":[{"embeddable":true,"href":"https:\/\/www.asa-innovation.com\/it\/wp-json\/wp\/v2\/pages\/13230"}],"wp:attachment":[{"href":"https:\/\/www.asa-innovation.com\/it\/wp-json\/wp\/v2\/media?parent=3762"}],"curies":[{"name":"wp","href":"https:\/\/api.w.org\/{rel}","templated":true}]}}