{"id":3845,"date":"2019-08-02T09:10:01","date_gmt":"2019-08-02T07:10:01","guid":{"rendered":"http:\/\/www.asa-innovation.com\/?page_id=3845"},"modified":"2024-08-27T11:54:50","modified_gmt":"2024-08-27T09:54:50","slug":"giunti-di-dilatazione","status":"publish","type":"page","link":"https:\/\/www.asa-innovation.com\/it\/tecnologia-di-connessione\/tecnologia-di-assorbimento-delle-vibrazioni\/giunti-di-dilatazione\/","title":{"rendered":"Giunti di dilatazione"},"content":{"rendered":"<p><span style=\"font-family: verdana, geneva, sans-serif;\">La gamma di giunti di dilatazione o compensatori ASA si sviluppa come un design ad alte prestazioni con capacit\u00e0 molto flessibili e di lunga durata. Il suo design \u00e8 caratterizzato dalle flange pi\u00f9 compatte, da un&#8217;ottima riduzione del rumore e assorbimento delle vibrazioni, nonch\u00e9 da un&#8217;elevata tolleranza ai movimenti in tutte le direzioni.<\/span><\/p>\n","protected":false},"excerpt":{"rendered":"<p>La gamma di giunti di dilatazione o compensatori ASA si sviluppa come un design ad alte prestazioni con capacit\u00e0 molto flessibili e di lunga durata. Il suo design \u00e8 caratterizzato dalle flange pi\u00f9 compatte, da un&#8217;ottima riduzione del rumore e assorbimento delle vibrazioni, nonch\u00e9 da un&#8217;elevata tolleranza ai movimenti in tutte le direzioni.<\/p>\n","protected":false},"author":2,"featured_media":0,"parent":3842,"menu_order":4,"comment_status":"closed","ping_status":"closed","template":"","meta":{"_expiration-date-status":"","_expiration-date":1725357269,"_expiration-date-type":"draft","_expiration-date-categories":[],"_expiration-date-options":[]},"acf":[],"_links":{"self":[{"href":"https:\/\/www.asa-innovation.com\/it\/wp-json\/wp\/v2\/pages\/3845"}],"collection":[{"href":"https:\/\/www.asa-innovation.com\/it\/wp-json\/wp\/v2\/pages"}],"about":[{"href":"https:\/\/www.asa-innovation.com\/it\/wp-json\/wp\/v2\/types\/page"}],"author":[{"embeddable":true,"href":"https:\/\/www.asa-innovation.com\/it\/wp-json\/wp\/v2\/users\/2"}],"replies":[{"embeddable":true,"href":"https:\/\/www.asa-innovation.com\/it\/wp-json\/wp\/v2\/comments?post=3845"}],"version-history":[{"count":6,"href":"https:\/\/www.asa-innovation.com\/it\/wp-json\/wp\/v2\/pages\/3845\/revisions"}],"predecessor-version":[{"id":18254,"href":"https:\/\/www.asa-innovation.com\/it\/wp-json\/wp\/v2\/pages\/3845\/revisions\/18254"}],"up":[{"embeddable":true,"href":"https:\/\/www.asa-innovation.com\/it\/wp-json\/wp\/v2\/pages\/3842"}],"wp:attachment":[{"href":"https:\/\/www.asa-innovation.com\/it\/wp-json\/wp\/v2\/media?parent=3845"}],"curies":[{"name":"wp","href":"https:\/\/api.w.org\/{rel}","templated":true}]}}