{"id":3856,"date":"2019-08-02T09:47:46","date_gmt":"2019-08-02T07:47:46","guid":{"rendered":"http:\/\/www.asa-innovation.com\/?page_id=3856"},"modified":"2019-08-02T09:57:34","modified_gmt":"2019-08-02T07:57:34","slug":"valvole-a-farfalla-in-ghisa","status":"publish","type":"page","link":"https:\/\/www.asa-innovation.com\/it\/tecnologia-di-connessione\/valvole-a-farfalla\/valvole-a-farfalla-in-ghisa\/","title":{"rendered":"Valvole a farfalla in ghisa"},"content":{"rendered":"<p><strong><span style=\"font-family: verdana, geneva, sans-serif;\">Da SAE 1 \u00bd&#8221; a SAE 5&#8243;.<\/span><\/strong><\/p>\n<p><span style=\"font-family: verdana, geneva, sans-serif;\">La valvola a farfalla ASA con flange SAE e DIN consente la combinazione con un elemento elastico (giunto di espansione in gomma) per facilitare il collegamento all&#8217;ingresso della pompa in modo ottimale ed economico. La posizione della maniglia di bloccaggio pu\u00f2 essere modificata dal nostro nuovo sistema. La valvola pu\u00f2 essere chiusa ruotando la maniglia sia a destra che a sinistra. Si prega di notare che la valvola a farfalla pu\u00f2 essere aperta solo una volta montata a contatto con l&#8217;olio idraulico per consentire la lubrificazione. La flangia di adattamento deve essere saldata al serbatoio solo in modo isolato (la valvola a farfalla sar\u00e0 avvitata ad esso una volta saldata).<\/span><\/p>\n<p><img decoding=\"async\" loading=\"lazy\" class=\"alignnone  wp-image-3832\" src=\"http:\/\/www.asa-innovation.com\/wp-content\/uploads\/2019\/08\/SDA0080_neu-300x226.jpg\" alt=\"\" width=\"163\" height=\"123\" srcset=\"https:\/\/www.asa-innovation.com\/wp-content\/uploads\/2019\/08\/SDA0080_neu-300x226.jpg 300w, https:\/\/www.asa-innovation.com\/wp-content\/uploads\/2019\/08\/SDA0080_neu-768x580.jpg 768w, https:\/\/www.asa-innovation.com\/wp-content\/uploads\/2019\/08\/SDA0080_neu-1024x773.jpg 1024w\" sizes=\"(max-width: 163px) 100vw, 163px\" \/><\/p>\n<p><span style=\"color: #00a7e3; font-family: verdana, geneva, sans-serif;\"><a style=\"color: #00a7e3;\" href=\"http:\/\/www.asa-innovation.com\/wp-content\/uploads\/2019\/08\/DD-butterfly-flange-en-rev1.pdf\">Scheda tecnica<img decoding=\"async\" loading=\"lazy\" class=\"alignnone  wp-image-3694\" src=\"http:\/\/www.asa-innovation.com\/wp-content\/uploads\/2019\/08\/Download-Icon-263x300.jpg\" alt=\"\" width=\"132\" height=\"151\" srcset=\"https:\/\/www.asa-innovation.com\/wp-content\/uploads\/2019\/08\/Download-Icon-263x300.jpg 263w, https:\/\/www.asa-innovation.com\/wp-content\/uploads\/2019\/08\/Download-Icon-768x877.jpg 768w, https:\/\/www.asa-innovation.com\/wp-content\/uploads\/2019\/08\/Download-Icon.jpg 856w\" sizes=\"(max-width: 132px) 100vw, 132px\" \/><\/a>\u00a0 \u00a0<a style=\"color: #00a7e3;\" href=\"http:\/\/www.asa-innovation.com\/wp-content\/uploads\/2019\/08\/DM-butterfly-valves-manual-rev7.pdf\">Manual<img decoding=\"async\" loading=\"lazy\" class=\"alignnone  wp-image-3694\" src=\"http:\/\/www.asa-innovation.com\/wp-content\/uploads\/2019\/08\/Download-Icon-263x300.jpg\" alt=\"\" width=\"131\" height=\"150\" srcset=\"https:\/\/www.asa-innovation.com\/wp-content\/uploads\/2019\/08\/Download-Icon-263x300.jpg 263w, https:\/\/www.asa-innovation.com\/wp-content\/uploads\/2019\/08\/Download-Icon-768x877.jpg 768w, https:\/\/www.asa-innovation.com\/wp-content\/uploads\/2019\/08\/Download-Icon.jpg 856w\" sizes=\"(max-width: 131px) 100vw, 131px\" \/><\/a><\/span><\/p>\n","protected":false},"excerpt":{"rendered":"<p>Da SAE 1 \u00bd&#8221; a SAE 5&#8243;. La valvola a farfalla ASA con flange SAE e DIN consente la combinazione con un elemento elastico (giunto di espansione in gomma) per facilitare il collegamento all&#8217;ingresso della pompa in modo ottimale ed economico. La posizione della maniglia di bloccaggio pu\u00f2 essere modificata dal nostro nuovo sistema. La [&hellip;]<\/p>\n","protected":false},"author":2,"featured_media":0,"parent":3849,"menu_order":1,"comment_status":"closed","ping_status":"closed","template":"","meta":{"_expiration-date-status":"saved","_expiration-date":0,"_expiration-date-type":"","_expiration-date-categories":[],"_expiration-date-options":[]},"acf":[],"_links":{"self":[{"href":"https:\/\/www.asa-innovation.com\/it\/wp-json\/wp\/v2\/pages\/3856"}],"collection":[{"href":"https:\/\/www.asa-innovation.com\/it\/wp-json\/wp\/v2\/pages"}],"about":[{"href":"https:\/\/www.asa-innovation.com\/it\/wp-json\/wp\/v2\/types\/page"}],"author":[{"embeddable":true,"href":"https:\/\/www.asa-innovation.com\/it\/wp-json\/wp\/v2\/users\/2"}],"replies":[{"embeddable":true,"href":"https:\/\/www.asa-innovation.com\/it\/wp-json\/wp\/v2\/comments?post=3856"}],"version-history":[{"count":5,"href":"https:\/\/www.asa-innovation.com\/it\/wp-json\/wp\/v2\/pages\/3856\/revisions"}],"predecessor-version":[{"id":3862,"href":"https:\/\/www.asa-innovation.com\/it\/wp-json\/wp\/v2\/pages\/3856\/revisions\/3862"}],"up":[{"embeddable":true,"href":"https:\/\/www.asa-innovation.com\/it\/wp-json\/wp\/v2\/pages\/3849"}],"wp:attachment":[{"href":"https:\/\/www.asa-innovation.com\/it\/wp-json\/wp\/v2\/media?parent=3856"}],"curies":[{"name":"wp","href":"https:\/\/api.w.org\/{rel}","templated":true}]}}