{"id":3889,"date":"2019-08-19T09:28:50","date_gmt":"2019-08-19T07:28:50","guid":{"rendered":"http:\/\/www.asa-innovation.com\/?page_id=3889"},"modified":"2022-11-21T08:30:31","modified_gmt":"2022-11-21T07:30:31","slug":"controllo-dei-fluidi","status":"publish","type":"page","link":"https:\/\/www.asa-innovation.com\/it\/controllo-dei-fluidi\/","title":{"rendered":"Controllo dei Fluidi"},"content":{"rendered":"<p style=\"text-align: justify;\"><span style=\"font-family: verdana, geneva, sans-serif;\">Cerchiamo i mercati pi\u00f9 competitivi per dimostrare la nostra flessibilit\u00e0, lo spirito di innovazione e le nostre capacit\u00e0 di gruppo tecnologico. La produzione e l&#8217;immagazzinamento di energia e l&#8217;efficienza energetica sono i temi principali in quasi tutti i mercati e le applicazioni industriali. Ci\u00f2 richiede sistemi intelligenti, nonch\u00e9 l&#8217;offerta e la manutenzione di circuiti di raffreddamento e filtrazione. I nostri prodotti sono progettati con la massima versatilit\u00e0 e soddisfano le pi\u00f9 elevate esigenze tecniche.<\/span><\/p>\n","protected":false},"excerpt":{"rendered":"<p>Cerchiamo i mercati pi\u00f9 competitivi per dimostrare la nostra flessibilit\u00e0, lo spirito di innovazione e le nostre capacit\u00e0 di gruppo tecnologico. La produzione e l&#8217;immagazzinamento di energia e l&#8217;efficienza energetica sono i temi principali in quasi tutti i mercati e le applicazioni industriali. Ci\u00f2 richiede sistemi intelligenti, nonch\u00e9 l&#8217;offerta e la manutenzione di circuiti di [&hellip;]<\/p>\n","protected":false},"author":2,"featured_media":4002,"parent":0,"menu_order":0,"comment_status":"closed","ping_status":"closed","template":"","meta":{"_expiration-date-status":"saved","_expiration-date":0,"_expiration-date-type":"","_expiration-date-categories":[],"_expiration-date-options":[]},"acf":[],"_links":{"self":[{"href":"https:\/\/www.asa-innovation.com\/it\/wp-json\/wp\/v2\/pages\/3889"}],"collection":[{"href":"https:\/\/www.asa-innovation.com\/it\/wp-json\/wp\/v2\/pages"}],"about":[{"href":"https:\/\/www.asa-innovation.com\/it\/wp-json\/wp\/v2\/types\/page"}],"author":[{"embeddable":true,"href":"https:\/\/www.asa-innovation.com\/it\/wp-json\/wp\/v2\/users\/2"}],"replies":[{"embeddable":true,"href":"https:\/\/www.asa-innovation.com\/it\/wp-json\/wp\/v2\/comments?post=3889"}],"version-history":[{"count":10,"href":"https:\/\/www.asa-innovation.com\/it\/wp-json\/wp\/v2\/pages\/3889\/revisions"}],"predecessor-version":[{"id":14165,"href":"https:\/\/www.asa-innovation.com\/it\/wp-json\/wp\/v2\/pages\/3889\/revisions\/14165"}],"wp:featuredmedia":[{"embeddable":true,"href":"https:\/\/www.asa-innovation.com\/it\/wp-json\/wp\/v2\/media\/4002"}],"wp:attachment":[{"href":"https:\/\/www.asa-innovation.com\/it\/wp-json\/wp\/v2\/media?parent=3889"}],"curies":[{"name":"wp","href":"https:\/\/api.w.org\/{rel}","templated":true}]}}