{"id":3936,"date":"2019-08-20T08:29:48","date_gmt":"2019-08-20T06:29:48","guid":{"rendered":"http:\/\/www.asa-innovation.com\/?page_id=3936"},"modified":"2024-05-16T07:31:45","modified_gmt":"2024-05-16T05:31:45","slug":"sostenibilita","status":"publish","type":"page","link":"https:\/\/www.asa-innovation.com\/it\/chi-siamo\/sostenibilita\/","title":{"rendered":"Sostenibilit\u00e0"},"content":{"rendered":"<p><span style=\"font-family: verdana, geneva, sans-serif;\">Sostenibilit\u00e0 per noi significa la massima responsabilit\u00e0, sia in termini di ambiente e sicurezza sul lavoro, sia in termini di sviluppo dei dipendenti e di integrit\u00e0 finanziaria. Per essere un partner responsabile a lungo termine, si deve lavorare in conformit\u00e0 agli standard certificati e agli standard globali dell&#8217;ASA. L&#8217;organizzazione del gruppo e gli stessi centri ASA lavorano secondo il manuale di gestione per garantire la qualit\u00e0 in tutti i settori.<\/span><\/p>\n","protected":false},"excerpt":{"rendered":"<p>Sostenibilit\u00e0 per noi significa la massima responsabilit\u00e0, sia in termini di ambiente e sicurezza sul lavoro, sia in termini di sviluppo dei dipendenti e di integrit\u00e0 finanziaria. Per essere un partner responsabile a lungo termine, si deve lavorare in conformit\u00e0 agli standard certificati e agli standard globali dell&#8217;ASA. L&#8217;organizzazione del gruppo e gli stessi centri [&hellip;]<\/p>\n","protected":false},"author":2,"featured_media":0,"parent":3921,"menu_order":1,"comment_status":"closed","ping_status":"closed","template":"","meta":{"_expiration-date-status":"","_expiration-date":1716442289,"_expiration-date-type":"draft","_expiration-date-categories":[],"_expiration-date-options":[]},"acf":[],"_links":{"self":[{"href":"https:\/\/www.asa-innovation.com\/it\/wp-json\/wp\/v2\/pages\/3936"}],"collection":[{"href":"https:\/\/www.asa-innovation.com\/it\/wp-json\/wp\/v2\/pages"}],"about":[{"href":"https:\/\/www.asa-innovation.com\/it\/wp-json\/wp\/v2\/types\/page"}],"author":[{"embeddable":true,"href":"https:\/\/www.asa-innovation.com\/it\/wp-json\/wp\/v2\/users\/2"}],"replies":[{"embeddable":true,"href":"https:\/\/www.asa-innovation.com\/it\/wp-json\/wp\/v2\/comments?post=3936"}],"version-history":[{"count":12,"href":"https:\/\/www.asa-innovation.com\/it\/wp-json\/wp\/v2\/pages\/3936\/revisions"}],"predecessor-version":[{"id":17237,"href":"https:\/\/www.asa-innovation.com\/it\/wp-json\/wp\/v2\/pages\/3936\/revisions\/17237"}],"up":[{"embeddable":true,"href":"https:\/\/www.asa-innovation.com\/it\/wp-json\/wp\/v2\/pages\/3921"}],"wp:attachment":[{"href":"https:\/\/www.asa-innovation.com\/it\/wp-json\/wp\/v2\/media?parent=3936"}],"curies":[{"name":"wp","href":"https:\/\/api.w.org\/{rel}","templated":true}]}}