{"id":9894,"date":"2020-10-06T11:03:23","date_gmt":"2020-10-06T09:03:23","guid":{"rendered":"http:\/\/www.asa-innovation.com\/?page_id=9894"},"modified":"2022-02-15T10:15:19","modified_gmt":"2022-02-15T09:15:19","slug":"valvole-a-farfalla-in-acciao-inossidabile","status":"publish","type":"page","link":"https:\/\/www.asa-innovation.com\/it\/tecnologia-di-connessione\/valvole-a-farfalla\/valvole-a-farfalla-in-acciao-inossidabile\/","title":{"rendered":"Valvole a farfalla acciao inox"},"content":{"rendered":"\n<p>La soluzione di linea di aspirazione pi\u00f9 compatta \u00e8 ora disponibile in acciaio inossidabile! In questo modo si pu\u00f2 evitare di verniciare qualsiasi ulteriore protezione anticorrosione e si ottiene la migliore idoneit\u00e0 per applicazioni d\u00b4estrazione mineraria sotto la superficie, per ambienti aggressivi come gli impianti marini o chimici e per le centrali idrauliche ad alta durabilit\u00e1.<\/p>\n<p>\u00a0<\/p>\n<p>\u00a0<\/p>\n","protected":false},"excerpt":{"rendered":"<p>La soluzione di linea di aspirazione pi\u00f9 compatta \u00e8 ora disponibile in acciaio inossidabile! In questo modo si pu\u00f2 evitare di verniciare qualsiasi ulteriore protezione anticorrosione e si ottiene la migliore idoneit\u00e0 per applicazioni d\u00b4estrazione mineraria sotto la superficie, per ambienti aggressivi come gli impianti marini o chimici e per le centrali idrauliche ad alta [&hellip;]<\/p>\n","protected":false},"author":2,"featured_media":0,"parent":3849,"menu_order":3,"comment_status":"closed","ping_status":"closed","template":"","meta":{"_expiration-date-status":"saved","_expiration-date":0,"_expiration-date-type":"","_expiration-date-categories":[],"_expiration-date-options":[]},"acf":[],"_links":{"self":[{"href":"https:\/\/www.asa-innovation.com\/it\/wp-json\/wp\/v2\/pages\/9894"}],"collection":[{"href":"https:\/\/www.asa-innovation.com\/it\/wp-json\/wp\/v2\/pages"}],"about":[{"href":"https:\/\/www.asa-innovation.com\/it\/wp-json\/wp\/v2\/types\/page"}],"author":[{"embeddable":true,"href":"https:\/\/www.asa-innovation.com\/it\/wp-json\/wp\/v2\/users\/2"}],"replies":[{"embeddable":true,"href":"https:\/\/www.asa-innovation.com\/it\/wp-json\/wp\/v2\/comments?post=9894"}],"version-history":[{"count":13,"href":"https:\/\/www.asa-innovation.com\/it\/wp-json\/wp\/v2\/pages\/9894\/revisions"}],"predecessor-version":[{"id":13369,"href":"https:\/\/www.asa-innovation.com\/it\/wp-json\/wp\/v2\/pages\/9894\/revisions\/13369"}],"up":[{"embeddable":true,"href":"https:\/\/www.asa-innovation.com\/it\/wp-json\/wp\/v2\/pages\/3849"}],"wp:attachment":[{"href":"https:\/\/www.asa-innovation.com\/it\/wp-json\/wp\/v2\/media?parent=9894"}],"curies":[{"name":"wp","href":"https:\/\/api.w.org\/{rel}","templated":true}]}}